{"id":8,"date":"2022-05-25T10:44:28","date_gmt":"2022-05-25T08:44:28","guid":{"rendered":"https:\/\/tracingspaces.net\/wir-domenig\/?page_id=8"},"modified":"2025-08-18T15:33:41","modified_gmt":"2025-08-18T13:33:41","slug":"coming-up","status":"publish","type":"page","link":"https:\/\/tracingspaces.net\/wir-domenig\/","title":{"rendered":"Warum &#8222;Wir&#8220;"},"content":{"rendered":"[vc_row type=&#8220;in_container&#8220; full_screen_row_position=&#8220;middle&#8220; scene_position=&#8220;center&#8220; text_color=&#8220;dark&#8220; text_align=&#8220;left&#8220; overlay_strength=&#8220;0.3&#8243; shape_divider_position=&#8220;bottom&#8220;][vc_column column_padding=&#8220;no-extra-padding&#8220; column_padding_position=&#8220;all&#8220; background_color_opacity=&#8220;1&#8243; background_hover_color_opacity=&#8220;1&#8243; column_shadow=&#8220;none&#8220; column_border_radius=&#8220;none&#8220; width=&#8220;1\/1&#8243; tablet_text_alignment=&#8220;default&#8220; phone_text_alignment=&#8220;default&#8220; column_border_width=&#8220;none&#8220; column_border_style=&#8220;solid&#8220;]<div class=\"img-with-aniamtion-wrap center\" data-max-width=\"100%\" data-border-radius=\"none\"><div class=\"inner\"><img loading=\"lazy\" decoding=\"async\" data-shadow=\"none\" data-shadow-direction=\"middle\" class=\"img-with-animation \" data-delay=\"0\" height=\"792\" width=\"1200\" data-animation=\"fade-in\" src=\"https:\/\/tracingspaces.net\/wir-domenig\/wp-content\/uploads\/sites\/17\/2022\/05\/domenig_denkt_web.jpg\" srcset=\"https:\/\/tracingspaces.net\/wir-domenig\/wp-content\/uploads\/sites\/17\/2022\/05\/domenig_denkt_web.jpg 1200w, https:\/\/tracingspaces.net\/wir-domenig\/wp-content\/uploads\/sites\/17\/2022\/05\/domenig_denkt_web-300x198.jpg 300w, https:\/\/tracingspaces.net\/wir-domenig\/wp-content\/uploads\/sites\/17\/2022\/05\/domenig_denkt_web-1024x676.jpg 1024w, https:\/\/tracingspaces.net\/wir-domenig\/wp-content\/uploads\/sites\/17\/2022\/05\/domenig_denkt_web-768x507.jpg 768w\" sizes=\"auto, 100vw\" alt=\"\" \/><\/div><\/div>[\/vc_column][\/vc_row][vc_row type=&#8220;in_container&#8220; full_screen_row_position=&#8220;middle&#8220; scene_position=&#8220;center&#8220; text_color=&#8220;dark&#8220; text_align=&#8220;left&#8220; overlay_strength=&#8220;0.3&#8243; shape_divider_position=&#8220;bottom&#8220;][vc_column column_padding=&#8220;no-extra-padding&#8220; column_padding_position=&#8220;all&#8220; background_color_opacity=&#8220;1&#8243; background_hover_color_opacity=&#8220;1&#8243; column_shadow=&#8220;none&#8220; column_border_radius=&#8220;none&#8220; width=&#8220;1\/6&#8243; tablet_text_alignment=&#8220;default&#8220; phone_text_alignment=&#8220;default&#8220; column_border_width=&#8220;none&#8220; column_border_style=&#8220;solid&#8220;][\/vc_column][vc_column column_padding=&#8220;no-extra-padding&#8220; column_padding_position=&#8220;all&#8220; background_color_opacity=&#8220;1&#8243; background_hover_color_opacity=&#8220;1&#8243; column_shadow=&#8220;none&#8220; column_border_radius=&#8220;none&#8220; width=&#8220;2\/3&#8243; tablet_text_alignment=&#8220;default&#8220; phone_text_alignment=&#8220;default&#8220; column_border_width=&#8220;none&#8220; column_border_style=&#8220;solid&#8220;][vc_column_text]\n<h6 style=\"text-align: center;\"><span style=\"font-size: 10pt;\">Ein verzweifelter Versuch noch zu Lebzeiten dem Denken G\u00fcnther Domenigs auf die Spur zu kommen. Im Rahmen eines Kunst am Bau Projektes von Dietmar Tanterl f\u00fcr das LKH Bruck a.d. Mur 1992<\/span><\/h6>\n[\/vc_column_text][\/vc_column][vc_column column_padding=&#8220;no-extra-padding&#8220; column_padding_position=&#8220;all&#8220; background_color_opacity=&#8220;1&#8243; background_hover_color_opacity=&#8220;1&#8243; column_shadow=&#8220;none&#8220; column_border_radius=&#8220;none&#8220; width=&#8220;1\/6&#8243; tablet_text_alignment=&#8220;default&#8220; phone_text_alignment=&#8220;default&#8220; column_border_width=&#8220;none&#8220; column_border_style=&#8220;solid&#8220;][\/vc_column][\/vc_row][vc_row type=&#8220;in_container&#8220; full_screen_row_position=&#8220;middle&#8220; scene_position=&#8220;center&#8220; text_color=&#8220;dark&#8220; text_align=&#8220;left&#8220; overlay_strength=&#8220;0.3&#8243; shape_divider_position=&#8220;bottom&#8220;][vc_column column_padding=&#8220;no-extra-padding&#8220; column_padding_position=&#8220;all&#8220; background_color_opacity=&#8220;1&#8243; background_hover_color_opacity=&#8220;1&#8243; column_shadow=&#8220;none&#8220; column_border_radius=&#8220;none&#8220; width=&#8220;1\/1&#8243; tablet_text_alignment=&#8220;default&#8220; phone_text_alignment=&#8220;default&#8220; column_border_width=&#8220;none&#8220; column_border_style=&#8220;solid&#8220;]<div class=\"divider-wrap\"><div style=\"height: 30px;\" class=\"divider\"><\/div><\/div>[\/vc_column][\/vc_row][vc_row type=&#8220;in_container&#8220; full_screen_row_position=&#8220;middle&#8220; scene_position=&#8220;center&#8220; text_color=&#8220;dark&#8220; text_align=&#8220;left&#8220; overlay_strength=&#8220;0.3&#8243; shape_divider_position=&#8220;bottom&#8220;][vc_column column_padding=&#8220;no-extra-padding&#8220; column_padding_position=&#8220;all&#8220; background_color_opacity=&#8220;1&#8243; background_hover_color_opacity=&#8220;1&#8243; column_shadow=&#8220;none&#8220; column_border_radius=&#8220;none&#8220; width=&#8220;1\/1&#8243; tablet_text_alignment=&#8220;default&#8220; phone_text_alignment=&#8220;default&#8220; column_border_width=&#8220;none&#8220; column_border_style=&#8220;solid&#8220;][vc_column_text]\n<p style=\"text-align: center;\"><span style=\"font-size: 36pt;\">Wir G\u00fcnther Domenig<\/span><\/p>\n<p style=\"text-align: center;\"><span style=\"font-size: 14pt;\">Eine Korrektur<\/span><\/p>\n<p>&nbsp;<\/p>\n<p style=\"text-align: center;\"><span style=\"font-size: 14pt;\">22. Oktober 2022 bis 12. Februar 2023<\/span><br \/>\n<span style=\"font-size: 14pt;\">kunst haus muerz<\/span><\/p>\n[\/vc_column_text][\/vc_column][\/vc_row][vc_row type=&#8220;in_container&#8220; full_screen_row_position=&#8220;middle&#8220; scene_position=&#8220;center&#8220; text_color=&#8220;dark&#8220; text_align=&#8220;left&#8220; overlay_strength=&#8220;0.3&#8243; shape_divider_position=&#8220;bottom&#8220;][vc_column column_padding=&#8220;no-extra-padding&#8220; column_padding_position=&#8220;all&#8220; background_color_opacity=&#8220;1&#8243; background_hover_color_opacity=&#8220;1&#8243; column_shadow=&#8220;none&#8220; column_border_radius=&#8220;none&#8220; width=&#8220;1\/1&#8243; tablet_text_alignment=&#8220;default&#8220; phone_text_alignment=&#8220;default&#8220; column_border_width=&#8220;none&#8220; column_border_style=&#8220;solid&#8220;]<div class=\"divider-wrap\"><div style=\"height: 30px;\" class=\"divider\"><\/div><\/div>[\/vc_column][\/vc_row][vc_row type=&#8220;in_container&#8220; full_screen_row_position=&#8220;middle&#8220; scene_position=&#8220;center&#8220; text_color=&#8220;dark&#8220; text_align=&#8220;left&#8220; overlay_strength=&#8220;0.3&#8243; shape_divider_position=&#8220;bottom&#8220;][vc_column column_padding=&#8220;no-extra-padding&#8220; column_padding_position=&#8220;all&#8220; background_color_opacity=&#8220;1&#8243; background_hover_color_opacity=&#8220;1&#8243; column_shadow=&#8220;none&#8220; column_border_radius=&#8220;none&#8220; width=&#8220;1\/1&#8243; tablet_text_alignment=&#8220;default&#8220; phone_text_alignment=&#8220;default&#8220; column_border_width=&#8220;none&#8220; column_border_style=&#8220;solid&#8220;][vc_column_text]\n<div>\n<div style=\"text-align: center;\">G\u00fcnther Domenigs herausragendes Talent komplexe skulpturale Architekturen zu erfinden, seine Obsession zur totalen Raumbeherrschung, seine Kampfkraft diese Ideen durchzusetzen \u2013 Kollateralsch\u00e4den inklusive \u2013 soll in dieser Ausstellung nicht in Frage gestellt werden.<\/div>\n<div style=\"text-align: center;\"><\/div>\n<div style=\"text-align: center;\">Er war dabei allerdings nicht alleine \u2013 G\u00fcnther Domenig waren viele. In G\u00fcnther Domenigs Arbeiten spiegeln sich 40 Jahre Architektur- und Kulturgeschichte (1964-2004) in unterschiedlichen Partnerschaften (mit Eilfried Huth, Hermann Eisenk\u00f6ck und Gerhard Wallner), sich wandelnde Stile und Entwurfspositionen (beginnend mit Brutalismus, Strukturalismus, organischen vegetabilen Zellstrukturen, usw.) sowie gesellschaftlichen Um- und Aufbruchssituationen, die auch seitens seiner (\u00f6ffentlichen und privaten) Auftraggeber*innen mitgetragen wurden.<\/div>\n<div style=\"text-align: center;\"><\/div>\n<div style=\"text-align: center;\">G\u00fcnther Domenig war zudem auch 20 Jahre Professor f\u00fcr Geb\u00e4udelehre an der Fakult\u00e4t f\u00fcr Architektur an der TU Graz (1980-2000), seine Pers\u00f6nlichkeit, seine aktionistische Veranlagung und sein Team haben Generationen von Studierenden beeinflusst. Die Professur wirkte aber auch auf Domenigs Arbeit als Architekt zur\u00fcck, sie verlieh ihm Status und Einfluss und erm\u00f6glichte ihm Zugriff auf Mitarbeiter*innen, die er aus dem Pool der talentiersten Studierenden rekrutiert hat.<\/div>\n<div style=\"text-align: center;\"><\/div>\n<div style=\"text-align: center;\">Das Wort WIR existierte in G\u00fcnther Domenigs Sprachgebrauch jedoch nicht. Gerade deshalb bietet diese Ausstellung eine fragmentarische Biographie und Werkgenese, die nicht die von ihm lacierten Legenden reproduziert sondern indirekt \u00fcber die Erfahrungen und Erz\u00e4hlungen jener rekonstruiert wird, die zur Umsetzung der Projekte ma\u00dfgeblich beigetragen haben, die von G\u00fcnther Domenigs Arbeit inspiriert worden sind, sich mitunter aber auch von ihm abgewandt haben oder von ihm versto\u00dfen wurden.<\/div>\n<div style=\"text-align: center;\"><\/div>\n<\/div>\n<div style=\"text-align: center;\">Michael Zinganel, Kurator<\/div>\n[\/vc_column_text][\/vc_column][\/vc_row][vc_row type=&#8220;in_container&#8220; full_screen_row_position=&#8220;middle&#8220; scene_position=&#8220;center&#8220; text_color=&#8220;dark&#8220; text_align=&#8220;left&#8220; overlay_strength=&#8220;0.3&#8243; shape_divider_position=&#8220;bottom&#8220;][vc_column column_padding=&#8220;no-extra-padding&#8220; column_padding_position=&#8220;all&#8220; background_color_opacity=&#8220;1&#8243; background_hover_color_opacity=&#8220;1&#8243; column_shadow=&#8220;none&#8220; column_border_radius=&#8220;none&#8220; width=&#8220;1\/1&#8243; tablet_text_alignment=&#8220;default&#8220; phone_text_alignment=&#8220;default&#8220; column_border_width=&#8220;none&#8220; column_border_style=&#8220;solid&#8220;]<div class=\"divider-wrap\"><div style=\"height: 30px;\" class=\"divider\"><\/div><\/div>[\/vc_column][\/vc_row][vc_row type=&#8220;in_container&#8220; full_screen_row_position=&#8220;middle&#8220; scene_position=&#8220;center&#8220; text_color=&#8220;dark&#8220; text_align=&#8220;left&#8220; overlay_strength=&#8220;0.3&#8243; shape_divider_position=&#8220;bottom&#8220;][vc_column column_padding=&#8220;no-extra-padding&#8220; column_padding_position=&#8220;all&#8220; background_color_opacity=&#8220;1&#8243; background_hover_color_opacity=&#8220;1&#8243; column_shadow=&#8220;none&#8220; column_border_radius=&#8220;none&#8220; width=&#8220;1\/1&#8243; tablet_text_alignment=&#8220;default&#8220; phone_text_alignment=&#8220;default&#8220; column_border_width=&#8220;none&#8220; column_border_style=&#8220;solid&#8220;][vc_column_text]\n<div style=\"text-align: center;\"><span style=\"font-size: 36pt;\">We G\u00fcnther Domenig<\/span><\/div>\n<div style=\"text-align: center;\"><\/div>\n<div style=\"text-align: center;\"><span style=\"font-size: 14pt;\">A correction<\/span><\/div>\n<div style=\"text-align: center;\"><\/div>\n<div style=\"text-align: center;\"><\/div>\n<div style=\"text-align: center;\"><span style=\"font-size: 14pt;\">Exhibition at kunsthaus muerz<\/span><br \/>\n<span style=\"font-size: 14pt;\">October 22, 2022 until February 12, 2023<\/span><\/div>\n[\/vc_column_text][\/vc_column][\/vc_row][vc_row type=&#8220;in_container&#8220; full_screen_row_position=&#8220;middle&#8220; scene_position=&#8220;center&#8220; text_color=&#8220;dark&#8220; text_align=&#8220;left&#8220; overlay_strength=&#8220;0.3&#8243; shape_divider_position=&#8220;bottom&#8220;][vc_column column_padding=&#8220;no-extra-padding&#8220; column_padding_position=&#8220;all&#8220; background_color_opacity=&#8220;1&#8243; background_hover_color_opacity=&#8220;1&#8243; column_shadow=&#8220;none&#8220; column_border_radius=&#8220;none&#8220; width=&#8220;1\/1&#8243; tablet_text_alignment=&#8220;default&#8220; phone_text_alignment=&#8220;default&#8220; column_border_width=&#8220;none&#8220; column_border_style=&#8220;solid&#8220;][vc_column_text]\n<div>\n<div style=\"text-align: center;\">G\u00fcnther Domenig&#8217;s outstanding talent for inventing complex sculptural architectures, his obsession with total control of space, his fighting power to enforce these ideas &#8211; collateral damage included &#8211; is not to be questioned in this exhibition.<\/div>\n<div style=\"text-align: center;\">He was not alone in his ambitions, however &#8211; G\u00fcnther Domenig was many. G\u00fcnther Domenig&#8217;s works reflect 40 years of architectural and cultural history (1964-2004) in various partnerships (with Eilfried Huth, Hermann Eisenk\u00f6ck and Gerhard Wallner), changing styles and design positions (starting with Brutalism, Structuralism, organic vegetal cell structures, etc.) as well as social upheavals, which were also supported by his (public and private) clients.<\/div>\n<div style=\"text-align: center;\">G\u00fcnther Domenig was also a professor of building design at the Faculty of Architecture at the Graz University of Technology for 20 years (1980-2000); his personality, his actionist disposition and his team have influenced generations of students. But the professorship also impacted Domenig&#8217;s work as an architect, giving him status and influence and access to collaborators he recruited from the pool of the most talented students.<\/div>\n<div style=\"text-align: center;\">However, the word WE did not exist in G\u00fcnther Domenig&#8217;s vocabulary. For this very reason, this exhibition offers a fragmentary biography and genesis of works that does not reproduce the legends he propagated but is reconstructed indirectly through the experiences and narratives of those who contributed significantly to the implementation of the projects, who were inspired by G\u00fcnther Domenig&#8217;s work, but who also turned away from him or were repudiated by him.<\/div>\n<div style=\"text-align: center;\"><\/div>\n<div style=\"text-align: center;\">Michael Zinganel, curator<\/div>\n<\/div>\n[\/vc_column_text][\/vc_column][\/vc_row][vc_row type=&#8220;in_container&#8220; full_screen_row_position=&#8220;middle&#8220; scene_position=&#8220;center&#8220; text_color=&#8220;dark&#8220; text_align=&#8220;left&#8220; overlay_strength=&#8220;0.3&#8243; shape_divider_position=&#8220;bottom&#8220;][vc_column column_padding=&#8220;no-extra-padding&#8220; column_padding_position=&#8220;all&#8220; background_color_opacity=&#8220;1&#8243; background_hover_color_opacity=&#8220;1&#8243; column_shadow=&#8220;none&#8220; column_border_radius=&#8220;none&#8220; width=&#8220;1\/1&#8243; tablet_text_alignment=&#8220;default&#8220; phone_text_alignment=&#8220;default&#8220; column_border_width=&#8220;none&#8220; column_border_style=&#8220;solid&#8220;]<div class=\"divider-wrap\"><div style=\"height: 30px;\" class=\"divider\"><\/div><\/div>[\/vc_column][\/vc_row][vc_row type=&#8220;in_container&#8220; full_screen_row_position=&#8220;middle&#8220; scene_position=&#8220;center&#8220; text_color=&#8220;dark&#8220; text_align=&#8220;left&#8220; overlay_strength=&#8220;0.3&#8243; shape_divider_position=&#8220;bottom&#8220;][vc_column column_padding=&#8220;no-extra-padding&#8220; column_padding_position=&#8220;all&#8220; background_color_opacity=&#8220;1&#8243; background_hover_color_opacity=&#8220;1&#8243; column_shadow=&#8220;none&#8220; column_border_radius=&#8220;none&#8220; width=&#8220;1\/1&#8243; tablet_text_alignment=&#8220;default&#8220; phone_text_alignment=&#8220;default&#8220; column_border_width=&#8220;none&#8220; column_border_style=&#8220;solid&#8220;]<div class=\"img-with-aniamtion-wrap \" data-max-width=\"100%\" data-border-radius=\"none\"><div class=\"inner\"><img loading=\"lazy\" decoding=\"async\" data-shadow=\"none\" data-shadow-direction=\"middle\" class=\"img-with-animation \" data-delay=\"0\" height=\"1067\" width=\"1600\" data-animation=\"fade-in\" src=\"https:\/\/tracingspaces.net\/wir-domenig\/wp-content\/uploads\/sites\/17\/2022\/11\/59A6568web.jpg\" srcset=\"https:\/\/tracingspaces.net\/wir-domenig\/wp-content\/uploads\/sites\/17\/2022\/11\/59A6568web.jpg 1600w, https:\/\/tracingspaces.net\/wir-domenig\/wp-content\/uploads\/sites\/17\/2022\/11\/59A6568web-300x200.jpg 300w, https:\/\/tracingspaces.net\/wir-domenig\/wp-content\/uploads\/sites\/17\/2022\/11\/59A6568web-1024x683.jpg 1024w, https:\/\/tracingspaces.net\/wir-domenig\/wp-content\/uploads\/sites\/17\/2022\/11\/59A6568web-768x512.jpg 768w, https:\/\/tracingspaces.net\/wir-domenig\/wp-content\/uploads\/sites\/17\/2022\/11\/59A6568web-1536x1024.jpg 1536w, https:\/\/tracingspaces.net\/wir-domenig\/wp-content\/uploads\/sites\/17\/2022\/11\/59A6568web-900x600.jpg 900w\" sizes=\"auto, 100vw\" alt=\"\" \/><\/div><\/div>[\/vc_column][\/vc_row][vc_row type=&#8220;in_container&#8220; full_screen_row_position=&#8220;middle&#8220; scene_position=&#8220;center&#8220; text_color=&#8220;dark&#8220; text_align=&#8220;left&#8220; overlay_strength=&#8220;0.3&#8243; shape_divider_position=&#8220;bottom&#8220;][vc_column column_padding=&#8220;no-extra-padding&#8220; column_padding_position=&#8220;all&#8220; background_color_opacity=&#8220;1&#8243; background_hover_color_opacity=&#8220;1&#8243; column_shadow=&#8220;none&#8220; column_border_radius=&#8220;none&#8220; width=&#8220;1\/1&#8243; tablet_text_alignment=&#8220;default&#8220; phone_text_alignment=&#8220;default&#8220; column_border_width=&#8220;none&#8220; column_border_style=&#8220;solid&#8220;][vc_column_text]\n<p style=\"text-align: center;\"><span style=\"font-size: 14pt;\">WIR\u00a0G\u00dcNTHER DOMENIG<\/span><\/p>\n<p style=\"text-align: center;\">Kurator:\u00a0Michael Zinganel<br \/>\nIdee:\u00a0Wolfdieter Dreibholz<br \/>\nOrganisation:\u00a0Ursula Horvath<\/p>\n<p style=\"text-align: center;\">Ausstellungsarchitektur:\u00a0Michael Hieslmair und Michael Zinganel, Tracing Spaces<br \/>\nTeam:\u00a0Daniel Bemberger, David Biegl, Ruslan Dimov, Michael Hieslmair, Johannes\u00a0Hofmann, Viola R\u00f6sch, Jan\u00a0Schiefermayr, Sophie Stockhammer, Max Weilacher<br \/>\nHaustechnik:\u00a0Christian Paar<\/p>\n<p style=\"text-align: center;\">Lektorat:\u00a0Brigitte Ott<br \/>\nGrafik: seite zwei, Stefan\u00a0Mayer, Carina Stella, Marcus Zoller<br \/>\nDruck: e.h. montagen<\/p>\n<p style=\"text-align: center;\">Fotograf*innen:<br \/>\nPaul Ott, Laszlo Pap, David\u00a0Schreyer,\u00a0Margherita\u00a0Spiluttini,\u00a0Helmut\u00a0Tezak, Gerald Zugmann Fotografie u. a.<\/p>\n<p style=\"text-align: center;\">Videos:<br \/>\nB\u00fcro Domenig Wallner, Christian\u00a0Fr\u00f6hlich, Museen der Stadt N\u00fcrnberg\u00a0und\u00a0Reiner Holzemer Film, ORF\u00a0TVthek<\/p>\n<p style=\"text-align: center;\">Modellbau Stadt Ragnitz:<br \/>\nPeter Kaschnig<\/p>\n<p style=\"text-align: center;\">Leihgeber*innen:<br \/>\nArchitektur\u00a0Consult ZT GmbH., Architekturzentrum Wien, Alfred Bramberger,\u00a0Collection FRAC\u00a0Centre-Val de Loire,\u00a0Matthias Castorph,\u00a0Institut\u00a0f\u00fcr Entwerfen im Bestand und Denkmalpflege, TU Graz,\u00a0Bernhard Copony, Domenig\u00a0Dimensional, Hermann Eisenk\u00f6ck,\u00a0Eva Frank, Hans Gangoly, Horst Gerhard Haberl, Institut f\u00fcr Geb\u00e4udelehre, TU\u00a0Graz,\u00a0Christian Halm, Eilfried Huth, Andreas Lechner, Herbert Liska, Sammlung\u00a0Liaunig, Universit\u00e4tsbibliothek der TU Graz,\u00a0MAK \u2013 Museum f\u00fcr angewandte Kunst,\u00a0Museum Moderner Kunst K\u00e4rnten, Linda Pelzmann, Andreas Pulides, Steinhaus\u00a0G\u00fcnther\u00a0Domenig Privatstiftung, Gerhard Wallner,\u00a0Karin Wintscher-Zinganel,\u00a0Michael Zinganel<\/p>\n<p style=\"text-align: center;\">kunsthaus muerz<br \/>\nWiener\u00a0Stra\u00dfe 35, A-8680 M\u00fcrzzuschlag<br \/>\nGesch\u00e4ftsf\u00fchrung:\u00a0Ursula Horvath<\/p>\n<p style=\"text-align: center;\">Gef\u00f6rdert von:<br \/>\nStadtgemeinde M\u00fcrzzuschlag<br \/>\nDas Land Steiermark, Abteilung\u00a09, Kultur, Europa, Sport<br \/>\nDas Land Steiermark, Abteilung\u00a016, Verkehr und Landeshochbau<br \/>\nBundesministerium f\u00fcr Kunst,\u00a0Kultur, \u00f6ffentlichen Dienst und Sport<br \/>\nWEGRAZ<br \/>\nHEIDENBAUER<br \/>\nALUK\u00d6NIGSTAHL GmbH<br \/>\nPORR Bau GmbH<br \/>\nViktor Kaplan-Akademie f\u00fcr\u00a0Zukunftsenergien Muerz GmbH<\/p>\n<p style=\"text-align: center;\">Partner kunsthaus muerz:<br \/>\nKleine Zeitung<br \/>\nGRAWE Grazer\u00a0Wechselseitige Versicherung AG<\/p>\n[\/vc_column_text][\/vc_column][\/vc_row][vc_row type=&#8220;in_container&#8220; full_screen_row_position=&#8220;middle&#8220; scene_position=&#8220;center&#8220; text_color=&#8220;dark&#8220; text_align=&#8220;left&#8220; overlay_strength=&#8220;0.3&#8243; shape_divider_position=&#8220;bottom&#8220;][vc_column column_padding=&#8220;no-extra-padding&#8220; column_padding_position=&#8220;all&#8220; background_color_opacity=&#8220;1&#8243; background_hover_color_opacity=&#8220;1&#8243; column_shadow=&#8220;none&#8220; column_border_radius=&#8220;none&#8220; width=&#8220;1\/1&#8243; tablet_text_alignment=&#8220;default&#8220; phone_text_alignment=&#8220;default&#8220; column_border_width=&#8220;none&#8220; column_border_style=&#8220;solid&#8220;]<div class=\"divider-wrap\"><div style=\"height: 30px;\" class=\"divider\"><\/div><\/div>[\/vc_column][\/vc_row][vc_row type=&#8220;in_container&#8220; full_screen_row_position=&#8220;middle&#8220; scene_position=&#8220;center&#8220; text_color=&#8220;dark&#8220; text_align=&#8220;left&#8220; overlay_strength=&#8220;0.3&#8243; shape_divider_position=&#8220;bottom&#8220;][vc_column column_padding=&#8220;no-extra-padding&#8220; column_padding_position=&#8220;all&#8220; background_color_opacity=&#8220;1&#8243; background_hover_color_opacity=&#8220;1&#8243; column_shadow=&#8220;none&#8220; column_border_radius=&#8220;none&#8220; width=&#8220;1\/1&#8243; tablet_text_alignment=&#8220;default&#8220; phone_text_alignment=&#8220;default&#8220; column_border_width=&#8220;none&#8220; column_border_style=&#8220;solid&#8220;][vc_column_text]\n<p style=\"text-align: center;\">\u00d6ffnungszeiten: Donnerstag bis Samstag 10:00 \u2013 18:00 | Sonntag 10:00 \u2013 16:00<\/p>\n[\/vc_column_text][\/vc_column][\/vc_row]\n","protected":false},"excerpt":{"rendered":"<p>[vc_row type=&#8220;in_container&#8220; full_screen_row_position=&#8220;middle&#8220; scene_position=&#8220;center&#8220; text_color=&#8220;dark&#8220; text_align=&#8220;left&#8220; overlay_strength=&#8220;0.3&#8243; shape_divider_position=&#8220;bottom&#8220;][vc_column column_padding=&#8220;no-extra-padding&#8220; column_padding_position=&#8220;all&#8220; background_color_opacity=&#8220;1&#8243; background_hover_color_opacity=&#8220;1&#8243; column_shadow=&#8220;none&#8220; column_border_radius=&#8220;none&#8220; width=&#8220;1\/1&#8243; tablet_text_alignment=&#8220;default&#8220; phone_text_alignment=&#8220;default&#8220; column_border_width=&#8220;none&#8220; column_border_style=&#8220;solid&#8220;][\/vc_column][\/vc_row][vc_row type=&#8220;in_container&#8220; full_screen_row_position=&#8220;middle&#8220; scene_position=&#8220;center&#8220; text_color=&#8220;dark&#8220; text_align=&#8220;left&#8220; overlay_strength=&#8220;0.3&#8243; shape_divider_position=&#8220;bottom&#8220;][vc_column column_padding=&#8220;no-extra-padding&#8220; column_padding_position=&#8220;all&#8220; background_color_opacity=&#8220;1&#8243; background_hover_color_opacity=&#8220;1&#8243;&#8230;<\/p>\n","protected":false},"author":1,"featured_media":0,"parent":0,"menu_order":0,"comment_status":"closed","ping_status":"closed","template":"","meta":{"footnotes":""},"class_list":["post-8","page","type-page","status-publish"],"_links":{"self":[{"href":"https:\/\/tracingspaces.net\/wir-domenig\/wp-json\/wp\/v2\/pages\/8","targetHints":{"allow":["GET"]}}],"collection":[{"href":"https:\/\/tracingspaces.net\/wir-domenig\/wp-json\/wp\/v2\/pages"}],"about":[{"href":"https:\/\/tracingspaces.net\/wir-domenig\/wp-json\/wp\/v2\/types\/page"}],"author":[{"embeddable":true,"href":"https:\/\/tracingspaces.net\/wir-domenig\/wp-json\/wp\/v2\/users\/1"}],"replies":[{"embeddable":true,"href":"https:\/\/tracingspaces.net\/wir-domenig\/wp-json\/wp\/v2\/comments?post=8"}],"version-history":[{"count":34,"href":"https:\/\/tracingspaces.net\/wir-domenig\/wp-json\/wp\/v2\/pages\/8\/revisions"}],"predecessor-version":[{"id":212,"href":"https:\/\/tracingspaces.net\/wir-domenig\/wp-json\/wp\/v2\/pages\/8\/revisions\/212"}],"wp:attachment":[{"href":"https:\/\/tracingspaces.net\/wir-domenig\/wp-json\/wp\/v2\/media?parent=8"}],"curies":[{"name":"wp","href":"https:\/\/api.w.org\/{rel}","templated":true}]}}