{"id":213,"date":"2025-11-16T19:02:55","date_gmt":"2025-11-16T18:02:55","guid":{"rendered":"https:\/\/tracingspaces.net\/wir-domenig\/?page_id=213"},"modified":"2025-11-22T16:55:18","modified_gmt":"2025-11-22T15:55:18","slug":"das-buch","status":"publish","type":"page","link":"https:\/\/tracingspaces.net\/wir-domenig\/das-buch\/","title":{"rendered":"Das Buch"},"content":{"rendered":"[vc_row type=&#8220;in_container&#8220; full_screen_row_position=&#8220;middle&#8220; scene_position=&#8220;center&#8220; text_color=&#8220;dark&#8220; text_align=&#8220;left&#8220; overlay_strength=&#8220;0.3&#8243; shape_divider_position=&#8220;bottom&#8220;][vc_column column_padding=&#8220;no-extra-padding&#8220; column_padding_position=&#8220;all&#8220; background_color_opacity=&#8220;1&#8243; background_hover_color_opacity=&#8220;1&#8243; column_shadow=&#8220;none&#8220; column_border_radius=&#8220;none&#8220; width=&#8220;1\/1&#8243; tablet_text_alignment=&#8220;default&#8220; phone_text_alignment=&#8220;default&#8220; column_border_width=&#8220;none&#8220; column_border_style=&#8220;solid&#8220;][vc_gallery type=&#8220;nectarslider_style&#8220; images=&#8220;222,224,223,225,226,227,228&#8243; bullet_navigation=&#8220;true&#8220; bullet_navigation_style=&#8220;see_through&#8220; onclick=&#8220;link_image&#8220; img_size=&#8220;600&#215;700&#8243;][\/vc_column][\/vc_row][vc_row type=&#8220;in_container&#8220; full_screen_row_position=&#8220;middle&#8220; scene_position=&#8220;center&#8220; text_color=&#8220;dark&#8220; text_align=&#8220;left&#8220; overlay_strength=&#8220;0.3&#8243; shape_divider_position=&#8220;bottom&#8220;][vc_column column_padding=&#8220;no-extra-padding&#8220; column_padding_position=&#8220;all&#8220; background_color_opacity=&#8220;1&#8243; background_hover_color_opacity=&#8220;1&#8243; column_shadow=&#8220;none&#8220; column_border_radius=&#8220;none&#8220; width=&#8220;1\/1&#8243; tablet_text_alignment=&#8220;default&#8220; phone_text_alignment=&#8220;default&#8220; column_border_width=&#8220;none&#8220; column_border_style=&#8220;solid&#8220;][vc_column_text]\n<h3 style=\"text-align: center;\">Wir G\u00fcnther Domenig. Korrekturen einer Legende<\/h3>\n<p style=\"text-align: center;\">Herausgegeben von Wolfdieter Dreibholz und Michael Zinganel<\/p>\n<p style=\"text-align: center;\">erschien im November 2025 bei Park Books in dt. und engl. Ausgabe<br \/>\nBroschiert, 240 Seiten, 16 x 24 cm<br \/>\nDeutsche Ausgabe: ISBN 978-3-03860-454-9<\/p>\n<p style=\"text-align: center;\">Texte: Michael Zinganel<br \/>\nInterviews mit Volker Giencke und Eilfried Huth: Christian Fr\u00f6hlich und G\u00fcnther Koberg<\/p>\n<p style=\"text-align: center;\">Lektorat: Brigitte Ott<br \/>\n\u00dcbersetzung: Brian Dorsey<br \/>\nGestaltung: Atelier Dreibholz<\/p>\n<p style=\"text-align: center;\">Druck: Gerin-Holzhausen<\/p>\n[\/vc_column_text][\/vc_column][\/vc_row][vc_row type=&#8220;in_container&#8220; full_screen_row_position=&#8220;middle&#8220; scene_position=&#8220;center&#8220; text_color=&#8220;dark&#8220; text_align=&#8220;left&#8220; overlay_strength=&#8220;0.3&#8243; shape_divider_position=&#8220;bottom&#8220;][vc_column column_padding=&#8220;no-extra-padding&#8220; column_padding_position=&#8220;all&#8220; background_color_opacity=&#8220;1&#8243; background_hover_color_opacity=&#8220;1&#8243; column_shadow=&#8220;none&#8220; column_border_radius=&#8220;none&#8220; width=&#8220;1\/1&#8243; tablet_text_alignment=&#8220;default&#8220; phone_text_alignment=&#8220;default&#8220; column_border_width=&#8220;none&#8220; column_border_style=&#8220;solid&#8220;][vc_column_text]\n<p style=\"text-align: center;\">Wir G\u00fcnther Domenig ist der Versuch einer Korrektur tradierter Architekt:innen-Biografien am Beispiel des \u00d6sterreichers G\u00fcnther Domenig (1934-2012). Sein herausragendes Talent, komplexe skulpturale Architekturen zu erfinden, seine Obsession zur totalen Raumbeherrschung und seine Kampfkraft zur Durchsetzung dieser Ideen werden in diesem Buch nicht infrage gestellt.<\/p>\n<p style=\"text-align: center;\">Er war dabei allerdings nicht allein: G\u00fcnther Domenig waren viele! Sein Werdegang wird hier aus dem Blickwinkel von Auftraggeber:innen, Part-ner:innen, Mitarbeiter:innen und Beteiligten anderer Berufsfelder rekonstruiert. So wie sie von ihm inspiriert wurden, so haben sie umgekehrt auch die Person und den Architekten G\u00fcnther Domenig gepr\u00e4gt und in ihm einen Partner zur Umsetzung ihrer eigenen Visionen gesucht und gefunden.<br \/>\nDieses Buch stellt \u201eseine&#8220; Bauten und Projekte vor, erg\u00e4nzt mit Kurzbiografien und einer Reflexion der jeweiligen Rolle der wichtigsten Akteur:innen.<\/p>\n<p style=\"text-align: center;\">Ausf\u00fchrlich eingegangen wird zudem auf Domenigs Wirken als Professor an der Architekturfakult\u00e4t der Technischen Universit\u00e4t Graz (1980-2000), das seiner eigenen Karriere einen Schub verlieh und von einem flie\u00dfenden Personal- und Wissenstransfer in alle Richtungen gekennzeichnet war.<\/p>\n[\/vc_column_text][\/vc_column][\/vc_row][vc_row type=&#8220;in_container&#8220; full_screen_row_position=&#8220;middle&#8220; scene_position=&#8220;center&#8220; text_color=&#8220;dark&#8220; text_align=&#8220;center&#8220; overlay_strength=&#8220;0.3&#8243; shape_divider_position=&#8220;bottom&#8220; shape_type=&#8220;&#8220;][vc_column column_padding=&#8220;no-extra-padding&#8220; column_padding_position=&#8220;all&#8220; background_color_opacity=&#8220;1&#8243; background_hover_color_opacity=&#8220;1&#8243; column_shadow=&#8220;none&#8220; column_border_radius=&#8220;none&#8220; width=&#8220;1\/1&#8243; tablet_text_alignment=&#8220;default&#8220; phone_text_alignment=&#8220;default&#8220; column_border_width=&#8220;none&#8220; column_border_style=&#8220;solid&#8220;][nectar_btn size=&#8220;small&#8220; open_new_tab=&#8220;true&#8220; button_style=&#8220;see-through-2&#8243; hover_text_color_override=&#8220;#ffffff&#8220; icon_family=&#8220;none&#8220; url=&#8220;https:\/\/www.park-books.com\/produkt\/wir-guenther-domenig\/1683&#8243; text=&#8220;Deutsche Ausgabe bei Park Books bestellen&#8220;]<div class=\"divider-wrap\"><div style=\"height: 30px;\" class=\"divider\"><\/div><\/div>[\/vc_column][\/vc_row][vc_row type=&#8220;in_container&#8220; full_screen_row_position=&#8220;middle&#8220; scene_position=&#8220;center&#8220; text_color=&#8220;dark&#8220; text_align=&#8220;left&#8220; overlay_strength=&#8220;0.3&#8243; shape_divider_position=&#8220;bottom&#8220;][vc_column column_padding=&#8220;no-extra-padding&#8220; column_padding_position=&#8220;all&#8220; background_color_opacity=&#8220;1&#8243; background_hover_color_opacity=&#8220;1&#8243; column_shadow=&#8220;none&#8220; column_border_radius=&#8220;none&#8220; width=&#8220;1\/1&#8243; tablet_text_alignment=&#8220;default&#8220; phone_text_alignment=&#8220;default&#8220; column_border_width=&#8220;none&#8220; column_border_style=&#8220;solid&#8220;][vc_column_text]\n<h3 style=\"text-align: center;\">We G\u00fcnther Domenig. Reevaluation of an Architecture Legend<\/h3>\n<p style=\"text-align: center;\">Edited by Wolfdieter Dreibholz and Michael Zinganel<\/p>\n<p style=\"text-align: center;\">published in November 2025 at Park Books in a german and english edition<br \/>\nPaperback, 240 pages, 16 x 24 cm<br \/>\nenglish edition: ISBN 978-3-03860-455-6<\/p>\n<p style=\"text-align: center;\">Texta: Michael Zinganel<br \/>\nInterviews with Volker Giencke and Eilfried Huth: Christian Fr\u00f6hlich and G\u00fcnther Koberg<\/p>\n<p style=\"text-align: center;\">Copy Proof: Brigitte Ott<br \/>\nTranslation: Brian Dorsey<br \/>\nDesign: Atelier Dreibholz<\/p>\n<p style=\"text-align: center;\">Printed at Gerin-Holzhausen<\/p>\n[\/vc_column_text][\/vc_column][\/vc_row][vc_row type=&#8220;in_container&#8220; full_screen_row_position=&#8220;middle&#8220; scene_position=&#8220;center&#8220; text_color=&#8220;dark&#8220; text_align=&#8220;left&#8220; overlay_strength=&#8220;0.3&#8243; shape_divider_position=&#8220;bottom&#8220;][vc_column column_padding=&#8220;no-extra-padding&#8220; column_padding_position=&#8220;all&#8220; background_color_opacity=&#8220;1&#8243; background_hover_color_opacity=&#8220;1&#8243; column_shadow=&#8220;none&#8220; column_border_radius=&#8220;none&#8220; width=&#8220;1\/1&#8243; tablet_text_alignment=&#8220;default&#8220; phone_text_alignment=&#8220;default&#8220; column_border_width=&#8220;none&#8220; column_border_style=&#8220;solid&#8220;][vc_column_text]\n<p style=\"text-align: center;\"><em>We G\u00fcnther Domenig<\/em> is an attempt to revise conventional biographies of architects, using the example of the Austrian G\u00fcnther Domenig (1934\u20132012). His exceptional talent for designing complex, sculptural architecture, his obsession with total spatial control, and his relentless drive to implement these ideas are not called into question in this book.<\/p>\n<p style=\"text-align: center;\">However, he was not alone in these endeavors: There were many G\u00fcnther Domenigs! His career is reconstructed here from the perspectives of clients, partners, collaborators, and stakeholders from other professions. Just as they were inspired by him, they, in turn, influenced the person and the architect G\u00fcnther Domenig, seeking and finding in him an ally for realizing their own visions.<\/p>\n<p style=\"text-align: center;\">This publication presents \u201chis\u201d buildings and projects, complemented by short biographies and reflections on the role of the key individuals involved. It also provides a detailed examination of Domenig\u2019s work as a professor at the Faculty of Architecture of the Graz University of Technology (1980\u20132000), which boosted his own career and was characterized by a dynamic exchange of personnel and knowledge in all directions.<\/p>\n[\/vc_column_text][\/vc_column][\/vc_row][vc_row type=&#8220;in_container&#8220; full_screen_row_position=&#8220;middle&#8220; scene_position=&#8220;center&#8220; text_color=&#8220;dark&#8220; text_align=&#8220;center&#8220; overlay_strength=&#8220;0.3&#8243; shape_divider_position=&#8220;bottom&#8220; shape_type=&#8220;&#8220;][vc_column column_padding=&#8220;no-extra-padding&#8220; column_padding_position=&#8220;all&#8220; background_color_opacity=&#8220;1&#8243; background_hover_color_opacity=&#8220;1&#8243; column_shadow=&#8220;none&#8220; column_border_radius=&#8220;none&#8220; width=&#8220;1\/1&#8243; tablet_text_alignment=&#8220;default&#8220; phone_text_alignment=&#8220;default&#8220; column_border_width=&#8220;none&#8220; column_border_style=&#8220;solid&#8220;][nectar_btn size=&#8220;small&#8220; open_new_tab=&#8220;true&#8220; button_style=&#8220;see-through-2&#8243; hover_text_color_override=&#8220;#ffffff&#8220; icon_family=&#8220;none&#8220; url=&#8220;https:\/\/www.park-books.com\/en\/product\/we-guenther-domenig\/1684&#8243; text=&#8220;Order English Edition at Park Books&#8220;][\/vc_column][\/vc_row][vc_row type=&#8220;in_container&#8220; full_screen_row_position=&#8220;middle&#8220; scene_position=&#8220;center&#8220; text_color=&#8220;dark&#8220; text_align=&#8220;left&#8220; overlay_strength=&#8220;0.3&#8243; shape_divider_position=&#8220;bottom&#8220;][vc_column column_padding=&#8220;no-extra-padding&#8220; column_padding_position=&#8220;all&#8220; background_color_opacity=&#8220;1&#8243; background_hover_color_opacity=&#8220;1&#8243; column_shadow=&#8220;none&#8220; column_border_radius=&#8220;none&#8220; width=&#8220;1\/1&#8243; tablet_text_alignment=&#8220;default&#8220; phone_text_alignment=&#8220;default&#8220; column_border_width=&#8220;none&#8220; column_border_style=&#8220;solid&#8220;]<div class=\"divider-wrap\"><div style=\"height: 30px;\" class=\"divider\"><\/div><\/div>[\/vc_column][\/vc_row][vc_row type=&#8220;in_container&#8220; full_screen_row_position=&#8220;middle&#8220; scene_position=&#8220;center&#8220; text_color=&#8220;dark&#8220; text_align=&#8220;center&#8220; overlay_strength=&#8220;0.3&#8243; shape_divider_position=&#8220;bottom&#8220; shape_type=&#8220;&#8220;][vc_column column_padding=&#8220;no-extra-padding&#8220; column_padding_position=&#8220;all&#8220; background_color_opacity=&#8220;1&#8243; background_hover_color_opacity=&#8220;1&#8243; column_shadow=&#8220;none&#8220; column_border_radius=&#8220;none&#8220; width=&#8220;1\/1&#8243; tablet_text_alignment=&#8220;default&#8220; phone_text_alignment=&#8220;default&#8220; column_border_width=&#8220;none&#8220; column_border_style=&#8220;solid&#8220;]<div class=\"img-with-aniamtion-wrap \" data-max-width=\"100%\" data-border-radius=\"none\"><div class=\"inner\"><img loading=\"lazy\" decoding=\"async\" data-shadow=\"none\" data-shadow-direction=\"middle\" class=\"img-with-animation \" data-delay=\"0\" height=\"1080\" width=\"1920\" data-animation=\"fade-in\" src=\"https:\/\/tracingspaces.net\/wir-domenig\/wp-content\/uploads\/sites\/17\/2025\/11\/Mail-out_01_PD.jpg\" srcset=\"https:\/\/tracingspaces.net\/wir-domenig\/wp-content\/uploads\/sites\/17\/2025\/11\/Mail-out_01_PD.jpg 1920w, https:\/\/tracingspaces.net\/wir-domenig\/wp-content\/uploads\/sites\/17\/2025\/11\/Mail-out_01_PD-300x169.jpg 300w, https:\/\/tracingspaces.net\/wir-domenig\/wp-content\/uploads\/sites\/17\/2025\/11\/Mail-out_01_PD-1024x576.jpg 1024w, https:\/\/tracingspaces.net\/wir-domenig\/wp-content\/uploads\/sites\/17\/2025\/11\/Mail-out_01_PD-768x432.jpg 768w, https:\/\/tracingspaces.net\/wir-domenig\/wp-content\/uploads\/sites\/17\/2025\/11\/Mail-out_01_PD-1536x864.jpg 1536w\" sizes=\"auto, 100vw\" alt=\"\" \/><\/div><\/div>[\/vc_column][\/vc_row][vc_row type=&#8220;in_container&#8220; full_screen_row_position=&#8220;middle&#8220; scene_position=&#8220;center&#8220; text_color=&#8220;dark&#8220; text_align=&#8220;left&#8220; overlay_strength=&#8220;0.3&#8243; shape_divider_position=&#8220;bottom&#8220;][vc_column column_padding=&#8220;no-extra-padding&#8220; column_padding_position=&#8220;all&#8220; background_color_opacity=&#8220;1&#8243; background_hover_color_opacity=&#8220;1&#8243; column_shadow=&#8220;none&#8220; column_border_radius=&#8220;none&#8220; width=&#8220;1\/1&#8243; tablet_text_alignment=&#8220;default&#8220; phone_text_alignment=&#8220;default&#8220; column_border_width=&#8220;none&#8220; column_border_style=&#8220;solid&#8220;][vc_column_text]\n<div style=\"text-align: center;\">Einladung zur<\/div>\n<div style=\"text-align: center;\"><b>\u00a0<\/b><\/div>\n<h3 style=\"text-align: center;\"><b>Buchpr\u00e4sentation<\/b><\/h3>\n<h3 style=\"text-align: center;\"><b>WIR G\u00dcNTHER DOMENIG. Korrekturen einer Legende<\/b><\/h3>\n<div><\/div>\n<h3 style=\"text-align: center;\"><b>Mittwoch, 10.12.\u00a0<\/b><b>um 18 Uhr\u00a0<\/b><\/h3>\n<h3 style=\"text-align: center;\"><b>H\u00f6rsaal 1, <\/b><b>TU Graz,\u00a0<\/b><b>Rechbauerstrasse 12<\/b><b>\u00a0<\/b><\/h3>\n<div style=\"text-align: center;\"><\/div>\n<div style=\"text-align: center;\">einer der Wirkungsst\u00e4tten von G\u00fcnther Domenig, an der er von 1980 bis 2000 als streitbarer und umstrittener Professor t\u00e4tig war.<\/div>\n<div style=\"text-align: center;\"><\/div>\n<p style=\"text-align: center;\"><span class=\"lt-line-clamp__raw-line\">Begr\u00fc\u00dfung: Univ.Prof. Horst Bischof, Rektor der TU Graz<\/span><\/p>\n<p style=\"text-align: center;\">anschliessend Roundtable mit Zeitzeug*innen, die das sich \u00fcber 40 Jahre spannende Oeuvre des Architekten begeitet, unterst\u00fctzt oder erm\u00f6glicht haben.<\/p>\n<p style=\"text-align: center;\">\u2013 Volker Giencke (Student, Mitarbeiter vor, w\u00e4hrend und nach der Trennung von Eilfried Huth, insbesondere im Wiener B\u00fcro, Lehrbeautragter an der TU Graz und sp\u00e4ter selbst Professor in Innsbruck)<br \/>\n\u2013 Helmut Marko (mehrfacher Auftraggeber und Vermittler von Auftr\u00e4gen)<br \/>\n\u2013 Uli Tischler (l\u00e4ngst dienende Assistentin und Stv. Institutsvorsitzende am Institut f\u00fcr Geb\u00e4udelehre)<br \/>\n\u2013 Wolfdieter Dreibholz (Vertreter der Bauherren Bund und Land im Wirkungsbereich des Landes Steiermark, Mitherausgeber)<\/p>\n<p style=\"text-align: center;\">Moderation: Michael Zinganel (Student, Kurzzeitmitarbeiter im B\u00fcro und an Domenigs ehemaligem Instutut, Mitherausgeber und Autor des Buches)<\/p>\n<p style=\"text-align: center;\">Dank an das Dekanat der Fakult\u00e4t f\u00fcr Architektur<br \/>\nDie B\u00fccher werden ab 11.12. u.a. auch im HDA Graz erh\u00e4ltlich sein.<\/p>\n[\/vc_column_text][\/vc_column][\/vc_row]\n","protected":false},"excerpt":{"rendered":"<p>[vc_row type=&#8220;in_container&#8220; full_screen_row_position=&#8220;middle&#8220; scene_position=&#8220;center&#8220; text_color=&#8220;dark&#8220; text_align=&#8220;left&#8220; overlay_strength=&#8220;0.3&#8243; shape_divider_position=&#8220;bottom&#8220;][vc_column column_padding=&#8220;no-extra-padding&#8220; column_padding_position=&#8220;all&#8220; background_color_opacity=&#8220;1&#8243; background_hover_color_opacity=&#8220;1&#8243; column_shadow=&#8220;none&#8220; column_border_radius=&#8220;none&#8220; width=&#8220;1\/1&#8243; tablet_text_alignment=&#8220;default&#8220; phone_text_alignment=&#8220;default&#8220; column_border_width=&#8220;none&#8220; column_border_style=&#8220;solid&#8220;][vc_gallery type=&#8220;nectarslider_style&#8220; images=&#8220;222,224,223,225,226,227,228&#8243; bullet_navigation=&#8220;true&#8220; bullet_navigation_style=&#8220;see_through&#8220; onclick=&#8220;link_image&#8220; img_size=&#8220;600&#215;700&#8243;][\/vc_column][\/vc_row][vc_row type=&#8220;in_container&#8220; full_screen_row_position=&#8220;middle&#8220; scene_position=&#8220;center&#8220; text_color=&#8220;dark&#8220; text_align=&#8220;left&#8220;&#8230;<\/p>\n","protected":false},"author":1,"featured_media":0,"parent":0,"menu_order":0,"comment_status":"closed","ping_status":"closed","template":"","meta":{"footnotes":""},"class_list":["post-213","page","type-page","status-publish"],"_links":{"self":[{"href":"https:\/\/tracingspaces.net\/wir-domenig\/wp-json\/wp\/v2\/pages\/213","targetHints":{"allow":["GET"]}}],"collection":[{"href":"https:\/\/tracingspaces.net\/wir-domenig\/wp-json\/wp\/v2\/pages"}],"about":[{"href":"https:\/\/tracingspaces.net\/wir-domenig\/wp-json\/wp\/v2\/types\/page"}],"author":[{"embeddable":true,"href":"https:\/\/tracingspaces.net\/wir-domenig\/wp-json\/wp\/v2\/users\/1"}],"replies":[{"embeddable":true,"href":"https:\/\/tracingspaces.net\/wir-domenig\/wp-json\/wp\/v2\/comments?post=213"}],"version-history":[{"count":18,"href":"https:\/\/tracingspaces.net\/wir-domenig\/wp-json\/wp\/v2\/pages\/213\/revisions"}],"predecessor-version":[{"id":240,"href":"https:\/\/tracingspaces.net\/wir-domenig\/wp-json\/wp\/v2\/pages\/213\/revisions\/240"}],"wp:attachment":[{"href":"https:\/\/tracingspaces.net\/wir-domenig\/wp-json\/wp\/v2\/media?parent=213"}],"curies":[{"name":"wp","href":"https:\/\/api.w.org\/{rel}","templated":true}]}}