{"id":184,"date":"2024-01-20T17:19:30","date_gmt":"2024-01-20T16:19:30","guid":{"rendered":"https:\/\/tracingspaces.net\/wir-domenig\/?page_id=184"},"modified":"2025-08-18T15:31:12","modified_gmt":"2025-08-18T13:31:12","slug":"videoarchiv","status":"publish","type":"page","link":"https:\/\/tracingspaces.net\/wir-domenig\/videoarchiv\/","title":{"rendered":"Videoarchiv"},"content":{"rendered":"[vc_row type=&#8220;in_container&#8220; full_screen_row_position=&#8220;middle&#8220; scene_position=&#8220;center&#8220; text_color=&#8220;dark&#8220; text_align=&#8220;left&#8220; overlay_strength=&#8220;0.3&#8243; shape_divider_position=&#8220;bottom&#8220;][vc_column column_padding=&#8220;no-extra-padding&#8220; column_padding_position=&#8220;all&#8220; background_color_opacity=&#8220;1&#8243; background_hover_color_opacity=&#8220;1&#8243; column_shadow=&#8220;none&#8220; column_border_radius=&#8220;none&#8220; width=&#8220;1\/1&#8243; tablet_text_alignment=&#8220;default&#8220; phone_text_alignment=&#8220;default&#8220; column_border_width=&#8220;none&#8220; column_border_style=&#8220;solid&#8220;][vc_column_text]\n<div id=\"fws_65abb74cc1263\" class=\"wpb_row vc_row-fluid vc_row standard_section \" data-midnight=\"dark\" data-bg-mobile-hidden=\"\">\n<div class=\"col span_12 dark left\">\n<div class=\"vc_col-sm-12 wpb_column column_container vc_column_container col no-extra-padding instance-22\" data-border-radius=\"none\" data-shadow=\"none\" data-border-animation=\"\" data-border-animation-delay=\"\" data-border-width=\"none\" data-border-style=\"solid\" data-border-color=\"\" data-bg-cover=\"\" data-padding-pos=\"all\" data-has-bg-color=\"false\" data-bg-color=\"\" data-bg-opacity=\"1\" data-hover-bg=\"\" data-hover-bg-opacity=\"1\" data-animation=\"\" data-delay=\"0\">\n<div class=\"vc_column-inner\">\n<div class=\"wpb_wrapper\">\n<div class=\"wpb_text_column wpb_content_element \">\n<div class=\"wpb_wrapper\">\n<p style=\"text-align: center;\"><strong>Videoarchiv mit Videos aus der Ausstellung<\/strong><\/p>\n<p>&nbsp;<\/p>\n<p style=\"text-align: center;\">Ein Teil der Videos aus der Ausstellung kann hier zu Forschungszwecken dauerhaft nachgeh\u00f6rt und -gesehen werden. Wenn Sie auf die jeweiligen Titel der Videos (in blauer Farbe) klicken, \u00f6ffnet sich das Abspielprogramm.<\/p>\n<p style=\"text-align: center;\">Zur Aktivierung der Abspielfunktion ist jedoch aus rechtlichen Gr\u00fcnden die Einholung eines Passwords n\u00f6tig. Klicken Sie bitte auf den Button ganz unten senden Sie ein Email mit der Br\u00fcndung ihres Interesses an diesen Videos.<\/p>\n<p>&nbsp;<\/p>\n<p style=\"text-align: center;\">\u201e\u00dcber Domenig\u201c, Interviewserie von Christian Fr\u00f6hlich und G\u00fcnter Koberg,<br \/>\nproduziert f\u00fcr anl\u00e4sslich des 70. Geburtstages von G\u00fcnther Domenig an der TU Graz, 2004<\/p>\n<p style=\"text-align: center;\"><a href=\"https:\/\/vimeo.com\/904749676?share=copy\" target=\"_blank\" rel=\"noopener\">Volker Giencke, 37:49 min.<\/a><br \/>\nGiselbert Hoke, 37:04 min.<br \/>\n<a href=\"https:\/\/vimeo.com\/904756553?share=copy\" target=\"_blank\" rel=\"noopener\">Eilfried Huth, 59:20 min.<\/a><br \/>\nPeter Noever, 27:03 min.<br \/>\n<a href=\"https:\/\/vimeo.com\/904762523?share=copy\" target=\"_blank\" rel=\"noopener\">Walter Pichler, 41:14 min.<\/a><\/p>\n<\/div>\n<\/div>\n<\/div>\n<\/div>\n<\/div>\n<\/div>\n<\/div>\n<div id=\"fws_65abb74cc16a8\" class=\"wpb_row vc_row-fluid vc_row standard_section \" style=\"text-align: center;\" data-midnight=\"dark\" data-bg-mobile-hidden=\"\">\n<div class=\"row-bg-wrap instance-23\">\n<div class=\"inner-wrap\">\n<div class=\"row-bg \" data-color_overlay=\"\" data-color_overlay_2=\"\" data-gradient_direction=\"\" data-overlay_strength=\"0.3\" data-enable_gradient=\"false\"><\/div>\n<\/div>\n<\/div>\n<div class=\"col span_12 dark left\">\n<div class=\"vc_col-sm-12 wpb_column column_container vc_column_container col no-extra-padding instance-23\" data-border-radius=\"none\" data-shadow=\"none\" data-border-animation=\"\" data-border-animation-delay=\"\" data-border-width=\"none\" data-border-style=\"solid\" data-border-color=\"\" data-bg-cover=\"\" data-padding-pos=\"all\" data-has-bg-color=\"false\" data-bg-color=\"\" data-bg-opacity=\"1\" data-hover-bg=\"\" data-hover-bg-opacity=\"1\" data-animation=\"\" data-delay=\"0\">\n<div class=\"vc_column-inner\">\n<div class=\"wpb_wrapper\">\n<div class=\"divider-wrap\">\n<div class=\"divider\"><\/div>\n<\/div>\n<\/div>\n<\/div>\n<\/div>\n<\/div>\n<\/div>\n<div id=\"fws_65abb74cc1974\" class=\"wpb_row vc_row-fluid vc_row standard_section \" data-midnight=\"dark\" data-bg-mobile-hidden=\"\">\n<div class=\"row-bg-wrap instance-24\" style=\"text-align: center;\">\n<div class=\"inner-wrap\">\n<div class=\"row-bg \" data-color_overlay=\"\" data-color_overlay_2=\"\" data-gradient_direction=\"\" data-overlay_strength=\"0.3\" data-enable_gradient=\"false\"><\/div>\n<\/div>\n<\/div>\n<div class=\"col span_12 dark left\">\n<div class=\"vc_col-sm-12 wpb_column column_container vc_column_container col no-extra-padding instance-24\" data-border-radius=\"none\" data-shadow=\"none\" data-border-animation=\"\" data-border-animation-delay=\"\" data-border-width=\"none\" data-border-style=\"solid\" data-border-color=\"\" data-bg-cover=\"\" data-padding-pos=\"all\" data-has-bg-color=\"false\" data-bg-color=\"\" data-bg-opacity=\"1\" data-hover-bg=\"\" data-hover-bg-opacity=\"1\" data-animation=\"\" data-delay=\"0\">\n<div class=\"vc_column-inner\">\n<div class=\"wpb_wrapper\">\n<div class=\"wpb_text_column wpb_content_element \">\n<div class=\"wpb_wrapper\">\n<p style=\"text-align: center;\"><strong>ORF-TVthek<\/strong><\/p>\n<p style=\"text-align: center;\">Videos<\/p>\n<p style=\"text-align: center;\">trigon 67: \u201eNachtstudio \u2212 Trigon 67\u201c<br \/>\nORF-Sendung vom 12.10.1967, 127:41 min.<\/p>\n<p style=\"text-align: center;\"><a href=\"https:\/\/vimeo.com\/904774443?share=copy\" target=\"_blank\" rel=\"noopener\">Mehrzwecksaal der Schulschwestern: \u201e\u00d6sterreich-Bild am Sonntag \u2212 Perspektiven\u201c<\/a><br \/>\nORF-Sendung vom 4.3.1979, 24:32 min.<\/p>\n<p style=\"text-align: center;\">Architektur muss brennen: \u201e10 vor 10 \u2212 COOP HIMMELBLAU\u201c<br \/>\nORF-Sendung vom 8.1.1981, Ausschnitt 01:35 min.<\/p>\n<p style=\"text-align: center;\"><a href=\"https:\/\/vimeo.com\/904771209?share=copy\" target=\"_blank\" rel=\"noopener\">Installation im Schlo\u00dfbergstollen: \u201eArchitekturvision 1984 \u2212 Steirischer Herbst 1984\u201c<\/a><br \/>\nORF-Sendung vom 25.10.1984, 44:50 min.<\/p>\n<p style=\"text-align: center;\"><a href=\"https:\/\/vimeo.com\/904736669?share=copy\" target=\"_blank\" rel=\"noopener\">Das Steinhaus: \u201eKunst-St\u00fccke \u2212 Das Steinhaus \u2212 Architekturvisionen werden Wirklichkeit\u201c<\/a><br \/>\nORF-Sendung vom 6.1.1989, 45:12 min.<\/p>\n<p style=\"text-align: center;\">Wohnung f\u00fcr Linda Pelzmann: \u201eK\u00e4rnten heute \u2212 Star-Architekten\u201c<br \/>\nORF-Sendung vom 19.8.1993, 03:10 min.<\/p>\n<p>&nbsp;<\/p>\n<\/div>\n<p style=\"text-align: center;\"><a href=\"https:\/\/vimeo.com\/908362243?share=copy\" target=\"_blank\" rel=\"noopener\">John Surman, Steinhauskonzert, 13. Juli 1996<\/a><br \/>\n40:24 min.<\/p>\n<\/div>\n<\/div>\n<\/div>\n<\/div>\n<\/div>\n<\/div>\n[\/vc_column_text][\/vc_column][\/vc_row][vc_row type=&#8220;in_container&#8220; full_screen_row_position=&#8220;middle&#8220; scene_position=&#8220;center&#8220; text_color=&#8220;dark&#8220; text_align=&#8220;left&#8220; overlay_strength=&#8220;0.3&#8243; shape_divider_position=&#8220;bottom&#8220;][vc_column column_padding=&#8220;no-extra-padding&#8220; column_padding_position=&#8220;all&#8220; background_color_opacity=&#8220;1&#8243; background_hover_color_opacity=&#8220;1&#8243; column_shadow=&#8220;none&#8220; column_border_radius=&#8220;none&#8220; width=&#8220;1\/1&#8243; tablet_text_alignment=&#8220;default&#8220; phone_text_alignment=&#8220;default&#8220; column_border_width=&#8220;none&#8220; column_border_style=&#8220;solid&#8220;]<div class=\"divider-wrap\"><div style=\"height: 20px;\" class=\"divider\"><\/div><\/div>[\/vc_column][\/vc_row][vc_row type=&#8220;in_container&#8220; full_screen_row_position=&#8220;middle&#8220; scene_position=&#8220;center&#8220; text_color=&#8220;dark&#8220; text_align=&#8220;center&#8220; overlay_strength=&#8220;0.3&#8243; shape_divider_position=&#8220;bottom&#8220; shape_type=&#8220;&#8220;][vc_column column_padding=&#8220;no-extra-padding&#8220; column_padding_position=&#8220;all&#8220; background_color_opacity=&#8220;1&#8243; background_hover_color_opacity=&#8220;1&#8243; column_shadow=&#8220;none&#8220; column_border_radius=&#8220;none&#8220; width=&#8220;1\/1&#8243; tablet_text_alignment=&#8220;default&#8220; phone_text_alignment=&#8220;default&#8220; column_border_width=&#8220;none&#8220; column_border_style=&#8220;solid&#8220;][nectar_btn size=&#8220;small&#8220; open_new_tab=&#8220;true&#8220; button_style=&#8220;regular&#8220; button_color_2=&#8220;Accent-Color&#8220; icon_family=&#8220;none&#8220; url=&#8220;mailto: zinganel@mur.at&#8220; text=&#8220;Password anfordern&#8220;][\/vc_column][\/vc_row]\n","protected":false},"excerpt":{"rendered":"<p>[vc_row type=&#8220;in_container&#8220; full_screen_row_position=&#8220;middle&#8220; scene_position=&#8220;center&#8220; text_color=&#8220;dark&#8220; text_align=&#8220;left&#8220; overlay_strength=&#8220;0.3&#8243; shape_divider_position=&#8220;bottom&#8220;][vc_column column_padding=&#8220;no-extra-padding&#8220; column_padding_position=&#8220;all&#8220; background_color_opacity=&#8220;1&#8243; background_hover_color_opacity=&#8220;1&#8243; column_shadow=&#8220;none&#8220; column_border_radius=&#8220;none&#8220; width=&#8220;1\/1&#8243; tablet_text_alignment=&#8220;default&#8220; phone_text_alignment=&#8220;default&#8220; column_border_width=&#8220;none&#8220; column_border_style=&#8220;solid&#8220;][vc_column_text] Videoarchiv mit Videos aus der Ausstellung &nbsp; Ein Teil der Videos&#8230;<\/p>\n","protected":false},"author":1,"featured_media":0,"parent":0,"menu_order":0,"comment_status":"closed","ping_status":"closed","template":"","meta":{"footnotes":""},"class_list":["post-184","page","type-page","status-publish"],"_links":{"self":[{"href":"https:\/\/tracingspaces.net\/wir-domenig\/wp-json\/wp\/v2\/pages\/184","targetHints":{"allow":["GET"]}}],"collection":[{"href":"https:\/\/tracingspaces.net\/wir-domenig\/wp-json\/wp\/v2\/pages"}],"about":[{"href":"https:\/\/tracingspaces.net\/wir-domenig\/wp-json\/wp\/v2\/types\/page"}],"author":[{"embeddable":true,"href":"https:\/\/tracingspaces.net\/wir-domenig\/wp-json\/wp\/v2\/users\/1"}],"replies":[{"embeddable":true,"href":"https:\/\/tracingspaces.net\/wir-domenig\/wp-json\/wp\/v2\/comments?post=184"}],"version-history":[{"count":11,"href":"https:\/\/tracingspaces.net\/wir-domenig\/wp-json\/wp\/v2\/pages\/184\/revisions"}],"predecessor-version":[{"id":211,"href":"https:\/\/tracingspaces.net\/wir-domenig\/wp-json\/wp\/v2\/pages\/184\/revisions\/211"}],"wp:attachment":[{"href":"https:\/\/tracingspaces.net\/wir-domenig\/wp-json\/wp\/v2\/media?parent=184"}],"curies":[{"name":"wp","href":"https:\/\/api.w.org\/{rel}","templated":true}]}}