{"id":9,"date":"2025-02-13T10:24:10","date_gmt":"2025-02-13T09:24:10","guid":{"rendered":"https:\/\/tracingspaces.net\/programm\/?page_id=9"},"modified":"2025-02-13T21:47:24","modified_gmt":"2025-02-13T20:47:24","slug":"tracing-spaces-programm","status":"publish","type":"page","link":"https:\/\/tracingspaces.net\/programm\/","title":{"rendered":"Tracing Spaces Programm"},"content":{"rendered":"\n<div style=\"height:24px\" aria-hidden=\"true\" class=\"wp-block-spacer\"><\/div>\n\n\n\n<div class=\"wp-block-query alignfull is-layout-flow wp-block-query-is-layout-flow\">\n<div class=\"wp-block-group alignfull is-layout-flow wp-block-group-is-layout-flow\" style=\"padding-top:0;padding-right:var(--wp--preset--spacing--40);padding-bottom:var(--wp--preset--spacing--40);padding-left:var(--wp--preset--spacing--40)\"><ul style=\"text-transform:none;\" class=\"alignfull wp-block-post-template is-layout-flow wp-container-core-post-template-is-layout-09c064ec wp-block-post-template-is-layout-flow\"><li class=\"wp-block-post post-736 post type-post status-publish format-standard hentry category-events category-upcoming\">\n\n<div class=\"wp-block-group is-layout-flow wp-container-core-group-is-layout-135d86d9 wp-block-group-is-layout-flow\" style=\"margin-top:0;margin-bottom:0;padding-top:0;padding-bottom:var(--wp--preset--spacing--20)\">\n<div class=\"wp-block-columns is-layout-flex wp-container-core-columns-is-layout-5cb5486e wp-block-columns-is-layout-flex\" style=\"margin-top:var(--wp--preset--spacing--30);margin-bottom:0\">\n<div class=\"wp-block-column is-layout-flow wp-container-core-column-is-layout-8a368f38 wp-block-column-is-layout-flow\" style=\"flex-basis:25%\"><div style=\"font-size:clamp(0.957rem, 0.957rem + ((1vw - 0.2rem) * 0.773), 1.45rem);font-style:normal;font-weight:400;\" class=\"is-acf-field wp-block-mfb-meta-field-block\"><div class=\"value\">Fr. 17.04.2026<\/div><\/div>\n\n<div style=\"font-size:clamp(0.957rem, 0.957rem + ((1vw - 0.2rem) * 0.773), 1.45rem);font-style:normal;font-weight:400;\" class=\"is-acf-field wp-block-mfb-meta-field-block\"><div class=\"value\">15.00\u00a0Uhr bis 20.00 Uhr<\/div><\/div><\/div>\n\n\n\n<div class=\"wp-block-column is-layout-flow wp-container-core-column-is-layout-22223934 wp-block-column-is-layout-flow\" style=\"flex-basis:50%\"><h2 style=\"font-size:clamp(1.453rem, 1.453rem + ((1vw - 0.2rem) * 1.485), 2.4rem);font-style:normal;font-weight:600;line-height:1.1; padding-top:0;\" class=\"has-link-color wp-elements-1816b2b56488544be4b9a0a8c55f6056 wp-block-post-title has-text-color has-contrast-color\"><a href=\"https:\/\/tracingspaces.net\/programm\/whole-in-one-eroeffnung-des-urban-cross-golf-platzes-mit-experts-team-cup\/\" target=\"_self\" >(W)Hole in One \u2013  Er\u00f6ffnung des Urban Cross Golf Platzes am Nordwestbahnhof<\/a><\/h2>\n\n<div style=\"font-size:clamp(0.957rem, 0.957rem + ((1vw - 0.2rem) * 0.773), 1.45rem);\" class=\"is-acf-field wp-block-mfb-meta-field-block\"><div class=\"value\">\u00d6ffentlich zug\u00e4ngliches Expert*innen-Turnier als mobile Stadtteilf\u00fchrung mit Fest <\/div><\/div><\/div>\n\n\n\n<div class=\"wp-block-column is-layout-flow wp-block-column-is-layout-flow\" style=\"flex-basis:25%\"><div style=\"font-size:clamp(0.875rem, 0.875rem + ((1vw - 0.2rem) * 0.51), 1.2rem);\" class=\"is-acf-field wp-block-mfb-meta-field-block\"><div class=\"value\">Pocket Park hinter dem MUSEUM Nordwestbahnhof<\/div><\/div><\/div>\n<\/div>\n<\/div>\n\n<\/li><li class=\"wp-block-post post-742 post type-post status-publish format-standard hentry category-events category-upcoming\">\n\n<div class=\"wp-block-group is-layout-flow wp-container-core-group-is-layout-135d86d9 wp-block-group-is-layout-flow\" style=\"margin-top:0;margin-bottom:0;padding-top:0;padding-bottom:var(--wp--preset--spacing--20)\">\n<div class=\"wp-block-columns is-layout-flex wp-container-core-columns-is-layout-5cb5486e wp-block-columns-is-layout-flex\" style=\"margin-top:var(--wp--preset--spacing--30);margin-bottom:0\">\n<div class=\"wp-block-column is-layout-flow wp-container-core-column-is-layout-8a368f38 wp-block-column-is-layout-flow\" style=\"flex-basis:25%\"><div style=\"font-size:clamp(0.957rem, 0.957rem + ((1vw - 0.2rem) * 0.773), 1.45rem);font-style:normal;font-weight:400;\" class=\"is-acf-field wp-block-mfb-meta-field-block\"><div class=\"value\">Sa. 25.04.2026<\/div><\/div>\n\n<div style=\"font-size:clamp(0.957rem, 0.957rem + ((1vw - 0.2rem) * 0.773), 1.45rem);font-style:normal;font-weight:400;\" class=\"is-acf-field wp-block-mfb-meta-field-block\"><div class=\"value\">15.00\u00a0Uhr bis 20.00 Uhr<\/div><\/div><\/div>\n\n\n\n<div class=\"wp-block-column is-layout-flow wp-container-core-column-is-layout-22223934 wp-block-column-is-layout-flow\" style=\"flex-basis:50%\"><h2 style=\"font-size:clamp(1.453rem, 1.453rem + ((1vw - 0.2rem) * 1.485), 2.4rem);font-style:normal;font-weight:600;line-height:1.1; padding-top:0;\" class=\"has-link-color wp-elements-1816b2b56488544be4b9a0a8c55f6056 wp-block-post-title has-text-color has-contrast-color\"><a href=\"https:\/\/tracingspaces.net\/programm\/whole-in-one-offenes-urban-cross-golf-turnier-am-nordwestbahnhof\/\" target=\"_self\" >(W)Hole in One \u2013  Offenes Urban Cross Golf Turnier am Nordwestbahnhof<\/a><\/h2>\n\n<div style=\"font-size:clamp(0.957rem, 0.957rem + ((1vw - 0.2rem) * 0.773), 1.45rem);\" class=\"is-acf-field wp-block-mfb-meta-field-block\"><div class=\"value\">Turnier f\u00fcr Interessierte aller Alterstufen mit abschlie\u00dfendem Fest<\/div><\/div><\/div>\n\n\n\n<div class=\"wp-block-column is-layout-flow wp-block-column-is-layout-flow\" style=\"flex-basis:25%\"><div style=\"font-size:clamp(0.875rem, 0.875rem + ((1vw - 0.2rem) * 0.51), 1.2rem);\" class=\"is-acf-field wp-block-mfb-meta-field-block\"><div class=\"value\">Pocket Park hinter dem MUSEUM Nordwestbahnhof<\/div><\/div><\/div>\n<\/div>\n<\/div>\n\n<\/li><li class=\"wp-block-post post-727 post type-post status-publish format-standard hentry category-events category-upcoming\">\n\n<div class=\"wp-block-group is-layout-flow wp-container-core-group-is-layout-135d86d9 wp-block-group-is-layout-flow\" style=\"margin-top:0;margin-bottom:0;padding-top:0;padding-bottom:var(--wp--preset--spacing--20)\">\n<div class=\"wp-block-columns is-layout-flex wp-container-core-columns-is-layout-5cb5486e wp-block-columns-is-layout-flex\" style=\"margin-top:var(--wp--preset--spacing--30);margin-bottom:0\">\n<div class=\"wp-block-column is-layout-flow wp-container-core-column-is-layout-8a368f38 wp-block-column-is-layout-flow\" style=\"flex-basis:25%\"><div style=\"font-size:clamp(0.957rem, 0.957rem + ((1vw - 0.2rem) * 0.773), 1.45rem);font-style:normal;font-weight:400;\" class=\"is-acf-field wp-block-mfb-meta-field-block\"><div class=\"value\">Mi. 27.05.2026<\/div><\/div>\n\n<div style=\"font-size:clamp(0.957rem, 0.957rem + ((1vw - 0.2rem) * 0.773), 1.45rem);font-style:normal;font-weight:400;\" class=\"is-acf-field wp-block-mfb-meta-field-block\"><div class=\"value\">19.30\u00a0Uhr bis 22.00 Uhr<\/div><\/div><\/div>\n\n\n\n<div class=\"wp-block-column is-layout-flow wp-container-core-column-is-layout-22223934 wp-block-column-is-layout-flow\" style=\"flex-basis:50%\"><h2 style=\"font-size:clamp(1.453rem, 1.453rem + ((1vw - 0.2rem) * 1.485), 2.4rem);font-style:normal;font-weight:600;line-height:1.1; padding-top:0;\" class=\"has-link-color wp-elements-1816b2b56488544be4b9a0a8c55f6056 wp-block-post-title has-text-color has-contrast-color\"><a href=\"https:\/\/tracingspaces.net\/programm\/temporaere-hafenarbeiterinnenkapelle-workshop-und-konzert\/\" target=\"_self\" >Tempor\u00e4re Hafenarbeiter*innenkapelle \u2013Workshop und Konzert<\/a><\/h2>\n\n<div style=\"font-size:clamp(0.957rem, 0.957rem + ((1vw - 0.2rem) * 0.773), 1.45rem);\" class=\"is-acf-field wp-block-mfb-meta-field-block\"><div class=\"value\">Praxisorientierter kostenloser Workshop, offen f\u00fcr Musiker*innen aller Niveaus!<\/div><\/div><\/div>\n\n\n\n<div class=\"wp-block-column is-layout-flow wp-block-column-is-layout-flow\" style=\"flex-basis:25%\"><div style=\"font-size:clamp(0.875rem, 0.875rem + ((1vw - 0.2rem) * 0.51), 1.2rem);\" class=\"is-acf-field wp-block-mfb-meta-field-block\"><div class=\"value\">MUSEUM Nordwestbahnhof<\/div><\/div><\/div>\n<\/div>\n<\/div>\n\n<\/li><li class=\"wp-block-post post-749 post type-post status-publish format-standard hentry category-events category-upcoming\">\n\n<div class=\"wp-block-group is-layout-flow wp-container-core-group-is-layout-135d86d9 wp-block-group-is-layout-flow\" style=\"margin-top:0;margin-bottom:0;padding-top:0;padding-bottom:var(--wp--preset--spacing--20)\">\n<div class=\"wp-block-columns is-layout-flex wp-container-core-columns-is-layout-5cb5486e wp-block-columns-is-layout-flex\" style=\"margin-top:var(--wp--preset--spacing--30);margin-bottom:0\">\n<div class=\"wp-block-column is-layout-flow wp-container-core-column-is-layout-8a368f38 wp-block-column-is-layout-flow\" style=\"flex-basis:25%\"><div style=\"font-size:clamp(0.957rem, 0.957rem + ((1vw - 0.2rem) * 0.773), 1.45rem);font-style:normal;font-weight:400;\" class=\"is-acf-field wp-block-mfb-meta-field-block\"><div class=\"value\">Do. 11.06.2026<\/div><\/div>\n\n<div style=\"font-size:clamp(0.957rem, 0.957rem + ((1vw - 0.2rem) * 0.773), 1.45rem);font-style:normal;font-weight:400;\" class=\"is-acf-field wp-block-mfb-meta-field-block\"><div class=\"value\">18.00\u00a0Uhr bis 19.30 Uhr<\/div><\/div><\/div>\n\n\n\n<div class=\"wp-block-column is-layout-flow wp-container-core-column-is-layout-22223934 wp-block-column-is-layout-flow\" style=\"flex-basis:50%\"><h2 style=\"font-size:clamp(1.453rem, 1.453rem + ((1vw - 0.2rem) * 1.485), 2.4rem);font-style:normal;font-weight:600;line-height:1.1; padding-top:0;\" class=\"has-link-color wp-elements-1816b2b56488544be4b9a0a8c55f6056 wp-block-post-title has-text-color has-contrast-color\"><a href=\"https:\/\/tracingspaces.net\/programm\/fuehrung-durch-den-temporaeren-erinnerungsort-an-die-antisemitische-hassausstellung-der-ewige-jude\/\" target=\"_self\" >Excavations \u2013 Ein tempor\u00e4rer Erinnerungsort an die antisemitische\u00a0Propaganda-Ausstellung &#8222;Der ewige Jude\u201c<\/a><\/h2>\n\n<div style=\"font-size:clamp(0.957rem, 0.957rem + ((1vw - 0.2rem) * 0.773), 1.45rem);\" class=\"is-acf-field wp-block-mfb-meta-field-block\"><div class=\"value\">Eine F\u00fchrung in Kooperation mit dem D\u00d6W (Dokumentationsarchivs des \u00f6sterreichischen Widerstandes)<\/div><\/div><\/div>\n\n\n\n<div class=\"wp-block-column is-layout-flow wp-block-column-is-layout-flow\" style=\"flex-basis:25%\"><div style=\"font-size:clamp(0.875rem, 0.875rem + ((1vw - 0.2rem) * 0.51), 1.2rem);\" class=\"is-acf-field wp-block-mfb-meta-field-block\"><div class=\"value\">Aussenstelle Excavations an der Ecke Taborstra\u00dfe-Nordwestbahnstra\u00dfe <\/div><\/div><\/div>\n<\/div>\n<\/div>\n\n<\/li><li class=\"wp-block-post post-757 post type-post status-publish format-standard hentry category-events category-upcoming\">\n\n<div class=\"wp-block-group is-layout-flow wp-container-core-group-is-layout-135d86d9 wp-block-group-is-layout-flow\" style=\"margin-top:0;margin-bottom:0;padding-top:0;padding-bottom:var(--wp--preset--spacing--20)\">\n<div class=\"wp-block-columns is-layout-flex wp-container-core-columns-is-layout-5cb5486e wp-block-columns-is-layout-flex\" style=\"margin-top:var(--wp--preset--spacing--30);margin-bottom:0\">\n<div class=\"wp-block-column is-layout-flow wp-container-core-column-is-layout-8a368f38 wp-block-column-is-layout-flow\" style=\"flex-basis:25%\"><div style=\"font-size:clamp(0.957rem, 0.957rem + ((1vw - 0.2rem) * 0.773), 1.45rem);font-style:normal;font-weight:400;\" class=\"is-acf-field wp-block-mfb-meta-field-block\"><div class=\"value\">Fr. 12.06. &amp; Sa. 13.06.2026<\/div><\/div>\n\n<div style=\"font-size:clamp(0.957rem, 0.957rem + ((1vw - 0.2rem) * 0.773), 1.45rem);font-style:normal;font-weight:400;\" class=\"is-acf-field wp-block-mfb-meta-field-block\"><div class=\"value\">jeweils 16.00\u00a0Uhr bis 21.30 Uhr<\/div><\/div><\/div>\n\n\n\n<div class=\"wp-block-column is-layout-flow wp-container-core-column-is-layout-22223934 wp-block-column-is-layout-flow\" style=\"flex-basis:50%\"><h2 style=\"font-size:clamp(1.453rem, 1.453rem + ((1vw - 0.2rem) * 1.485), 2.4rem);font-style:normal;font-weight:600;line-height:1.1; padding-top:0;\" class=\"has-link-color wp-elements-1816b2b56488544be4b9a0a8c55f6056 wp-block-post-title has-text-color has-contrast-color\"><a href=\"https:\/\/tracingspaces.net\/programm\/wow-signal-festival\/\" target=\"_self\" >Wow Signal Festival<\/a><\/h2>\n\n<div style=\"font-size:clamp(0.957rem, 0.957rem + ((1vw - 0.2rem) * 0.773), 1.45rem);\" class=\"is-acf-field wp-block-mfb-meta-field-block\"><div class=\"value\">Zweit\u00e4giges Kunst-, Diskurs- und Experimentalmusikfestival<\/div><\/div><\/div>\n\n\n\n<div class=\"wp-block-column is-layout-flow wp-block-column-is-layout-flow\" style=\"flex-basis:25%\"><div style=\"font-size:clamp(0.875rem, 0.875rem + ((1vw - 0.2rem) * 0.51), 1.2rem);\" class=\"is-acf-field wp-block-mfb-meta-field-block\"><div class=\"value\">Tankstelle hinter dem Museum Nordwestbahnhof, Nordwestbahnstra\u00dfe 16<\/div><\/div><\/div>\n<\/div>\n<\/div>\n\n<\/li><li class=\"wp-block-post post-764 post type-post status-publish format-standard hentry category-events category-upcoming\">\n\n<div class=\"wp-block-group is-layout-flow wp-container-core-group-is-layout-135d86d9 wp-block-group-is-layout-flow\" style=\"margin-top:0;margin-bottom:0;padding-top:0;padding-bottom:var(--wp--preset--spacing--20)\">\n<div class=\"wp-block-columns is-layout-flex wp-container-core-columns-is-layout-5cb5486e wp-block-columns-is-layout-flex\" style=\"margin-top:var(--wp--preset--spacing--30);margin-bottom:0\">\n<div class=\"wp-block-column is-layout-flow wp-container-core-column-is-layout-8a368f38 wp-block-column-is-layout-flow\" style=\"flex-basis:25%\"><div style=\"font-size:clamp(0.957rem, 0.957rem + ((1vw - 0.2rem) * 0.773), 1.45rem);font-style:normal;font-weight:400;\" class=\"is-acf-field wp-block-mfb-meta-field-block\"><div class=\"value\">Sa. 03.10.2026<\/div><\/div>\n\n<div style=\"font-size:clamp(0.957rem, 0.957rem + ((1vw - 0.2rem) * 0.773), 1.45rem);font-style:normal;font-weight:400;\" class=\"is-acf-field wp-block-mfb-meta-field-block\"><div class=\"value\">18.00 bis 24.00\u00a0Uhr<\/div><\/div><\/div>\n\n\n\n<div class=\"wp-block-column is-layout-flow wp-container-core-column-is-layout-22223934 wp-block-column-is-layout-flow\" style=\"flex-basis:50%\"><h2 style=\"font-size:clamp(1.453rem, 1.453rem + ((1vw - 0.2rem) * 1.485), 2.4rem);font-style:normal;font-weight:600;line-height:1.1; padding-top:0;\" class=\"has-link-color wp-elements-1816b2b56488544be4b9a0a8c55f6056 wp-block-post-title has-text-color has-contrast-color\"><a href=\"https:\/\/tracingspaces.net\/programm\/lange-nacht-der-museen-2026\/\" target=\"_self\" >Lange Nacht der Museen 2026<\/a><\/h2>\n\n<div style=\"font-size:clamp(0.957rem, 0.957rem + ((1vw - 0.2rem) * 0.773), 1.45rem);\" class=\"is-acf-field wp-block-mfb-meta-field-block\"><div class=\"value\">Sonderprogramm des Museums und seiner Aussenstellen<\/div><\/div><\/div>\n\n\n\n<div class=\"wp-block-column is-layout-flow wp-block-column-is-layout-flow\" style=\"flex-basis:25%\"><div style=\"font-size:clamp(0.875rem, 0.875rem + ((1vw - 0.2rem) * 0.51), 1.2rem);\" class=\"is-acf-field wp-block-mfb-meta-field-block\"><div class=\"value\">MUSEUM Nordwestbahnhof und Aussenstelle Excavation<\/div><\/div><\/div>\n<\/div>\n<\/div>\n\n<\/li><\/ul><\/div>\n\n\n\n<div class=\"wp-block-group is-layout-flow wp-block-group-is-layout-flow\" style=\"margin-top:0;margin-bottom:0;padding-top:var(--wp--preset--spacing--40);padding-right:var(--wp--preset--spacing--40);padding-bottom:var(--wp--preset--spacing--40);padding-left:var(--wp--preset--spacing--40)\"><\/div>\n<\/div>\n\n\n\n<div style=\"height:99px\" aria-hidden=\"true\" class=\"wp-block-spacer\"><\/div>\n\n\n\n<div class=\"wp-block-buttons alignwide is-content-justification-center is-layout-flex wp-container-core-buttons-is-layout-a89b3969 wp-block-buttons-is-layout-flex\">\n<div class=\"wp-block-button has-custom-font-size is-style-fill has-large-font-size\" style=\"font-style:normal;font-weight:600\"><a class=\"wp-block-button__link wp-element-button\" href=\"https:\/\/c9c07ec4.sibforms.com\/serve\/MUIFAAqsHN9L5swVu-rE9Dk-3Hqf5qJU_evAwdq7vYhmJQL7RoFjxz4fJXqLVN3NVIoa0w-4jHfCMqNllbsUoDjyzB_7tDeAb48LmbPm-GCKieg04-oGdsQ1vUkmEQGmlYvGnl4h2u8RzTFcgYUSd74G0gOrJvJJBJXtOSks3-7ZHiPbcgWkd0n4ysAb_TSsZwI_GPLBWGbWlOqK\" style=\"border-width:2px;border-radius:0px\" target=\"_blank\" rel=\"noreferrer noopener\">Newsletter abonnieren<\/a><\/div>\n\n\n\n<div class=\"wp-block-button has-custom-font-size is-style-outline has-large-font-size is-style-outline--1\" style=\"font-style:normal;font-weight:600\"><a class=\"wp-block-button__link wp-element-button\" href=\"https:\/\/tracingspaces.net\/programm\/category\/past\" style=\"border-width:2px;border-radius:0px\">Vergangene Veranstaltungen<\/a><\/div>\n<\/div>\n","protected":false},"excerpt":{"rendered":"","protected":false},"author":6,"featured_media":111,"parent":0,"menu_order":0,"comment_status":"closed","ping_status":"closed","template":"","meta":{"_acf_changed":false,"footnotes":""},"class_list":["post-9","page","type-page","status-publish","has-post-thumbnail","hentry"],"acf":[],"mb":[],"mfb_rest_fields":["title"],"_links":{"self":[{"href":"https:\/\/tracingspaces.net\/programm\/wp-json\/wp\/v2\/pages\/9","targetHints":{"allow":["GET"]}}],"collection":[{"href":"https:\/\/tracingspaces.net\/programm\/wp-json\/wp\/v2\/pages"}],"about":[{"href":"https:\/\/tracingspaces.net\/programm\/wp-json\/wp\/v2\/types\/page"}],"author":[{"embeddable":true,"href":"https:\/\/tracingspaces.net\/programm\/wp-json\/wp\/v2\/users\/6"}],"replies":[{"embeddable":true,"href":"https:\/\/tracingspaces.net\/programm\/wp-json\/wp\/v2\/comments?post=9"}],"version-history":[{"count":34,"href":"https:\/\/tracingspaces.net\/programm\/wp-json\/wp\/v2\/pages\/9\/revisions"}],"predecessor-version":[{"id":112,"href":"https:\/\/tracingspaces.net\/programm\/wp-json\/wp\/v2\/pages\/9\/revisions\/112"}],"wp:featuredmedia":[{"embeddable":true,"href":"https:\/\/tracingspaces.net\/programm\/wp-json\/wp\/v2\/media\/111"}],"wp:attachment":[{"href":"https:\/\/tracingspaces.net\/programm\/wp-json\/wp\/v2\/media?parent=9"}],"curies":[{"name":"wp","href":"https:\/\/api.w.org\/{rel}","templated":true}]}}