{"id":5,"date":"2019-03-14T17:04:34","date_gmt":"2019-03-14T16:04:34","guid":{"rendered":"https:\/\/nordwestpassage.tracingspaces.net\/?page_id=5"},"modified":"2020-04-24T16:28:03","modified_gmt":"2020-04-24T14:28:03","slug":"frontpage","status":"publish","type":"page","link":"https:\/\/tracingspaces.net\/nordwestpassage\/","title":{"rendered":"Frontpage"},"content":{"rendered":"[vc_row type=&#8220;in_container&#8220; full_screen_row_position=&#8220;middle&#8220; scene_position=&#8220;center&#8220; text_color=&#8220;dark&#8220; text_align=&#8220;left&#8220; overlay_strength=&#8220;0.3&#8243; shape_divider_position=&#8220;bottom&#8220;][vc_column column_padding=&#8220;no-extra-padding&#8220; column_padding_position=&#8220;all&#8220; background_color_opacity=&#8220;1&#8243; background_hover_color_opacity=&#8220;1&#8243; column_shadow=&#8220;none&#8220; column_border_radius=&#8220;none&#8220; width=&#8220;2\/3&#8243; tablet_text_alignment=&#8220;default&#8220; phone_text_alignment=&#8220;default&#8220; column_border_width=&#8220;none&#8220; column_border_style=&#8220;solid&#8220;]<div class=\"img-with-aniamtion-wrap \" data-max-width=\"100%\" data-border-radius=\"none\"><div class=\"inner\"><img loading=\"lazy\" decoding=\"async\" data-shadow=\"none\" data-shadow-direction=\"middle\" class=\"img-with-animation \" data-delay=\"0\" height=\"1000\" width=\"1000\" data-animation=\"fade-in\" src=\"https:\/\/tracingspaces.net\/nordwestpassage\/wp-content\/uploads\/sites\/8\/2019\/04\/nwp-sujet_1000.jpg\" srcset=\"https:\/\/tracingspaces.net\/nordwestpassage\/wp-content\/uploads\/sites\/8\/2019\/04\/nwp-sujet_1000.jpg 1000w, https:\/\/tracingspaces.net\/nordwestpassage\/wp-content\/uploads\/sites\/8\/2019\/04\/nwp-sujet_1000-150x150.jpg 150w, https:\/\/tracingspaces.net\/nordwestpassage\/wp-content\/uploads\/sites\/8\/2019\/04\/nwp-sujet_1000-300x300.jpg 300w, https:\/\/tracingspaces.net\/nordwestpassage\/wp-content\/uploads\/sites\/8\/2019\/04\/nwp-sujet_1000-768x768.jpg 768w, https:\/\/tracingspaces.net\/nordwestpassage\/wp-content\/uploads\/sites\/8\/2019\/04\/nwp-sujet_1000-100x100.jpg 100w, https:\/\/tracingspaces.net\/nordwestpassage\/wp-content\/uploads\/sites\/8\/2019\/04\/nwp-sujet_1000-140x140.jpg 140w, https:\/\/tracingspaces.net\/nordwestpassage\/wp-content\/uploads\/sites\/8\/2019\/04\/nwp-sujet_1000-500x500.jpg 500w, https:\/\/tracingspaces.net\/nordwestpassage\/wp-content\/uploads\/sites\/8\/2019\/04\/nwp-sujet_1000-350x350.jpg 350w, https:\/\/tracingspaces.net\/nordwestpassage\/wp-content\/uploads\/sites\/8\/2019\/04\/nwp-sujet_1000-800x800.jpg 800w\" sizes=\"auto, 100vw\" alt=\"\" \/><\/div><\/div>[vc_column_text]\n<h1>Ein mobiles Stationen Theater am Wiener Nordwestbahnhof, dem letzten gro\u00dfen innenstadtnahen Logistikzentrum der Stadt, der \u2013 obwohl sein Ende wiederholt angek\u00fcndigt wurde \u2013 einfach nicht und nicht verschwinden will.<\/h1>\n[\/vc_column_text][\/vc_column][vc_column column_padding=&#8220;no-extra-padding&#8220; column_padding_position=&#8220;all&#8220; background_color_opacity=&#8220;1&#8243; background_hover_color_opacity=&#8220;1&#8243; column_shadow=&#8220;none&#8220; column_border_radius=&#8220;none&#8220; width=&#8220;1\/3&#8243; tablet_text_alignment=&#8220;default&#8220; phone_text_alignment=&#8220;default&#8220; column_border_width=&#8220;none&#8220; column_border_style=&#8220;solid&#8220;][\/vc_column][\/vc_row][vc_row type=&#8220;in_container&#8220; full_screen_row_position=&#8220;middle&#8220; scene_position=&#8220;center&#8220; text_color=&#8220;dark&#8220; text_align=&#8220;left&#8220; overlay_strength=&#8220;0.3&#8243; shape_divider_position=&#8220;bottom&#8220;][vc_column column_padding=&#8220;no-extra-padding&#8220; column_padding_position=&#8220;all&#8220; background_color_opacity=&#8220;1&#8243; background_hover_color_opacity=&#8220;1&#8243; column_shadow=&#8220;none&#8220; column_border_radius=&#8220;none&#8220; width=&#8220;1\/1&#8243; tablet_text_alignment=&#8220;default&#8220; phone_text_alignment=&#8220;default&#8220; column_border_width=&#8220;none&#8220; column_border_style=&#8220;solid&#8220;]<div class=\"divider-wrap\"><div style=\"height: 20px;\" class=\"divider\"><\/div><\/div>[\/vc_column][\/vc_row][vc_row type=&#8220;in_container&#8220; full_screen_row_position=&#8220;middle&#8220; scene_position=&#8220;center&#8220; text_color=&#8220;dark&#8220; text_align=&#8220;left&#8220; overlay_strength=&#8220;0.3&#8243; shape_divider_position=&#8220;bottom&#8220;][vc_column column_padding=&#8220;no-extra-padding&#8220; column_padding_position=&#8220;all&#8220; background_color_opacity=&#8220;1&#8243; background_hover_color_opacity=&#8220;1&#8243; column_shadow=&#8220;none&#8220; column_border_radius=&#8220;none&#8220; width=&#8220;2\/3&#8243; tablet_text_alignment=&#8220;default&#8220; phone_text_alignment=&#8220;default&#8220; column_border_width=&#8220;none&#8220; column_border_style=&#8220;solid&#8220;][nectar_video_lightbox link_style=&#8220;play_button_2&#8243; nectar_play_button_color=&#8220;Default-Accent-Color&#8220; image_url=&#8220;394&#8243; hover_effect=&#8220;defaut&#8220; box_shadow=&#8220;none&#8220; border_radius=&#8220;none&#8220; play_button_size=&#8220;default&#8220; src=&#8220;&#8222;https:\/\/player.vimeo.com\/video\/408162219&#8222;&#8220; width=&#8220;&#8222;640&#8222;&#8220; height=&#8220;&#8222;564&#8222;&#8220; frameborder=&#8220;&#8222;0&#8222;&#8220; video_url=&#8220;https:\/\/vimeo.com\/408162219&#8243;][vc_column_text]\n<h6>Kamera &amp; Editing: Martin Hieslmair<br \/>\nMusik: Matth\u00e4us B\u00e4r &amp; Michael Hieslmair<br \/>\nTracing Spaces | Theater im Bahnhof | 2019<\/h6>\n[\/vc_column_text][\/vc_column][vc_column column_padding=&#8220;no-extra-padding&#8220; column_padding_position=&#8220;all&#8220; background_color_opacity=&#8220;1&#8243; background_hover_color_opacity=&#8220;1&#8243; column_shadow=&#8220;none&#8220; column_border_radius=&#8220;none&#8220; width=&#8220;1\/3&#8243; tablet_text_alignment=&#8220;default&#8220; phone_text_alignment=&#8220;default&#8220; column_border_width=&#8220;none&#8220; column_border_style=&#8220;solid&#8220;][\/vc_column][\/vc_row][vc_row type=&#8220;in_container&#8220; full_screen_row_position=&#8220;middle&#8220; scene_position=&#8220;center&#8220; text_color=&#8220;dark&#8220; text_align=&#8220;left&#8220; overlay_strength=&#8220;0.3&#8243; shape_divider_position=&#8220;bottom&#8220;][vc_column column_padding=&#8220;no-extra-padding&#8220; column_padding_position=&#8220;all&#8220; background_color_opacity=&#8220;1&#8243; background_hover_color_opacity=&#8220;1&#8243; column_shadow=&#8220;none&#8220; column_border_radius=&#8220;none&#8220; width=&#8220;1\/1&#8243; tablet_text_alignment=&#8220;default&#8220; phone_text_alignment=&#8220;default&#8220; column_border_width=&#8220;none&#8220; column_border_style=&#8220;solid&#8220;]<div class=\"divider-wrap\"><div style=\"height: 20px;\" class=\"divider\"><\/div><\/div>[\/vc_column][\/vc_row][vc_row type=&#8220;in_container&#8220; full_screen_row_position=&#8220;middle&#8220; scene_position=&#8220;center&#8220; text_color=&#8220;dark&#8220; text_align=&#8220;left&#8220; overlay_strength=&#8220;0.3&#8243; shape_divider_position=&#8220;bottom&#8220;][vc_column column_padding=&#8220;no-extra-padding&#8220; column_padding_position=&#8220;all&#8220; background_color_opacity=&#8220;1&#8243; background_hover_color_opacity=&#8220;1&#8243; column_shadow=&#8220;none&#8220; column_border_radius=&#8220;none&#8220; width=&#8220;2\/3&#8243; tablet_text_alignment=&#8220;default&#8220; phone_text_alignment=&#8220;default&#8220; column_border_width=&#8220;none&#8220; column_border_style=&#8220;solid&#8220;][vc_column_text]&#8220;Das Leben ist eine Zwischennutzung.&#8220;<\/p>\n<p>In dem weitl\u00e4ufigen Gel\u00e4nde mit seinen scheinbar ver\u00f6denden Hallen und Rampen und den sich bereits der Re-naturalisierung unterwerfenden Eisenbahn- und Industrie-Brachen werden jedoch bis heute immer noch G\u00fcter umgeschlagen \u2013 wobei der R\u00fcckgang des Umsatzes und der R\u00fcckzug einiger Unternehmen M\u00f6glichkeiten f\u00fcr neue interessante \u201eZwischennutzungen\u201c er\u00f6ffnete.<\/p>\n<p>Basierend auf dem Projekt <a href=\"https:\/\/stadtinbewegung.tracingspaces.net\/\" target=\"_blank\" rel=\"noopener noreferrer\">Stadt in Bewegung<\/a>, einer Sammlung von hinterlassenen Objekten und Erz\u00e4hlungen hier t\u00e4tiger Unternehmen und au\u00dfergew\u00f6hnlicher Menschen, das von Tracing Spaces vor Ort zusammengetragen wurde, begeben wir uns auf eine Abenteuerfahrt durch das Logistik-Gel\u00e4nde, bei der die Besucher*innen wie St\u00fcckgut auf LKW, Stapler und G\u00fcterzug durch den Bahnhof bewegt und immer wieder umgeladen werden. Begleitet von Spieler*innen des Theaters im Bahnhof und mobilisierten Artefakten aus der o.a. Sammlung werden ehemalige und derzeitige am Areal Besch\u00e4ftigte sowie Bewohner*innen aus der Umgebung lustvoll das Leben und Treiben auf diesem unbekannten, unscheinbaren, aber hoch spannenden Areal performativ in Erinnerung rufen.<\/p>\n<p>&nbsp;<\/p>\n<p><em>A mobile station theatre at Vienna&#8217;s Nordwestbahnhof, the city&#8217;s last large logistics centre close to the city centre, which &#8211; although its death has been repeatedly announced &#8211; simply does not want to disappear.<\/em><\/p>\n<p><em>In the extensive area with its apparently desolate halls and ramps and the railway and industrial wastelands which are already subject to naturalisation, goods are still being handled today &#8211; whereby the decline in turnover and the withdrawal of some companies opened up possibilities for new interesting &#8222;interim uses&#8220;.<\/em><\/p>\n<p><em>Based on the CITY ON THE MOVE project, a collection of objects and stories left behind by companies operating here and extraordinary people, which was compiled on site by Tracing Spaces (Michael Zinganel and Michael Hieslmair), we embark on an adventure journey through the logistics area, in which the visitors are moved through the station like cargo on trucks, forklifts and freight trains and reloaded again and again. Accompanied by actors from the Theater im Bahnhof (Rupert Lehofer, Martina Zinner et al.) and mobilized artefacts from the above-mentioned collection, former and current employees of the area as well as residents from the surrounding area will performatively recall life and activity on this unknown, inconspicuous but highly exciting area.<\/em><\/p>\n<h1><\/h1>\n<h1>A Project by Tracing Spaces and Theater im Bahnhof<\/h1>\n[\/vc_column_text][\/vc_column][vc_column column_padding=&#8220;no-extra-padding&#8220; column_padding_position=&#8220;all&#8220; background_color_opacity=&#8220;1&#8243; background_hover_color_opacity=&#8220;1&#8243; column_shadow=&#8220;none&#8220; column_border_radius=&#8220;none&#8220; width=&#8220;1\/3&#8243; tablet_text_alignment=&#8220;default&#8220; phone_text_alignment=&#8220;default&#8220; column_border_width=&#8220;none&#8220; column_border_style=&#8220;solid&#8220;][\/vc_column][\/vc_row][vc_row type=&#8220;in_container&#8220; full_screen_row_position=&#8220;middle&#8220; scene_position=&#8220;center&#8220; text_color=&#8220;dark&#8220; text_align=&#8220;left&#8220; overlay_strength=&#8220;0.3&#8243; shape_divider_position=&#8220;bottom&#8220;][vc_column column_padding=&#8220;no-extra-padding&#8220; column_padding_position=&#8220;all&#8220; background_color_opacity=&#8220;1&#8243; background_hover_color_opacity=&#8220;1&#8243; column_shadow=&#8220;none&#8220; column_border_radius=&#8220;none&#8220; width=&#8220;1\/4&#8243; tablet_text_alignment=&#8220;default&#8220; phone_text_alignment=&#8220;default&#8220; column_border_width=&#8220;none&#8220; column_border_style=&#8220;solid&#8220;][nectar_btn size=&#8220;small&#8220; open_new_tab=&#8220;true&#8220; button_style=&#8220;regular&#8220; button_color_2=&#8220;Accent-Color&#8220; icon_family=&#8220;none&#8220; url=&#8220;https:\/\/tracingspaces.net&#8220; text=&#8220;Tracing Spaces&#8220;][\/vc_column][vc_column column_padding=&#8220;no-extra-padding&#8220; column_padding_position=&#8220;all&#8220; background_color_opacity=&#8220;1&#8243; background_hover_color_opacity=&#8220;1&#8243; column_shadow=&#8220;none&#8220; column_border_radius=&#8220;none&#8220; width=&#8220;1\/4&#8243; tablet_text_alignment=&#8220;default&#8220; phone_text_alignment=&#8220;default&#8220; column_border_width=&#8220;none&#8220; column_border_style=&#8220;solid&#8220;][nectar_btn size=&#8220;small&#8220; open_new_tab=&#8220;true&#8220; button_style=&#8220;regular&#8220; button_color_2=&#8220;Accent-Color&#8220; icon_family=&#8220;none&#8220; url=&#8220;https:\/\/www.theater-im-bahnhof.com\/de\/&#8220; text=&#8220;Theater im Bahnhof&#8220; margin_left=&#8220;0&#8243;][\/vc_column][vc_column column_padding=&#8220;no-extra-padding&#8220; column_padding_position=&#8220;all&#8220; background_color_opacity=&#8220;1&#8243; background_hover_color_opacity=&#8220;1&#8243; column_shadow=&#8220;none&#8220; column_border_radius=&#8220;none&#8220; width=&#8220;1\/4&#8243; tablet_text_alignment=&#8220;default&#8220; phone_text_alignment=&#8220;default&#8220; column_border_width=&#8220;none&#8220; column_border_style=&#8220;solid&#8220;][\/vc_column][vc_column column_padding=&#8220;no-extra-padding&#8220; column_padding_position=&#8220;all&#8220; background_color_opacity=&#8220;1&#8243; background_hover_color_opacity=&#8220;1&#8243; column_shadow=&#8220;none&#8220; column_border_radius=&#8220;none&#8220; width=&#8220;1\/4&#8243; tablet_text_alignment=&#8220;default&#8220; phone_text_alignment=&#8220;default&#8220; column_border_width=&#8220;none&#8220; column_border_style=&#8220;solid&#8220;][\/vc_column][\/vc_row]\n","protected":false},"excerpt":{"rendered":"<p>[vc_row type=&#8220;in_container&#8220; full_screen_row_position=&#8220;middle&#8220; scene_position=&#8220;center&#8220; text_color=&#8220;dark&#8220; text_align=&#8220;left&#8220; overlay_strength=&#8220;0.3&#8243; shape_divider_position=&#8220;bottom&#8220;][vc_column column_padding=&#8220;no-extra-padding&#8220; column_padding_position=&#8220;all&#8220; background_color_opacity=&#8220;1&#8243; background_hover_color_opacity=&#8220;1&#8243; column_shadow=&#8220;none&#8220; column_border_radius=&#8220;none&#8220; width=&#8220;2\/3&#8243; tablet_text_alignment=&#8220;default&#8220; phone_text_alignment=&#8220;default&#8220; column_border_width=&#8220;none&#8220; column_border_style=&#8220;solid&#8220;][vc_column_text] Ein mobiles Stationen Theater am Wiener Nordwestbahnhof, dem letzten gro\u00dfen innenstadtnahen&#8230;<\/p>\n","protected":false},"author":1,"featured_media":47,"parent":0,"menu_order":0,"comment_status":"closed","ping_status":"closed","template":"","meta":{"footnotes":""},"class_list":["post-5","page","type-page","status-publish","has-post-thumbnail"],"_links":{"self":[{"href":"https:\/\/tracingspaces.net\/nordwestpassage\/wp-json\/wp\/v2\/pages\/5","targetHints":{"allow":["GET"]}}],"collection":[{"href":"https:\/\/tracingspaces.net\/nordwestpassage\/wp-json\/wp\/v2\/pages"}],"about":[{"href":"https:\/\/tracingspaces.net\/nordwestpassage\/wp-json\/wp\/v2\/types\/page"}],"author":[{"embeddable":true,"href":"https:\/\/tracingspaces.net\/nordwestpassage\/wp-json\/wp\/v2\/users\/1"}],"replies":[{"embeddable":true,"href":"https:\/\/tracingspaces.net\/nordwestpassage\/wp-json\/wp\/v2\/comments?post=5"}],"version-history":[{"count":52,"href":"https:\/\/tracingspaces.net\/nordwestpassage\/wp-json\/wp\/v2\/pages\/5\/revisions"}],"predecessor-version":[{"id":413,"href":"https:\/\/tracingspaces.net\/nordwestpassage\/wp-json\/wp\/v2\/pages\/5\/revisions\/413"}],"wp:featuredmedia":[{"embeddable":true,"href":"https:\/\/tracingspaces.net\/nordwestpassage\/wp-json\/wp\/v2\/media\/47"}],"wp:attachment":[{"href":"https:\/\/tracingspaces.net\/nordwestpassage\/wp-json\/wp\/v2\/media?parent=5"}],"curies":[{"name":"wp","href":"https:\/\/api.w.org\/{rel}","templated":true}]}}