{"id":35,"date":"2019-03-14T17:24:14","date_gmt":"2019-03-14T16:24:14","guid":{"rendered":"https:\/\/nordwestpassage.tracingspaces.net\/?page_id=35"},"modified":"2019-09-02T16:08:21","modified_gmt":"2019-09-02T14:08:21","slug":"stationentheater","status":"publish","type":"page","link":"https:\/\/tracingspaces.net\/nordwestpassage\/stationentheater\/","title":{"rendered":"Stationentheater"},"content":{"rendered":"[vc_row type=&#8220;in_container&#8220; full_screen_row_position=&#8220;middle&#8220; scene_position=&#8220;center&#8220; text_color=&#8220;dark&#8220; text_align=&#8220;left&#8220; overlay_strength=&#8220;0.3&#8243; shape_divider_position=&#8220;bottom&#8220;][vc_column column_padding=&#8220;no-extra-padding&#8220; column_padding_position=&#8220;all&#8220; background_color_opacity=&#8220;1&#8243; background_hover_color_opacity=&#8220;1&#8243; column_shadow=&#8220;none&#8220; column_border_radius=&#8220;none&#8220; width=&#8220;2\/3&#8243; tablet_text_alignment=&#8220;default&#8220; phone_text_alignment=&#8220;default&#8220; column_border_width=&#8220;none&#8220; column_border_style=&#8220;solid&#8220;]<div class=\"img-with-aniamtion-wrap \" data-max-width=\"100%\" data-border-radius=\"none\"><div class=\"inner\"><img loading=\"lazy\" decoding=\"async\" data-shadow=\"none\" data-shadow-direction=\"middle\" class=\"img-with-animation \" data-delay=\"0\" height=\"749\" width=\"1000\" data-animation=\"fade-in\" src=\"https:\/\/tracingspaces.net\/nordwestpassage\/wp-content\/uploads\/sites\/8\/2019\/04\/area-bird-001_1000.jpg\" srcset=\"https:\/\/tracingspaces.net\/nordwestpassage\/wp-content\/uploads\/sites\/8\/2019\/04\/area-bird-001_1000.jpg 1000w, https:\/\/tracingspaces.net\/nordwestpassage\/wp-content\/uploads\/sites\/8\/2019\/04\/area-bird-001_1000-300x225.jpg 300w, https:\/\/tracingspaces.net\/nordwestpassage\/wp-content\/uploads\/sites\/8\/2019\/04\/area-bird-001_1000-768x575.jpg 768w\" sizes=\"auto, 100vw\" alt=\"\" \/><\/div><\/div>[vc_column_text]\n<h3>\u00a9 \u00d6BB \/ Christian F\u00fcrthner | 2018<\/h3>\n[\/vc_column_text]<div class=\"divider-wrap\"><div style=\"height: 30px;\" class=\"divider\"><\/div><\/div>[vc_column_text]\n<h1>Stationen Theater<\/h1>\n[\/vc_column_text][\/vc_column][vc_column column_padding=&#8220;no-extra-padding&#8220; column_padding_position=&#8220;all&#8220; background_color_opacity=&#8220;1&#8243; background_hover_color_opacity=&#8220;1&#8243; column_shadow=&#8220;none&#8220; column_border_radius=&#8220;none&#8220; width=&#8220;1\/3&#8243; tablet_text_alignment=&#8220;default&#8220; phone_text_alignment=&#8220;default&#8220; column_border_width=&#8220;none&#8220; column_border_style=&#8220;solid&#8220;][\/vc_column][\/vc_row][vc_row type=&#8220;in_container&#8220; full_screen_row_position=&#8220;middle&#8220; scene_position=&#8220;center&#8220; text_color=&#8220;dark&#8220; text_align=&#8220;left&#8220; overlay_strength=&#8220;0.3&#8243; shape_divider_position=&#8220;bottom&#8220;][vc_column column_padding=&#8220;no-extra-padding&#8220; column_padding_position=&#8220;all&#8220; background_color_opacity=&#8220;1&#8243; background_hover_color_opacity=&#8220;1&#8243; column_shadow=&#8220;none&#8220; column_border_radius=&#8220;none&#8220; width=&#8220;2\/3&#8243; tablet_text_alignment=&#8220;default&#8220; phone_text_alignment=&#8220;default&#8220; column_border_width=&#8220;none&#8220; column_border_style=&#8220;solid&#8220;][vc_column_text]Das Logistik-Areal wird im Sommer 2019 zur B\u00fchne.<\/p>\n<p>F\u00fcr die Entwicklung des Theaterst\u00fcckes fanden das Theater im Bahnhof und Tracing Spaces ambitionierte Statist*innen aus dem Logistik-Milieu des G\u00fcter-Bahnhofs und aus der erweiterten Nachbarschaft. In Kleingruppen werden am Areal einzelne Szenen entwickelt, die von den Besucher*innen bei der Auff\u00fchrung in einer mobilen Prozession aufgesucht werden.<\/p>\n<p>Bei der Entwicklung des Theater St\u00fccks greift das Projekt Team auf die in der Ausstellung <a href=\"https:\/\/stadtinbewegung.tracingspaces.net\">STADT IN BEWEGUNG<\/a>\u00a0verdichtet Materialsammlung zur\u00fcck. Diese ist aktuell im Tracing Spaces Projektraum\u00a0am Nordwestbahnhof zu sehen.<\/p>\n<p>Diese Ausstellung ist nach pers\u00f6nlicher Vereinbarung zug\u00e4nglich \/ Open in sequence by personal agreement.<\/p>\n<p>Contact<br \/>\n<a href=\"mailto:office@tracingspaces.net\">office@tracingspaces.net<\/a><br \/>\n+43 699 12358298[\/vc_column_text][\/vc_column][vc_column column_padding=&#8220;no-extra-padding&#8220; column_padding_position=&#8220;all&#8220; background_color_opacity=&#8220;1&#8243; background_hover_color_opacity=&#8220;1&#8243; column_shadow=&#8220;none&#8220; column_border_radius=&#8220;none&#8220; width=&#8220;1\/3&#8243; tablet_text_alignment=&#8220;default&#8220; phone_text_alignment=&#8220;default&#8220; column_border_width=&#8220;none&#8220; column_border_style=&#8220;solid&#8220;][\/vc_column][\/vc_row][vc_row type=&#8220;in_container&#8220; full_screen_row_position=&#8220;middle&#8220; scene_position=&#8220;center&#8220; text_color=&#8220;dark&#8220; text_align=&#8220;left&#8220; overlay_strength=&#8220;0.3&#8243; shape_divider_position=&#8220;bottom&#8220;][vc_column column_padding=&#8220;no-extra-padding&#8220; column_padding_position=&#8220;all&#8220; background_color_opacity=&#8220;1&#8243; background_hover_color_opacity=&#8220;1&#8243; column_shadow=&#8220;none&#8220; column_border_radius=&#8220;none&#8220; width=&#8220;1\/1&#8243; tablet_text_alignment=&#8220;default&#8220; phone_text_alignment=&#8220;default&#8220; column_border_width=&#8220;none&#8220; column_border_style=&#8220;solid&#8220;][nectar_btn size=&#8220;small&#8220; open_new_tab=&#8220;true&#8220; button_style=&#8220;regular&#8220; button_color_2=&#8220;Accent-Color&#8220; icon_family=&#8220;none&#8220; url=&#8220;https:\/\/stadtinbewegung.tracingspaces.net\/&#8220; text=&#8220;Stadt in Bewegung&#8220;][\/vc_column][\/vc_row]\n","protected":false},"excerpt":{"rendered":"<p>[vc_row type=&#8220;in_container&#8220; full_screen_row_position=&#8220;middle&#8220; scene_position=&#8220;center&#8220; text_color=&#8220;dark&#8220; text_align=&#8220;left&#8220; overlay_strength=&#8220;0.3&#8243; shape_divider_position=&#8220;bottom&#8220;][vc_column column_padding=&#8220;no-extra-padding&#8220; column_padding_position=&#8220;all&#8220; background_color_opacity=&#8220;1&#8243; background_hover_color_opacity=&#8220;1&#8243; column_shadow=&#8220;none&#8220; column_border_radius=&#8220;none&#8220; width=&#8220;2\/3&#8243; tablet_text_alignment=&#8220;default&#8220; phone_text_alignment=&#8220;default&#8220; column_border_width=&#8220;none&#8220; column_border_style=&#8220;solid&#8220;][vc_column_text] \u00a9 \u00d6BB \/ Christian F\u00fcrthner | 2018 [\/vc_column_text][vc_column_text] Stationen Theater [\/vc_column_text][\/vc_column][vc_column&#8230;<\/p>\n","protected":false},"author":1,"featured_media":0,"parent":0,"menu_order":0,"comment_status":"closed","ping_status":"closed","template":"","meta":{"footnotes":""},"class_list":["post-35","page","type-page","status-publish"],"_links":{"self":[{"href":"https:\/\/tracingspaces.net\/nordwestpassage\/wp-json\/wp\/v2\/pages\/35","targetHints":{"allow":["GET"]}}],"collection":[{"href":"https:\/\/tracingspaces.net\/nordwestpassage\/wp-json\/wp\/v2\/pages"}],"about":[{"href":"https:\/\/tracingspaces.net\/nordwestpassage\/wp-json\/wp\/v2\/types\/page"}],"author":[{"embeddable":true,"href":"https:\/\/tracingspaces.net\/nordwestpassage\/wp-json\/wp\/v2\/users\/1"}],"replies":[{"embeddable":true,"href":"https:\/\/tracingspaces.net\/nordwestpassage\/wp-json\/wp\/v2\/comments?post=35"}],"version-history":[{"count":18,"href":"https:\/\/tracingspaces.net\/nordwestpassage\/wp-json\/wp\/v2\/pages\/35\/revisions"}],"predecessor-version":[{"id":387,"href":"https:\/\/tracingspaces.net\/nordwestpassage\/wp-json\/wp\/v2\/pages\/35\/revisions\/387"}],"wp:attachment":[{"href":"https:\/\/tracingspaces.net\/nordwestpassage\/wp-json\/wp\/v2\/media?parent=35"}],"curies":[{"name":"wp","href":"https:\/\/api.w.org\/{rel}","templated":true}]}}