{"id":28,"date":"2019-03-14T17:21:06","date_gmt":"2019-03-14T16:21:06","guid":{"rendered":"https:\/\/nordwestpassage.tracingspaces.net\/?page_id=28"},"modified":"2019-09-02T15:54:19","modified_gmt":"2019-09-02T13:54:19","slug":"auffuehrungen","status":"publish","type":"page","link":"https:\/\/tracingspaces.net\/nordwestpassage\/auffuehrungen\/","title":{"rendered":"Auff\u00fchrungen"},"content":{"rendered":"[vc_row type=&#8220;in_container&#8220; full_screen_row_position=&#8220;middle&#8220; scene_position=&#8220;center&#8220; text_color=&#8220;dark&#8220; text_align=&#8220;left&#8220; overlay_strength=&#8220;0.3&#8243; shape_divider_position=&#8220;bottom&#8220;][vc_column column_padding=&#8220;no-extra-padding&#8220; column_padding_position=&#8220;all&#8220; background_color_opacity=&#8220;1&#8243; background_hover_color_opacity=&#8220;1&#8243; column_shadow=&#8220;none&#8220; column_border_radius=&#8220;none&#8220; width=&#8220;2\/3&#8243; tablet_text_alignment=&#8220;default&#8220; phone_text_alignment=&#8220;default&#8220; column_border_width=&#8220;none&#8220; column_border_style=&#8220;solid&#8220;]<div class=\"img-with-aniamtion-wrap \" data-max-width=\"100%\" data-border-radius=\"none\"><div class=\"inner\"><img loading=\"lazy\" decoding=\"async\" data-shadow=\"none\" data-shadow-direction=\"middle\" class=\"img-with-animation \" data-delay=\"0\" height=\"799\" width=\"1200\" data-animation=\"fade-in\" src=\"https:\/\/tracingspaces.net\/nordwestpassage\/wp-content\/uploads\/sites\/8\/2019\/08\/nwbhf-press-017_lowres.jpg\" srcset=\"https:\/\/tracingspaces.net\/nordwestpassage\/wp-content\/uploads\/sites\/8\/2019\/08\/nwbhf-press-017_lowres.jpg 1200w, https:\/\/tracingspaces.net\/nordwestpassage\/wp-content\/uploads\/sites\/8\/2019\/08\/nwbhf-press-017_lowres-300x200.jpg 300w, https:\/\/tracingspaces.net\/nordwestpassage\/wp-content\/uploads\/sites\/8\/2019\/08\/nwbhf-press-017_lowres-768x511.jpg 768w, https:\/\/tracingspaces.net\/nordwestpassage\/wp-content\/uploads\/sites\/8\/2019\/08\/nwbhf-press-017_lowres-1024x682.jpg 1024w, https:\/\/tracingspaces.net\/nordwestpassage\/wp-content\/uploads\/sites\/8\/2019\/08\/nwbhf-press-017_lowres-900x600.jpg 900w\" sizes=\"auto, 100vw\" alt=\"\" \/><\/div><\/div>[vc_column_text]\n<h3>\u00a9 Stefan Beer |\u00a02019<\/h3>\n[\/vc_column_text]<div class=\"divider-wrap\"><div style=\"height: 30px;\" class=\"divider\"><\/div><\/div>[vc_column_text]\n<h1>Alle Auff\u00fchrungen ausgebucht!<\/h1>\n<p>&nbsp;<\/p>\n<p>F\u00fcr alle 4 Auff\u00fchrungen gibt es jeweils nur mehr Karten am Einlass, sofern Besucher*innen trotz Reservierung nicht erscheinen sollten! Eine Anmeldung f\u00fcr die Warteliste(n) ist trotzdem unbedingt erforderlich!<\/p>\n<p>Premiere: Donnerstag, 29. August 2019<br \/>\n18:00h bis 20:00h<\/p>\n<p>Freitag, 30. August 2019<br \/>\n18:00h bis 20:00h<\/p>\n<p>Freitag, 13. September 2019<br \/>\n18:00h bis 20:00h<\/p>\n<p>Samstag, 14.September 2019<br \/>\n15:00h bis 17:00h<\/p>\n<p>Ticketpreis: \u20ac 10,-<\/p>\n<p>&nbsp;<\/p>\n<p>Voranmeldung unter<a href=\"mailto:office@tracingspaces.net\">\u00a0office@tracingspaces.net<\/a><\/p>\n<p>&nbsp;<\/p>\n<p>TREFFPUNKT: U6 Station Dresdner Stra\u00dfe \u2013 Ausgang Dresdner Stra\u00dfe<br \/>\nebenerdig vor dem U6 Stationsgeb\u00e4ude vor der Hellwaggasse 7, 1200 Wien<\/p>\n<p>Siehe die <a href=\"https:\/\/www.google.com\/maps\/place\/Dresdner+Stra%C3%9Fe\/@48.2367125,16.3788432,21z\/data=!4m5!3m4!1s0x476d064e32caf945:0xf25c7a8c9d69cd27!8m2!3d48.2367679!4d16.3790674\" target=\"_blank\" rel=\"noopener\">Google Map<\/a><\/p>\n<p>GPS Koordinaten: 48.236772, 16.378973<\/p>\n<p>&nbsp;<\/p>\n<p>Anweisungen zur eigenen Sicherheit:<\/p>\n<p>Die Teilnahme erfolgt auf eigene Gefahr.<br \/>\nDen Anweisungen des Theaterpersonals ist Folge zu leisten.<br \/>\nNach dem Beginn der Auff\u00fchrung gibt es keine M\u00f6glichkeit aus dem St\u00fcck auszusteigen.<\/p>\n<p>Die Auff\u00fchrung findet in jedem Fall und bei jeder Witterung statt.<br \/>\nF\u00fcr ausreichenden Regen- und Sonnenschutz ist selbst Sorge zu tragen.<br \/>\nFestes Schuhwerk ist unbedingt erforderlich.<br \/>\nWarnwesten werden von den Veranstaltern zur Verf\u00fcgung gestellt.<\/p>\n<p>Der Spielort ist ein G\u00fcter-Bahnhof der \u00d6BB, an dem zu Spielzeiten Verschub stattfindet und LKWs verkehren.<br \/>\nDie Verhaltensregeln f\u00fcr \u00d6BB-Bahnanlagen sind daher zu lesen und zu befolgen: <a href=\"https:\/\/nordwestpassage.tracingspaces.net\/wp-content\/uploads\/sites\/8\/2019\/08\/OEBB_Verhalten.pdf\">OEBB_Verhalten<\/a>[\/vc_column_text][\/vc_column][vc_column column_padding=&#8220;no-extra-padding&#8220; column_padding_position=&#8220;all&#8220; background_color_opacity=&#8220;1&#8243; background_hover_color_opacity=&#8220;1&#8243; column_shadow=&#8220;none&#8220; column_border_radius=&#8220;none&#8220; width=&#8220;1\/3&#8243; tablet_text_alignment=&#8220;default&#8220; phone_text_alignment=&#8220;default&#8220; column_border_width=&#8220;none&#8220; column_border_style=&#8220;solid&#8220;][vc_column_text][\/vc_column_text][vc_column_text][\/vc_column_text][\/vc_column][\/vc_row]\n","protected":false},"excerpt":{"rendered":"<p>[vc_row type=&#8220;in_container&#8220; full_screen_row_position=&#8220;middle&#8220; scene_position=&#8220;center&#8220; text_color=&#8220;dark&#8220; text_align=&#8220;left&#8220; overlay_strength=&#8220;0.3&#8243; shape_divider_position=&#8220;bottom&#8220;][vc_column column_padding=&#8220;no-extra-padding&#8220; column_padding_position=&#8220;all&#8220; background_color_opacity=&#8220;1&#8243; background_hover_color_opacity=&#8220;1&#8243; column_shadow=&#8220;none&#8220; column_border_radius=&#8220;none&#8220; width=&#8220;2\/3&#8243; tablet_text_alignment=&#8220;default&#8220; phone_text_alignment=&#8220;default&#8220; column_border_width=&#8220;none&#8220; column_border_style=&#8220;solid&#8220;][vc_column_text] \u00a9 Stefan Beer |\u00a02019 [\/vc_column_text][vc_column_text] Alle Auff\u00fchrungen ausgebucht! &nbsp; F\u00fcr alle&#8230;<\/p>\n","protected":false},"author":1,"featured_media":0,"parent":0,"menu_order":0,"comment_status":"closed","ping_status":"closed","template":"","meta":{"footnotes":""},"class_list":["post-28","page","type-page","status-publish"],"_links":{"self":[{"href":"https:\/\/tracingspaces.net\/nordwestpassage\/wp-json\/wp\/v2\/pages\/28","targetHints":{"allow":["GET"]}}],"collection":[{"href":"https:\/\/tracingspaces.net\/nordwestpassage\/wp-json\/wp\/v2\/pages"}],"about":[{"href":"https:\/\/tracingspaces.net\/nordwestpassage\/wp-json\/wp\/v2\/types\/page"}],"author":[{"embeddable":true,"href":"https:\/\/tracingspaces.net\/nordwestpassage\/wp-json\/wp\/v2\/users\/1"}],"replies":[{"embeddable":true,"href":"https:\/\/tracingspaces.net\/nordwestpassage\/wp-json\/wp\/v2\/comments?post=28"}],"version-history":[{"count":36,"href":"https:\/\/tracingspaces.net\/nordwestpassage\/wp-json\/wp\/v2\/pages\/28\/revisions"}],"predecessor-version":[{"id":379,"href":"https:\/\/tracingspaces.net\/nordwestpassage\/wp-json\/wp\/v2\/pages\/28\/revisions\/379"}],"wp:attachment":[{"href":"https:\/\/tracingspaces.net\/nordwestpassage\/wp-json\/wp\/v2\/media?parent=28"}],"curies":[{"name":"wp","href":"https:\/\/api.w.org\/{rel}","templated":true}]}}