{"id":280,"date":"2018-08-03T11:53:08","date_gmt":"2018-08-03T09:53:08","guid":{"rendered":"https:\/\/tracingspaces.net\/holidays-after-the-fall\/?page_id=280"},"modified":"2023-12-23T18:19:11","modified_gmt":"2023-12-23T17:19:11","slug":"exhibition-enjoying-the-fruits","status":"publish","type":"page","link":"https:\/\/tracingspaces.net\/holidaysafterthefall\/en\/exhibition-enjoying-the-fruits\/","title":{"rendered":"Exhibition Enjoying the fruits"},"content":{"rendered":"[vc_row type=&#8220;in_container&#8220; full_screen_row_position=&#8220;middle&#8220; scene_position=&#8220;center&#8220; text_color=&#8220;dark&#8220; text_align=&#8220;left&#8220; overlay_strength=&#8220;0.3&#8243; shape_divider_position=&#8220;bottom&#8220;][vc_column column_padding=&#8220;no-extra-padding&#8220; column_padding_position=&#8220;all&#8220; background_color_opacity=&#8220;1&#8243; background_hover_color_opacity=&#8220;1&#8243; column_shadow=&#8220;none&#8220; column_border_radius=&#8220;none&#8220; width=&#8220;2\/3&#8243; tablet_text_alignment=&#8220;default&#8220; phone_text_alignment=&#8220;default&#8220; column_border_width=&#8220;none&#8220; column_border_style=&#8220;solid&#8220;][vc_custom_heading text=&#8220;Ausstellung: Enjoying the Fruits<br \/>\nof Yugoslavia\u2019s Third Way&#8220; font_container=&#8220;tag:h2|font_size:24|text_align:left|color:%232e30c9&#8243; use_theme_fonts=&#8220;yes&#8220;]<div class=\"divider-wrap\"><div style=\"height: 10px;\" class=\"divider\"><\/div><\/div>[vc_column_text]\n<h3>Tracing for Clues in Hotels and Ruins of Late Modernity<\/h3>\n[\/vc_column_text]<div class=\"divider-wrap\"><div style=\"height: 40px;\" class=\"divider\"><\/div><\/div><div class=\"img-with-aniamtion-wrap \" data-max-width=\"100%\" data-border-radius=\"none\"><div class=\"inner\"><img loading=\"lazy\" decoding=\"async\" data-shadow=\"none\" data-shadow-direction=\"middle\" class=\"img-with-animation \" data-delay=\"0\" height=\"3543\" width=\"2574\" data-animation=\"fade-in\" src=\"https:\/\/tracingspaces.net\/holidaysafterthefall\/wp-content\/uploads\/sites\/3\/2018\/07\/Halu_casinohalle_kl.jpg\" srcset=\"https:\/\/tracingspaces.net\/holidaysafterthefall\/wp-content\/uploads\/sites\/3\/2018\/07\/Halu_casinohalle_kl.jpg 2574w, https:\/\/tracingspaces.net\/holidaysafterthefall\/wp-content\/uploads\/sites\/3\/2018\/07\/Halu_casinohalle_kl-218x300.jpg 218w, https:\/\/tracingspaces.net\/holidaysafterthefall\/wp-content\/uploads\/sites\/3\/2018\/07\/Halu_casinohalle_kl-768x1057.jpg 768w, https:\/\/tracingspaces.net\/holidaysafterthefall\/wp-content\/uploads\/sites\/3\/2018\/07\/Halu_casinohalle_kl-744x1024.jpg 744w\" sizes=\"auto, 100vw\" alt=\"\" \/><\/div><\/div><div class=\"divider-wrap\"><div style=\"height: 40px;\" class=\"divider\"><\/div><\/div>[\/vc_column][vc_column column_padding=&#8220;no-extra-padding&#8220; column_padding_position=&#8220;all&#8220; background_color_opacity=&#8220;1&#8243; background_hover_color_opacity=&#8220;1&#8243; column_shadow=&#8220;none&#8220; column_border_radius=&#8220;none&#8220; width=&#8220;1\/3&#8243; tablet_text_alignment=&#8220;default&#8220; phone_text_alignment=&#8220;default&#8220; column_border_width=&#8220;none&#8220; column_border_style=&#8220;solid&#8220;][\/vc_column][\/vc_row][vc_row type=&#8220;in_container&#8220; full_screen_row_position=&#8220;middle&#8220; scene_position=&#8220;center&#8220; text_color=&#8220;dark&#8220; text_align=&#8220;left&#8220; overlay_strength=&#8220;0.3&#8243; shape_divider_position=&#8220;bottom&#8220;][vc_column column_padding=&#8220;no-extra-padding&#8220; column_padding_position=&#8220;all&#8220; background_color_opacity=&#8220;1&#8243; background_hover_color_opacity=&#8220;1&#8243; column_shadow=&#8220;none&#8220; column_border_radius=&#8220;none&#8220; width=&#8220;2\/3&#8243; tablet_text_alignment=&#8220;default&#8220; phone_text_alignment=&#8220;default&#8220; column_border_width=&#8220;none&#8220; column_border_style=&#8220;solid&#8220;][vc_column_text]\n<h4>Exhibition at<\/h4>\n<h4>Galerie Gebhart Blazek. Berber-Arts Leonhardstrasse 12, 8010 Graz \/ Austria<\/h4>\n<p>March 4 to April 8 2016<\/p>\n<p>&nbsp;<\/p>\n<p>Modern art, interior design and furniture played a crucial role in the development of the new ambitious hotels and resorts built during the 1960s and 70s at the Yugoslavian Adriatic coast. Tourism had been considered as a tool for the modernisation of the Yugoslav society and the hotels had been intended to be also show-cases and stages to display the success of the Third Way to both domestic an foreign guests.<\/p>\n<p>Holidays by Austrian citizens to then socialist Yugoslavia \u2013 mostly to the Croatian Adriatic coast \u2013 therefore represented not only a trip into a deviant political system but also an aesthetic experience of Modernity, that significantly differed from the rustic Austrian tourism landscape.<\/p>\n<p>What then had been restricted to elitist avant-garde art exhibitions in Austria (e.g. the Trigon series in Graz starting in 1963), was implemented into buildings for mass tourism and consumption also addressing the working and middle class. This is why the current exhibition in Graz is shown in the \u201cshowcase\u201d of a commercial gallery in the midst of the City\u2019s public space.<\/p>\n<p>Hotel interiors bygone by innovation, demolition and plunder, will be shown by paper walls based on old photographs, with reproductions of painting and enamels by Edo Murti\u0107, sculptures by Du\u0161an D\u017eamonja, tapestry by Jagoda Bui\u0107, designs for interior and furniture by Bernardo Bernardi, Zdravko Bregovac, and Igor Emili. Furthermore presented are original objects recently found in hotels of the 1960s and 70s that would be highly desired collector items in many other nations, sold in vintage-design shops. These historical artefacts will be juxtaposed by a few works of contemporary artists dealing with the legacy of Socialist Modernisation in Tourism in Croatia, e.g. paintings by Moni K. Huber, video- und photo works by Daniele Ansidei, Ryan S. Jeffery, and Slaven Tolj.<\/p>\n<p>Curator: Michael Zinganel<\/p>\n<p>&nbsp;<\/p>\n<h4>Roundtable in the Gallery<br \/>\nWednesday, March 16 2016 5 p.m.<\/h4>\n<p>About the synthesis of architecture, art, design and lifestyle and the appropriation by locals in tourism projects in non-aligned Yugoslavia<\/p>\n<p>Maroje Mrdulja\u0161, architecture critic and curator from Zagreb, editor of the architecture magazine ORIS, and co-editor and co-curator of e.g. \u201cUnfinished Modernizations \u2013 Between Utopia and Pragmatism\u201c and \u201cModernism in Between. The Mediatory Architectures of Socialist Yugoslavia\u201c (jovis 2012)<br \/>\nNata\u0161a Bodro\u017ei\u0107\/ Sa\u0161a \u0160impraga, cultural workers from Zagreb, initiators and organizers of an activist project for re-evaluating and preserving Yugoslav modernist architectural heritage in Croatia, with the focus on the Adriatic motels by Ivan Viti\u0107. Editors of the book MOTEL TROGIR: It is not Future that Always Comes After (Onomatopee\/ Loose Associations, 2016)<br \/>\nMichael Zinganel, cultural historian, curator and co-founder of Tracing Spaces, co-editor of the publication \u201cHolidays after Fall. Seaside Architecture in Bulgaria and Croatia\u201c (jovis 2013) und curator of the current exhibition<\/p>\n<p>&nbsp;<\/p>\n<h4>Architektur in Serie: March 17 8 p.m.<br \/>\nFORUM STADTPARK, Stadtpark 1, 8010 Graz<\/h4>\n<p>Revisiting the Affordable Paradise<br \/>\nModernist hotels und resorts at the Croatian Adriatic in historical commercials and current video productions<\/p>\n<p>Sonne \u00fcber der Adria, Regie: Karl Georg K\u00fclb, BRD\/Yugoslavia 1954; Dobro do\u0161li Primo\u0161ten, Commercial, Zastava Film, Yugoslavia 1971; Hotel Palace Malinska\/Krk, Documentation, Yugoslavia 1972, 12 min.; Hotel Libertas Dubrovnik, Commercial, Yugoslavia 1976, 30 min.; Kanegra, Katharina Copony, Austria 2004, 50 min.; Merely Human, Music Clip, Eva Vidan Gallagher and Filip Koludrovic, Croatia\/USA 2013, 3,44 min.; Frontstage\u2013Backstage, Andrea Seidling, Croatia\/Austria 2015, 15 min.<\/p>\n<p>with Andrea Seidling<br \/>\nmoderated by Michael Zinganel[\/vc_column_text]<div class=\"divider-wrap\"><div style=\"height: 40px;\" class=\"divider\"><\/div><\/div>[\/vc_column][vc_column column_padding=&#8220;no-extra-padding&#8220; column_padding_position=&#8220;all&#8220; background_color_opacity=&#8220;1&#8243; background_hover_color_opacity=&#8220;1&#8243; column_shadow=&#8220;none&#8220; column_border_radius=&#8220;none&#8220; width=&#8220;1\/3&#8243; tablet_text_alignment=&#8220;default&#8220; phone_text_alignment=&#8220;default&#8220; column_border_width=&#8220;none&#8220; column_border_style=&#8220;solid&#8220;][\/vc_column][\/vc_row][vc_row type=&#8220;in_container&#8220; full_screen_row_position=&#8220;middle&#8220; scene_position=&#8220;center&#8220; text_color=&#8220;dark&#8220; text_align=&#8220;left&#8220; overlay_strength=&#8220;0.3&#8243; shape_divider_position=&#8220;bottom&#8220;][vc_column column_padding=&#8220;no-extra-padding&#8220; column_padding_position=&#8220;all&#8220; background_color_opacity=&#8220;1&#8243; background_hover_color_opacity=&#8220;1&#8243; column_shadow=&#8220;none&#8220; column_border_radius=&#8220;none&#8220; width=&#8220;2\/3&#8243; tablet_text_alignment=&#8220;default&#8220; phone_text_alignment=&#8220;default&#8220; column_border_width=&#8220;none&#8220; column_border_style=&#8220;solid&#8220;][vc_gallery type=&#8220;flexslider_style&#8220; images=&#8220;386,392,389,390,388,393,387,391&#8243; onclick=&#8220;link_no&#8220;][\/vc_column][vc_column column_padding=&#8220;no-extra-padding&#8220; column_padding_position=&#8220;all&#8220; background_color_opacity=&#8220;1&#8243; background_hover_color_opacity=&#8220;1&#8243; column_shadow=&#8220;none&#8220; column_border_radius=&#8220;none&#8220; width=&#8220;1\/3&#8243; tablet_text_alignment=&#8220;default&#8220; phone_text_alignment=&#8220;default&#8220; column_border_width=&#8220;none&#8220; column_border_style=&#8220;solid&#8220;][\/vc_column][\/vc_row][vc_row type=&#8220;in_container&#8220; full_screen_row_position=&#8220;middle&#8220; scene_position=&#8220;center&#8220; text_color=&#8220;dark&#8220; text_align=&#8220;left&#8220; overlay_strength=&#8220;0.3&#8243; shape_divider_position=&#8220;bottom&#8220;][vc_column column_padding=&#8220;no-extra-padding&#8220; column_padding_position=&#8220;all&#8220; background_color_opacity=&#8220;1&#8243; background_hover_color_opacity=&#8220;1&#8243; column_shadow=&#8220;none&#8220; column_border_radius=&#8220;none&#8220; width=&#8220;2\/3&#8243; tablet_text_alignment=&#8220;default&#8220; phone_text_alignment=&#8220;default&#8220; column_border_width=&#8220;none&#8220; column_border_style=&#8220;solid&#8220;][vc_column_text]Eine Co-Produktion von Gebhart Blazek. Berber-Arts, Forum Stadtpark und Michael Zinganel finanziert durch das Amt der Steierm\u00e4rkischen Landesregierung Abt. 9 Kultur, Europa und Au\u00dfenbeziehungen im Rahmen des Calls f\u00fcr Grenz\u00fcberschreitende Kunst- und Kulturprojekte 2015 <em>Spuren der Freundschaft<\/em><\/p>\n<p>mit freundlicher Unterst\u00fctzung der Unternehmen Valamar und Laguna Pore\u010d\/Kroatien, der Galerie Michaela Stock und Zoran Balog[\/vc_column_text]<div class=\"divider-wrap\"><div style=\"height: 40px;\" class=\"divider\"><\/div><\/div>[vc_row_inner column_margin=&#8220;default&#8220; text_align=&#8220;left&#8220;][vc_column_inner column_padding=&#8220;no-extra-padding&#8220; column_padding_position=&#8220;all&#8220; background_color_opacity=&#8220;1&#8243; background_hover_color_opacity=&#8220;1&#8243; column_shadow=&#8220;none&#8220; column_border_radius=&#8220;none&#8220; width=&#8220;1\/4&#8243; column_border_width=&#8220;none&#8220; column_border_style=&#8220;solid&#8220;]<div class=\"img-with-aniamtion-wrap \" data-max-width=\"100%\" data-border-radius=\"none\"><div class=\"inner\"><img loading=\"lazy\" decoding=\"async\" data-shadow=\"none\" data-shadow-direction=\"middle\" class=\"img-with-animation \" data-delay=\"0\" height=\"45\" width=\"300\" data-animation=\"none\" src=\"https:\/\/tracingspaces.net\/holidaysafterthefall\/wp-content\/uploads\/sites\/3\/2018\/07\/BlazekHorizontal_web.jpg\"  alt=\"\" \/><\/div><\/div>[\/vc_column_inner][vc_column_inner column_padding=&#8220;no-extra-padding&#8220; column_padding_position=&#8220;all&#8220; background_color_opacity=&#8220;1&#8243; background_hover_color_opacity=&#8220;1&#8243; column_shadow=&#8220;none&#8220; column_border_radius=&#8220;none&#8220; width=&#8220;1\/4&#8243; column_border_width=&#8220;none&#8220; column_border_style=&#8220;solid&#8220;]<div class=\"img-with-aniamtion-wrap \" data-max-width=\"100%\" data-border-radius=\"none\"><div class=\"inner\"><img loading=\"lazy\" decoding=\"async\" data-shadow=\"none\" data-shadow-direction=\"middle\" class=\"img-with-animation \" data-delay=\"0\" height=\"23\" width=\"310\" data-animation=\"none\" src=\"https:\/\/tracingspaces.net\/holidaysafterthefall\/wp-content\/uploads\/sites\/3\/2018\/07\/130111_FORUMSTADTPARK_sw-310x23.gif\"  alt=\"\" \/><\/div><\/div>[\/vc_column_inner][vc_column_inner column_padding=&#8220;no-extra-padding&#8220; column_padding_position=&#8220;all&#8220; background_color_opacity=&#8220;1&#8243; background_hover_color_opacity=&#8220;1&#8243; column_shadow=&#8220;none&#8220; column_border_radius=&#8220;none&#8220; width=&#8220;1\/4&#8243; column_border_width=&#8220;none&#8220; column_border_style=&#8220;solid&#8220;]<div class=\"img-with-aniamtion-wrap \" data-max-width=\"100%\" data-border-radius=\"none\"><div class=\"inner\"><img loading=\"lazy\" decoding=\"async\" data-shadow=\"none\" data-shadow-direction=\"middle\" class=\"img-with-animation \" data-delay=\"0\" height=\"100\" width=\"100\" data-animation=\"fade-in\" src=\"\"  alt=\"\" \/><\/div><\/div>[\/vc_column_inner][vc_column_inner column_padding=&#8220;no-extra-padding&#8220; column_padding_position=&#8220;all&#8220; background_color_opacity=&#8220;1&#8243; background_hover_color_opacity=&#8220;1&#8243; column_shadow=&#8220;none&#8220; column_border_radius=&#8220;none&#8220; width=&#8220;1\/4&#8243; column_border_width=&#8220;none&#8220; column_border_style=&#8220;solid&#8220;]<div class=\"img-with-aniamtion-wrap \" data-max-width=\"100%\" data-border-radius=\"none\"><div class=\"inner\"><img loading=\"lazy\" decoding=\"async\" data-shadow=\"none\" data-shadow-direction=\"middle\" class=\"img-with-animation \" data-delay=\"0\" height=\"100\" width=\"100\" data-animation=\"fade-in\" src=\"\"  alt=\"\" \/><\/div><\/div>[\/vc_column_inner][\/vc_row_inner][\/vc_column][vc_column column_padding=&#8220;no-extra-padding&#8220; column_padding_position=&#8220;all&#8220; background_color_opacity=&#8220;1&#8243; background_hover_color_opacity=&#8220;1&#8243; column_shadow=&#8220;none&#8220; column_border_radius=&#8220;none&#8220; width=&#8220;1\/3&#8243; tablet_text_alignment=&#8220;default&#8220; phone_text_alignment=&#8220;default&#8220; column_border_width=&#8220;none&#8220; column_border_style=&#8220;solid&#8220;][\/vc_column][\/vc_row]\n","protected":false},"excerpt":{"rendered":"<p>[vc_row type=&#8220;in_container&#8220; full_screen_row_position=&#8220;middle&#8220; scene_position=&#8220;center&#8220; text_color=&#8220;dark&#8220; text_align=&#8220;left&#8220; overlay_strength=&#8220;0.3&#8243; shape_divider_position=&#8220;bottom&#8220;][vc_column column_padding=&#8220;no-extra-padding&#8220; column_padding_position=&#8220;all&#8220; background_color_opacity=&#8220;1&#8243; background_hover_color_opacity=&#8220;1&#8243; column_shadow=&#8220;none&#8220; column_border_radius=&#8220;none&#8220; width=&#8220;2\/3&#8243; tablet_text_alignment=&#8220;default&#8220; phone_text_alignment=&#8220;default&#8220; column_border_width=&#8220;none&#8220; column_border_style=&#8220;solid&#8220;][vc_custom_heading text=&#8220;Ausstellung: Enjoying the Fruits of Yugoslavia\u2019s Third Way&#8220; font_container=&#8220;tag:h2|font_size:24|text_align:left|color:%232e30c9&#8243; use_theme_fonts=&#8220;yes&#8220;][vc_column_text] Tracing&#8230;<\/p>\n","protected":false},"author":1,"featured_media":0,"parent":0,"menu_order":0,"comment_status":"closed","ping_status":"closed","template":"","meta":{"footnotes":""},"class_list":["post-280","page","type-page","status-publish"],"_links":{"self":[{"href":"https:\/\/tracingspaces.net\/holidaysafterthefall\/wp-json\/wp\/v2\/pages\/280","targetHints":{"allow":["GET"]}}],"collection":[{"href":"https:\/\/tracingspaces.net\/holidaysafterthefall\/wp-json\/wp\/v2\/pages"}],"about":[{"href":"https:\/\/tracingspaces.net\/holidaysafterthefall\/wp-json\/wp\/v2\/types\/page"}],"author":[{"embeddable":true,"href":"https:\/\/tracingspaces.net\/holidaysafterthefall\/wp-json\/wp\/v2\/users\/1"}],"replies":[{"embeddable":true,"href":"https:\/\/tracingspaces.net\/holidaysafterthefall\/wp-json\/wp\/v2\/comments?post=280"}],"version-history":[{"count":6,"href":"https:\/\/tracingspaces.net\/holidaysafterthefall\/wp-json\/wp\/v2\/pages\/280\/revisions"}],"predecessor-version":[{"id":486,"href":"https:\/\/tracingspaces.net\/holidaysafterthefall\/wp-json\/wp\/v2\/pages\/280\/revisions\/486"}],"wp:attachment":[{"href":"https:\/\/tracingspaces.net\/holidaysafterthefall\/wp-json\/wp\/v2\/media?parent=280"}],"curies":[{"name":"wp","href":"https:\/\/api.w.org\/{rel}","templated":true}]}}