{"id":212,"date":"2018-07-30T15:39:18","date_gmt":"2018-07-30T13:39:18","guid":{"rendered":"https:\/\/tracingspaces.net\/holidays-after-the-fall\/?page_id=212"},"modified":"2023-12-23T18:09:11","modified_gmt":"2023-12-23T17:09:11","slug":"ausstellung-spurensuche-in-den-hotel-ruinen-der-spaetmoderne","status":"publish","type":"page","link":"https:\/\/tracingspaces.net\/holidaysafterthefall\/ausstellung-spurensuche-in-den-hotel-ruinen-der-spaetmoderne\/","title":{"rendered":"Ausstellung Spurensuche in den Hotel-Ruinen der Sp\u00e4tmoderne"},"content":{"rendered":"[vc_row type=&#8220;in_container&#8220; full_screen_row_position=&#8220;middle&#8220; scene_position=&#8220;center&#8220; text_color=&#8220;dark&#8220; text_align=&#8220;left&#8220; overlay_strength=&#8220;0.3&#8243; shape_divider_position=&#8220;bottom&#8220;][vc_column column_padding=&#8220;no-extra-padding&#8220; column_padding_position=&#8220;all&#8220; background_color_opacity=&#8220;1&#8243; background_hover_color_opacity=&#8220;1&#8243; column_shadow=&#8220;none&#8220; column_border_radius=&#8220;none&#8220; width=&#8220;2\/3&#8243; tablet_text_alignment=&#8220;default&#8220; phone_text_alignment=&#8220;default&#8220; column_border_width=&#8220;none&#8220; column_border_style=&#8220;solid&#8220;][vc_custom_heading text=&#8220;Ausstellung: Enjoying the Fruits<br \/>\nof Yugoslavia\u2019s Third Way&#8220; font_container=&#8220;tag:h2|font_size:24|text_align:left|color:%232e30c9&#8243; use_theme_fonts=&#8220;yes&#8220;]<div class=\"divider-wrap\"><div style=\"height: 10px;\" class=\"divider\"><\/div><\/div>[vc_column_text]\n<h3>Spurensuche in den Hotel-Ruinen der Sp\u00e4tmoderne<\/h3>\n[\/vc_column_text]<div class=\"divider-wrap\"><div style=\"height: 40px;\" class=\"divider\"><\/div><\/div><div class=\"img-with-aniamtion-wrap \" data-max-width=\"100%\" data-border-radius=\"none\"><div class=\"inner\"><img loading=\"lazy\" decoding=\"async\" data-shadow=\"none\" data-shadow-direction=\"middle\" class=\"img-with-animation \" data-delay=\"0\" height=\"3543\" width=\"2574\" data-animation=\"none\" src=\"https:\/\/tracingspaces.net\/holidaysafterthefall\/wp-content\/uploads\/sites\/3\/2018\/07\/Halu_casinohalle_kl.jpg\" srcset=\"https:\/\/tracingspaces.net\/holidaysafterthefall\/wp-content\/uploads\/sites\/3\/2018\/07\/Halu_casinohalle_kl.jpg 2574w, https:\/\/tracingspaces.net\/holidaysafterthefall\/wp-content\/uploads\/sites\/3\/2018\/07\/Halu_casinohalle_kl-218x300.jpg 218w, https:\/\/tracingspaces.net\/holidaysafterthefall\/wp-content\/uploads\/sites\/3\/2018\/07\/Halu_casinohalle_kl-768x1057.jpg 768w, https:\/\/tracingspaces.net\/holidaysafterthefall\/wp-content\/uploads\/sites\/3\/2018\/07\/Halu_casinohalle_kl-744x1024.jpg 744w\" sizes=\"auto, 100vw\" alt=\"\" \/><\/div><\/div><div class=\"divider-wrap\"><div style=\"height: 40px;\" class=\"divider\"><\/div><\/div>[vc_column_text]\n<h4>Austellung in der<\/h4>\n<h4>Galerie\u00a0Gebhart Blazek. Berber-Arts<br \/>\nLeonhardstrasse 12, 8010 Graz<\/h4>\n<p>4. M\u00e4rz bis 8. April\u00a02016<\/p>\n<p>&nbsp;<\/p>\n<p>Moderner Kunst, Interieur und Design wurde in den 1960er und 70er Jahren eine ma\u00dfgebliche Rolle bei der Gestaltung der neuen ambitionierten Hotel- und Resort-Projekte an der jugoslawischen Adriak\u00fcste zugewiesen, die wiederum die Modernisierung der Gesellschaft und die Selbstdarstellung des Erfolges des Dritten Weges Jugoslawiens nach innen wie nach au\u00dfen zum Ziel hatten.<\/p>\n<p>Urlaube von \u00d6sterreicher_innen im sozialistischen Jugoslawien \u2013 in der Regel an der kroatischen Adria \u2013 waren daher nicht nur Reisen in ein abweichendes politisches System sondern auch in eine differente \u00e4sthetisch sensationelle Formenwelt, in eine Modernit\u00e4t und Mond\u00e4nit\u00e4t, die sich diametral von der rustikalen \u00f6sterreichischen Erlebnislandschaft unterschied.<\/p>\n<p>Was in \u00d6sterreich damals auf Avantgarde-Ausstellungen beschr\u00e4nkt war (wie etwa seit 1963 in den Trigon-Ausstellungen in Graz), fand dort Eingang in Konsumwelten, die f\u00fcr einen breiten Mittelstand entworfen wurden. Die Ausstellung in Graz findet daher auch in einem \u201cSchaufenster\u201d einer Galerie inmitten des \u00f6ffentlichen Stadtraums statt.<\/p>\n<p>Die Ausstellung zitiert diese heute verloren gegangenen Hotel-Interieurs mit Hilfe von Wandtapeten mit Reproduktionen von Gem\u00e4lden und Emailarbeiten von Edo Murti\u0107, Skulpturen von Du\u0161an D\u017eamonja, Tapisserien von Jagoda Bui\u0107, Interieur- und M\u00f6belentw\u00fcrfe von Bernardo Bernardi, Zdravko Bregovac, und Igor Emili und Original-Fundst\u00fccken aus den Hotels, die andernorts l\u00e4ngst den Charakter von Vintage-Sammlerst\u00fccken erlangt haben. Dem werden zeitgen\u00f6ssische Arbeiten gegen\u00fcbergestellt, die sich in unterschiedlichen Formen der Spurensuche mit dem Erbe der sozialistischen Moderne im Tourismus auseinandersetzen: u.a. Malerei von Moni\u00a0K.\u00a0Huber, Video- und Fotoarbeiten von Daniele Ansidei, Ryan S. Jeffery und Slaven Tolj.<\/p>\n<p>Kurator: Michael Zinganel<\/p>\n<p>&nbsp;<\/p>\n<h4><strong>Podiumsdiskussion in der Galerie<\/strong><br \/>\n<strong>Mittwoch, 16. M\u00e4rz 2016 17 Uhr<\/strong><\/h4>\n<p>\u00dcber beispielhafte Architektur-, Kunst- und Design-Projekte aus touristischen Erlebniswelten im Sozialistischen Jugoslawien diskutieren<\/p>\n<p>Maroje Mrdulja\u0161, Architekturkritiker und Kurator Zagreb, Stv. Chef-Redakteur der Architekturzeitschrift ORIS, Co-Kurator des Projektes \u201eUnfinished Modernisations \u2013 Between Utopia and Pragmatism\u201c.<br \/>\nNata\u0161a Bodro\u017ei\u0107, Kuratorin und Kulturarbeiterin Zagreb, Mitbegr\u00fcnderin von \u201eSlobodne veze\/Loose associations- contemporary art practices\u201c, Mitorganisatorin eines aktivistischen Projektes zur Rettung des Motel Trogir von Ivan Viti\u0107.<br \/>\nMichael Zinganel, Kulturhistoriker und Mitbegr\u00fcnder von Tracing Spaces, Herausgeber der Buches \u201eHolidays after Fall\u201c und Kurator der aktuellen Ausstellung<\/p>\n<p>&nbsp;<\/p>\n<h4>Architektur in Serie: 17. M\u00e4rz 20 Uhr<br \/>\nFORUM STADTPARK, Stadtpark 1, 8010 Graz<\/h4>\n<p>Revisiting the Affordable Paradise Modernistische Hotels und Resorts an der kroatischen Adriak\u00fcste in historischen Werbefilmen und aktuellen Videoprojekten<\/p>\n<p>Sonne \u00fcber der Adria, Spielfilm, Regie: Karl Georg K\u00fclb, BR Deutschland\/Jugoslawien 1954; Dobro do\u0161li Primo\u0161ten, Werbefilm, Zastava Film, Jugoslawien 1971; Dokumentation der Er\u00f6ffnung des Hotel Palace bei Malinska\/Krk, Jugoslawien 1972, 12 min.; Hotel Libertas Dubrovnik, Werbefilm, Jugoslawien 1976, 30 min.; Kanegra, Regie: Katharina Copony, 2004, 50 min.; Merely Human, Music Clip, Eva Vidan Gallagher und Filip Koludrovic, Kroatien\/USA 2013, 3,44 min.; Frontstage\u2013Backstage, Regie: Andrea Seidling, Kroatien\/\u00d6sterreich 2015, 15 min.<\/p>\n<p>mit Andrea Seidling<br \/>\nmoderiert von Michael Zinganel[\/vc_column_text]<div class=\"divider-wrap\"><div style=\"height: 40px;\" class=\"divider\"><\/div><\/div><div class=\"divider-wrap\"><div style=\"height: 40px;\" class=\"divider\"><\/div><\/div>[vc_column_text]\n<div class=\"wpb_text_column wpb_content_element \">\n<div class=\"wpb_wrapper\">\n<p>Eine Co-Produktion von Gebhart Blazek.\u00a0Berber-Arts, Forum Stadtpark und Michael Zinganel finanziert durch das Amt der Steierm\u00e4rkischen Landesregierung Abt. 9 Kultur, Europa und Au\u00dfenbeziehungen im Rahmen des Calls f\u00fcr Grenz\u00fcberschreitende Kunst- und Kulturprojekte 2015 <em>Spuren der Freundschaft<\/em><\/p>\n<p>mit freundlicher Unterst\u00fctzung der Unternehmen Valamar und Laguna Pore\u010d\/Kroatien, der Galerie Michaela Stock und Zoran Balog<\/p>\n<\/div>\n<\/div>\n[\/vc_column_text]<div class=\"divider-wrap\"><div style=\"height: 40px;\" class=\"divider\"><\/div><\/div>[vc_row_inner column_margin=&#8220;default&#8220; text_align=&#8220;left&#8220;][vc_column_inner column_padding=&#8220;no-extra-padding&#8220; column_padding_position=&#8220;all&#8220; background_color_opacity=&#8220;1&#8243; background_hover_color_opacity=&#8220;1&#8243; column_shadow=&#8220;none&#8220; column_border_radius=&#8220;none&#8220; width=&#8220;1\/4&#8243; column_border_width=&#8220;none&#8220; column_border_style=&#8220;solid&#8220;]<div class=\"img-with-aniamtion-wrap \" data-max-width=\"100%\" data-border-radius=\"none\"><div class=\"inner\"><img loading=\"lazy\" decoding=\"async\" data-shadow=\"none\" data-shadow-direction=\"middle\" class=\"img-with-animation \" data-delay=\"0\" height=\"45\" width=\"300\" data-animation=\"none\" src=\"https:\/\/tracingspaces.net\/holidaysafterthefall\/wp-content\/uploads\/sites\/3\/2018\/07\/BlazekHorizontal_web.jpg\"  alt=\"\" \/><\/div><\/div><div class=\"divider-wrap\"><div style=\"height: 30px;\" class=\"divider\"><\/div><\/div>[\/vc_column_inner][vc_column_inner column_padding=&#8220;no-extra-padding&#8220; column_padding_position=&#8220;all&#8220; background_color_opacity=&#8220;1&#8243; background_hover_color_opacity=&#8220;1&#8243; column_shadow=&#8220;none&#8220; column_border_radius=&#8220;none&#8220; width=&#8220;1\/4&#8243; column_border_width=&#8220;none&#8220; column_border_style=&#8220;solid&#8220;]<div class=\"img-with-aniamtion-wrap \" data-max-width=\"100%\" data-border-radius=\"none\"><div class=\"inner\"><img loading=\"lazy\" decoding=\"async\" data-shadow=\"none\" data-shadow-direction=\"middle\" class=\"img-with-animation \" data-delay=\"0\" height=\"23\" width=\"310\" data-animation=\"none\" src=\"https:\/\/tracingspaces.net\/holidaysafterthefall\/wp-content\/uploads\/sites\/3\/2018\/07\/130111_FORUMSTADTPARK_sw-310x23.gif\"  alt=\"\" \/><\/div><\/div><div class=\"divider-wrap\"><div style=\"height: 50px;\" class=\"divider\"><\/div><\/div>[\/vc_column_inner][vc_column_inner column_padding=&#8220;no-extra-padding&#8220; column_padding_position=&#8220;all&#8220; background_color_opacity=&#8220;1&#8243; background_hover_color_opacity=&#8220;1&#8243; column_shadow=&#8220;none&#8220; column_border_radius=&#8220;none&#8220; width=&#8220;1\/4&#8243; column_border_width=&#8220;none&#8220; column_border_style=&#8220;solid&#8220;]<div class=\"img-with-aniamtion-wrap \" data-max-width=\"100%\" data-border-radius=\"none\"><div class=\"inner\"><img loading=\"lazy\" decoding=\"async\" data-shadow=\"none\" data-shadow-direction=\"middle\" class=\"img-with-animation \" data-delay=\"0\" height=\"160\" width=\"300\" data-animation=\"fade-in\" src=\"https:\/\/tracingspaces.net\/holidaysafterthefall\/wp-content\/uploads\/sites\/3\/2018\/07\/VHR_BOLD-300x160.jpg\"  alt=\"\" \/><\/div><\/div>[\/vc_column_inner][vc_column_inner column_padding=&#8220;no-extra-padding&#8220; column_padding_position=&#8220;all&#8220; background_color_opacity=&#8220;1&#8243; background_hover_color_opacity=&#8220;1&#8243; column_shadow=&#8220;none&#8220; column_border_radius=&#8220;none&#8220; width=&#8220;1\/4&#8243; column_border_width=&#8220;none&#8220; column_border_style=&#8220;solid&#8220;]<div class=\"img-with-aniamtion-wrap \" data-max-width=\"100%\" data-border-radius=\"none\"><div class=\"inner\"><img loading=\"lazy\" decoding=\"async\" data-shadow=\"none\" data-shadow-direction=\"middle\" class=\"img-with-animation \" data-delay=\"0\" height=\"160\" width=\"300\" data-animation=\"fade-in\" src=\"https:\/\/tracingspaces.net\/holidaysafterthefall\/wp-content\/uploads\/sites\/3\/2018\/07\/A9_Kultur_Europa_Au\u00dfenbeziehungen_4C-1zeil-Kopie-300x160.gif\"  alt=\"\" \/><\/div><\/div>[\/vc_column_inner][\/vc_row_inner]<div class=\"divider-wrap\"><div style=\"height: 60px;\" class=\"divider\"><\/div><\/div>[\/vc_column][vc_column column_padding=&#8220;no-extra-padding&#8220; column_padding_position=&#8220;all&#8220; background_color_opacity=&#8220;1&#8243; background_hover_color_opacity=&#8220;1&#8243; column_shadow=&#8220;none&#8220; column_border_radius=&#8220;none&#8220; width=&#8220;1\/3&#8243; tablet_text_alignment=&#8220;default&#8220; phone_text_alignment=&#8220;default&#8220; column_border_width=&#8220;none&#8220; column_border_style=&#8220;solid&#8220;][\/vc_column][\/vc_row][vc_row type=&#8220;in_container&#8220; full_screen_row_position=&#8220;middle&#8220; scene_position=&#8220;center&#8220; text_color=&#8220;dark&#8220; text_align=&#8220;left&#8220; overlay_strength=&#8220;0.3&#8243; shape_divider_position=&#8220;bottom&#8220;][vc_column column_padding=&#8220;no-extra-padding&#8220; column_padding_position=&#8220;all&#8220; background_color_opacity=&#8220;1&#8243; background_hover_color_opacity=&#8220;1&#8243; column_shadow=&#8220;none&#8220; column_border_radius=&#8220;none&#8220; width=&#8220;2\/3&#8243; tablet_text_alignment=&#8220;default&#8220; phone_text_alignment=&#8220;default&#8220; column_border_width=&#8220;none&#8220; column_border_style=&#8220;solid&#8220;][vc_gallery type=&#8220;flexslider_style&#8220; images=&#8220;231,237,234,235,233,238,232,236&#8243; onclick=&#8220;link_image&#8220; img_size=&#8220;full&#8220;][\/vc_column][vc_column column_padding=&#8220;no-extra-padding&#8220; column_padding_position=&#8220;all&#8220; background_color_opacity=&#8220;1&#8243; background_hover_color_opacity=&#8220;1&#8243; column_shadow=&#8220;none&#8220; column_border_radius=&#8220;none&#8220; width=&#8220;1\/3&#8243; tablet_text_alignment=&#8220;default&#8220; phone_text_alignment=&#8220;default&#8220; column_border_width=&#8220;none&#8220; column_border_style=&#8220;solid&#8220;][\/vc_column][\/vc_row]\n","protected":false},"excerpt":{"rendered":"<p>[vc_row type=&#8220;in_container&#8220; full_screen_row_position=&#8220;middle&#8220; scene_position=&#8220;center&#8220; text_color=&#8220;dark&#8220; text_align=&#8220;left&#8220; overlay_strength=&#8220;0.3&#8243; shape_divider_position=&#8220;bottom&#8220;][vc_column column_padding=&#8220;no-extra-padding&#8220; column_padding_position=&#8220;all&#8220; background_color_opacity=&#8220;1&#8243; background_hover_color_opacity=&#8220;1&#8243; column_shadow=&#8220;none&#8220; column_border_radius=&#8220;none&#8220; width=&#8220;2\/3&#8243; tablet_text_alignment=&#8220;default&#8220; phone_text_alignment=&#8220;default&#8220; column_border_width=&#8220;none&#8220; column_border_style=&#8220;solid&#8220;][vc_custom_heading text=&#8220;Ausstellung: Enjoying the Fruits of Yugoslavia\u2019s Third Way&#8220; font_container=&#8220;tag:h2|font_size:24|text_align:left|color:%232e30c9&#8243; use_theme_fonts=&#8220;yes&#8220;][vc_column_text] Spurensuche&#8230;<\/p>\n","protected":false},"author":1,"featured_media":0,"parent":0,"menu_order":0,"comment_status":"closed","ping_status":"closed","template":"","meta":{"footnotes":""},"class_list":["post-212","page","type-page","status-publish"],"_links":{"self":[{"href":"https:\/\/tracingspaces.net\/holidaysafterthefall\/wp-json\/wp\/v2\/pages\/212","targetHints":{"allow":["GET"]}}],"collection":[{"href":"https:\/\/tracingspaces.net\/holidaysafterthefall\/wp-json\/wp\/v2\/pages"}],"about":[{"href":"https:\/\/tracingspaces.net\/holidaysafterthefall\/wp-json\/wp\/v2\/types\/page"}],"author":[{"embeddable":true,"href":"https:\/\/tracingspaces.net\/holidaysafterthefall\/wp-json\/wp\/v2\/users\/1"}],"replies":[{"embeddable":true,"href":"https:\/\/tracingspaces.net\/holidaysafterthefall\/wp-json\/wp\/v2\/comments?post=212"}],"version-history":[{"count":25,"href":"https:\/\/tracingspaces.net\/holidaysafterthefall\/wp-json\/wp\/v2\/pages\/212\/revisions"}],"predecessor-version":[{"id":310,"href":"https:\/\/tracingspaces.net\/holidaysafterthefall\/wp-json\/wp\/v2\/pages\/212\/revisions\/310"}],"wp:attachment":[{"href":"https:\/\/tracingspaces.net\/holidaysafterthefall\/wp-json\/wp\/v2\/media?parent=212"}],"curies":[{"name":"wp","href":"https:\/\/api.w.org\/{rel}","templated":true}]}}