{"id":2,"date":"2018-06-19T09:30:51","date_gmt":"2018-06-19T07:30:51","guid":{"rendered":"https:\/\/tracingspaces.net\/holidays-after-the-fall\/?page_id=2"},"modified":"2023-12-23T18:14:37","modified_gmt":"2023-12-23T17:14:37","slug":"beispiel-seite","status":"publish","type":"page","link":"https:\/\/tracingspaces.net\/holidaysafterthefall\/beispiel-seite\/","title":{"rendered":"F\u00fchrungen"},"content":{"rendered":"[vc_row type=&#8220;in_container&#8220; full_screen_row_position=&#8220;middle&#8220; scene_position=&#8220;center&#8220; text_color=&#8220;dark&#8220; text_align=&#8220;left&#8220; overlay_strength=&#8220;0.3&#8243; shape_divider_position=&#8220;bottom&#8220;][vc_column column_padding=&#8220;no-extra-padding&#8220; column_padding_position=&#8220;all&#8220; background_color_opacity=&#8220;1&#8243; background_hover_color_opacity=&#8220;1&#8243; column_shadow=&#8220;none&#8220; column_border_radius=&#8220;none&#8220; width=&#8220;2\/3&#8243; tablet_text_alignment=&#8220;default&#8220; phone_text_alignment=&#8220;default&#8220; column_border_width=&#8220;none&#8220; column_border_style=&#8220;solid&#8220;][vc_custom_heading text=&#8220;Bustouren zu P\u00e4l\u00e4sten und Ruinen<br \/>\nsozialistischer Ferienarchitektur in Kroatien&#8220; font_container=&#8220;tag:h2|font_size:24|text_align:left|color:%232e30c9&#8243; use_theme_fonts=&#8220;yes&#8220;][\/vc_column][vc_column column_padding=&#8220;no-extra-padding&#8220; column_padding_position=&#8220;all&#8220; background_color_opacity=&#8220;1&#8243; background_hover_color_opacity=&#8220;1&#8243; column_shadow=&#8220;none&#8220; column_border_radius=&#8220;none&#8220; width=&#8220;1\/3&#8243; tablet_text_alignment=&#8220;default&#8220; phone_text_alignment=&#8220;default&#8220; column_border_width=&#8220;none&#8220; column_border_style=&#8220;solid&#8220;][\/vc_column][\/vc_row][vc_row type=&#8220;in_container&#8220; full_screen_row_position=&#8220;middle&#8220; scene_position=&#8220;center&#8220; text_color=&#8220;dark&#8220; text_align=&#8220;left&#8220; overlay_strength=&#8220;0.3&#8243; shape_divider_position=&#8220;bottom&#8220;][vc_column column_padding=&#8220;no-extra-padding&#8220; column_padding_position=&#8220;all&#8220; background_color_opacity=&#8220;1&#8243; background_hover_color_opacity=&#8220;1&#8243; column_shadow=&#8220;none&#8220; column_border_radius=&#8220;none&#8220; width=&#8220;2\/3&#8243; tablet_text_alignment=&#8220;default&#8220; phone_text_alignment=&#8220;default&#8220; column_border_width=&#8220;none&#8220; column_border_style=&#8220;solid&#8220;]<div class=\"img-with-aniamtion-wrap \" data-max-width=\"100%\" data-border-radius=\"none\"><div class=\"inner\"><img loading=\"lazy\" decoding=\"async\" data-shadow=\"none\" data-shadow-direction=\"middle\" class=\"img-with-animation \" data-delay=\"0\" height=\"533\" width=\"800\" data-animation=\"fade-in\" src=\"https:\/\/tracingspaces.net\/holidaysafterthefall\/wp-content\/uploads\/sites\/3\/2018\/07\/0_Party_hans1-1.jpg\" srcset=\"https:\/\/tracingspaces.net\/holidaysafterthefall\/wp-content\/uploads\/sites\/3\/2018\/07\/0_Party_hans1-1.jpg 800w, https:\/\/tracingspaces.net\/holidaysafterthefall\/wp-content\/uploads\/sites\/3\/2018\/07\/0_Party_hans1-1-300x200.jpg 300w, https:\/\/tracingspaces.net\/holidaysafterthefall\/wp-content\/uploads\/sites\/3\/2018\/07\/0_Party_hans1-1-768x512.jpg 768w\" sizes=\"auto, 100vw\" alt=\"\" \/><\/div><\/div><div class=\"divider-wrap\"><div style=\"height: 20px;\" class=\"divider\"><\/div><\/div>[vc_column_text]Teil des Recherche- und Vermittlungsprogramms zu Buch und Ausstellung bildeten gef\u00fchrte Architekturexkursionen mit einem Reisebus in das Forschungsfeld. Die erste 4-t\u00e4gige Busreise wurde von Michael Zinganel im Mai 2013 f\u00fcr das HDA Graz konzipiert. Es folgten weitere Exkursionen f\u00fcr das Az W im Mai 2014, f\u00fcr den Bund deutscher Architekten (BDA) K\u00f6ln im Oktober 2014 und f\u00fcr die TU M\u00fcnchen im Mai 2016 \u2013 sowie eint\u00e4gige Bustouren f\u00fcr das kroatische Publikum im Rahmen der Ausstellungen im MMSU Rijeka und Stadtmuseum Trogir im Jahr 2015.<\/p>\n<p>Ziel der 4-t\u00e4gigen Reisen waren ausgew\u00e4hlte moderne gro\u00dfma\u00dfst\u00e4bliche Ferienarchitekturen im Norden der kroatischen Adriak\u00fcste zwischen Pore\u010d\u00a0bis Krk. Besichtigt wurden Highlights der sozialistischen Nachkriegsmoderne, von einfachen Bungalow-Anlagen bis zu riesigen gestapelten brutalistischen Sichtbeton-Strukturen, die als Teil des Modernisierungsprogramms Jugoslawiens in den 1960er und 1970er Jahren \u2013 mit ma\u00dfgeblicher Unterst\u00fctzung des Westens \u2013 errichtet wurden. Sowohl aus dem Blickwinkel der \u00fcbergeordneten Entwicklungsplanung und Landschaftsgestaltung als auch bez\u00fcglich der Architekturtypologien der Einzelobjekte und ihrer k\u00fcnstlerischen Ausgestaltung sind hier mitunter Aufsehen erregende Projekte entstanden, die internationale Planungs-Tendenzen f\u00fcr den regionalen und politischen Kontext adaptierten.<\/p>\n<p>Nach dem kriegsbedingten Einbruch der Tourismusindustrie 1991 und der stark versp\u00e4teten Privatisierung stellen sich diese Bauten heute je nach finanzieller Potenz und Engagement ihrer neuen Besitzer sowie ihres Verh\u00e4ltnisses zu lokalen Beh\u00f6rden in sehr unterschiedlichem physischen Zustand dar: von vereinzelten neuen 5 Sterne Design-Hotels, \u00fcber moderat renovierten Adaptionen des Bestandes bis zu verfallenden Ruinen der Sp\u00e4tmoderne und melancholischen Denkm\u00e4lern, die an die gro\u00dfen Ambitionen des Dritten Weges im ehemaligen Jugoslawien erinnern.<\/p>\n<p>Eine detaillierte Auto-Ethnographie dieser Reisepraxis ist im folgenden Artikel nachzulesen:<\/p>\n<p>Michael Zinganel: Recalling the ruins of the socialist modernity: Touring lost places in Yugoslavia between private search of identity and cultural heritage tourism, in: S. Owsianowska and M. Banaszkiewicz (eds) Anthropology of tourism in Central and Eastern Europe. Bridging the Worlds, Lanham, MD: Lexington Books 2018, S. 201\u2013293.[\/vc_column_text]<div class=\"divider-wrap\"><div style=\"height: 20px;\" class=\"divider\"><\/div><\/div>[\/vc_column][vc_column column_padding=&#8220;no-extra-padding&#8220; column_padding_position=&#8220;all&#8220; background_color_opacity=&#8220;1&#8243; background_hover_color_opacity=&#8220;1&#8243; column_shadow=&#8220;none&#8220; column_border_radius=&#8220;none&#8220; width=&#8220;1\/3&#8243; tablet_text_alignment=&#8220;default&#8220; phone_text_alignment=&#8220;default&#8220; column_border_width=&#8220;none&#8220; column_border_style=&#8220;solid&#8220;][\/vc_column][\/vc_row][vc_row type=&#8220;in_container&#8220; full_screen_row_position=&#8220;middle&#8220; scene_position=&#8220;center&#8220; text_color=&#8220;dark&#8220; text_align=&#8220;left&#8220; overlay_strength=&#8220;0.3&#8243; shape_divider_position=&#8220;bottom&#8220;][vc_column column_padding=&#8220;no-extra-padding&#8220; column_padding_position=&#8220;all&#8220; background_color_opacity=&#8220;1&#8243; background_hover_color_opacity=&#8220;1&#8243; column_shadow=&#8220;none&#8220; column_border_radius=&#8220;none&#8220; width=&#8220;2\/3&#8243; tablet_text_alignment=&#8220;default&#8220; phone_text_alignment=&#8220;default&#8220; column_border_width=&#8220;none&#8220; column_border_style=&#8220;solid&#8220;][vc_gallery type=&#8220;flexslider_style&#8220; images=&#8220;140,127,126,125,124,123,122,121&#8243; onclick=&#8220;link_image&#8220;][vc_column_text]\n<h6>\u00a9 alle Photos: Hans Gangoly 2013<\/h6>\n[\/vc_column_text]<div class=\"divider-wrap\"><div style=\"height: 40px;\" class=\"divider\"><\/div><\/div>[vc_column_text]Route:<\/p>\n<p>Wien \u2013 Graz \u2013 Pore\u010d: Plava Laguna, Pore\u010d; Valamar Riviera Hotels, Brulo Pore\u010d; \u00dcbernachtung: Hotel Crystal, Pore\u010d, Architekt: Julije de Luca 1970<\/p>\n<p>Pore\u010d \u2013 Rovinj: Zelena Laguna,\u201eInternacional klub\u201c, Pore\u010d; Hotel Pical, Pore\u010d; Hotel Eden und Design Hotel Lone Maistra, Rovinj; \u00dcbernachtung: Design Hotel Lone Maistra, Rovinj, Architekten: 3LHD, 2011<\/p>\n<p>Rovinj \u2013 Rabac \u2013 Opatja \u2013 Rijeka: Appartementanlage Polari \/ Villas Rubin, Rovinj; Hotelsko naselje Maslinica, Hotel Apollo, Rabac; Hotels Adriatic II und Ambassador, Opatija; Ruine Motel Panorama, vormals Motel Slieme, Rijeka; \u00dcbernachtung: Hotel Neboder, Rijeka, Architekt: Josip Pi\u010dman, 1929-1939<\/p>\n<p>Rijeka \u2013 Krk \u2013 Graz \u2013 Wien: Hotel Uvala Scott, Kraljevica; Ruine Haludovo, Malinska \/ Krk.[\/vc_column_text]<div class=\"divider-wrap\"><div style=\"height: 60px;\" class=\"divider\"><\/div><\/div>[\/vc_column][vc_column column_padding=&#8220;no-extra-padding&#8220; column_padding_position=&#8220;all&#8220; background_color_opacity=&#8220;1&#8243; background_hover_color_opacity=&#8220;1&#8243; column_shadow=&#8220;none&#8220; column_border_radius=&#8220;none&#8220; width=&#8220;1\/3&#8243; tablet_text_alignment=&#8220;default&#8220; phone_text_alignment=&#8220;default&#8220; column_border_width=&#8220;none&#8220; column_border_style=&#8220;solid&#8220;][\/vc_column][vc_column column_padding=&#8220;no-extra-padding&#8220; column_padding_position=&#8220;all&#8220; background_color_opacity=&#8220;1&#8243; background_hover_color_opacity=&#8220;1&#8243; column_shadow=&#8220;none&#8220; column_border_radius=&#8220;none&#8220; width=&#8220;1\/1&#8243; tablet_text_alignment=&#8220;default&#8220; phone_text_alignment=&#8220;default&#8220; column_border_width=&#8220;none&#8220; column_border_style=&#8220;solid&#8220;][\/vc_column][\/vc_row]\n","protected":false},"excerpt":{"rendered":"<p>[vc_row type=&#8220;in_container&#8220; full_screen_row_position=&#8220;middle&#8220; scene_position=&#8220;center&#8220; text_color=&#8220;dark&#8220; text_align=&#8220;left&#8220; overlay_strength=&#8220;0.3&#8243; shape_divider_position=&#8220;bottom&#8220;][vc_column column_padding=&#8220;no-extra-padding&#8220; column_padding_position=&#8220;all&#8220; background_color_opacity=&#8220;1&#8243; background_hover_color_opacity=&#8220;1&#8243; column_shadow=&#8220;none&#8220; column_border_radius=&#8220;none&#8220; width=&#8220;2\/3&#8243; tablet_text_alignment=&#8220;default&#8220; phone_text_alignment=&#8220;default&#8220; column_border_width=&#8220;none&#8220; column_border_style=&#8220;solid&#8220;][vc_custom_heading text=&#8220;Bustouren zu P\u00e4l\u00e4sten und Ruinen sozialistischer Ferienarchitektur in Kroatien&#8220; font_container=&#8220;tag:h2|font_size:24|text_align:left|color:%232e30c9&#8243; use_theme_fonts=&#8220;yes&#8220;][\/vc_column][vc_column&#8230;<\/p>\n","protected":false},"author":1,"featured_media":0,"parent":0,"menu_order":0,"comment_status":"closed","ping_status":"closed","template":"","meta":{"footnotes":""},"class_list":["post-2","page","type-page","status-publish"],"_links":{"self":[{"href":"https:\/\/tracingspaces.net\/holidaysafterthefall\/wp-json\/wp\/v2\/pages\/2","targetHints":{"allow":["GET"]}}],"collection":[{"href":"https:\/\/tracingspaces.net\/holidaysafterthefall\/wp-json\/wp\/v2\/pages"}],"about":[{"href":"https:\/\/tracingspaces.net\/holidaysafterthefall\/wp-json\/wp\/v2\/types\/page"}],"author":[{"embeddable":true,"href":"https:\/\/tracingspaces.net\/holidaysafterthefall\/wp-json\/wp\/v2\/users\/1"}],"replies":[{"embeddable":true,"href":"https:\/\/tracingspaces.net\/holidaysafterthefall\/wp-json\/wp\/v2\/comments?post=2"}],"version-history":[{"count":23,"href":"https:\/\/tracingspaces.net\/holidaysafterthefall\/wp-json\/wp\/v2\/pages\/2\/revisions"}],"predecessor-version":[{"id":484,"href":"https:\/\/tracingspaces.net\/holidaysafterthefall\/wp-json\/wp\/v2\/pages\/2\/revisions\/484"}],"wp:attachment":[{"href":"https:\/\/tracingspaces.net\/holidaysafterthefall\/wp-json\/wp\/v2\/media?parent=2"}],"curies":[{"name":"wp","href":"https:\/\/api.w.org\/{rel}","templated":true}]}}