{"id":15,"date":"2018-07-19T21:32:29","date_gmt":"2018-07-19T19:32:29","guid":{"rendered":"https:\/\/tracingspaces.net\/holidays-after-the-fall\/?page_id=15"},"modified":"2018-08-15T20:11:30","modified_gmt":"2018-08-15T18:11:30","slug":"ausstellung-holidays-after-the-fall","status":"publish","type":"page","link":"https:\/\/tracingspaces.net\/holidaysafterthefall\/ausstellung-holidays-after-the-fall\/","title":{"rendered":"Ausstellung Urlaub nach dem Fall"},"content":{"rendered":"[vc_row type=&#8220;in_container&#8220; full_screen_row_position=&#8220;middle&#8220; scene_position=&#8220;center&#8220; text_color=&#8220;dark&#8220; text_align=&#8220;left&#8220; overlay_strength=&#8220;0.3&#8243; shape_divider_position=&#8220;bottom&#8220;][vc_column column_padding=&#8220;no-extra-padding&#8220; column_padding_position=&#8220;all&#8220; background_color_opacity=&#8220;1&#8243; background_hover_color_opacity=&#8220;1&#8243; column_shadow=&#8220;none&#8220; column_border_radius=&#8220;none&#8220; width=&#8220;2\/3&#8243; tablet_text_alignment=&#8220;default&#8220; phone_text_alignment=&#8220;default&#8220; column_border_width=&#8220;none&#8220; column_border_style=&#8220;solid&#8220;][vc_custom_heading text=&#8220;Ausstellung: Urlaub nach dem Fall.<br \/>\nTransformationen sozialistischer Ferienarchitekturen an der kroatischen Adria &#8220; font_container=&#8220;tag:h2|font_size:24|text_align:left|color:%232e30c9&#8243; use_theme_fonts=&#8220;yes&#8220;][\/vc_column][vc_column column_padding=&#8220;no-extra-padding&#8220; column_padding_position=&#8220;all&#8220; background_color_opacity=&#8220;1&#8243; background_hover_color_opacity=&#8220;1&#8243; column_shadow=&#8220;none&#8220; column_border_radius=&#8220;none&#8220; width=&#8220;1\/3&#8243; tablet_text_alignment=&#8220;default&#8220; phone_text_alignment=&#8220;default&#8220; column_border_width=&#8220;none&#8220; column_border_style=&#8220;solid&#8220;][\/vc_column][\/vc_row][vc_row type=&#8220;in_container&#8220; full_screen_row_position=&#8220;middle&#8220; scene_position=&#8220;center&#8220; text_color=&#8220;dark&#8220; text_align=&#8220;left&#8220; overlay_strength=&#8220;0.3&#8243; shape_divider_position=&#8220;bottom&#8220;][vc_column column_padding=&#8220;no-extra-padding&#8220; column_padding_position=&#8220;all&#8220; background_color_opacity=&#8220;1&#8243; background_hover_color_opacity=&#8220;1&#8243; column_shadow=&#8220;none&#8220; column_border_radius=&#8220;none&#8220; width=&#8220;2\/3&#8243; tablet_text_alignment=&#8220;default&#8220; phone_text_alignment=&#8220;default&#8220; column_border_width=&#8220;none&#8220; column_border_style=&#8220;solid&#8220;][vc_column_text]\n<ol>\n<li>Haus der Architektur (HDA) Graz\u00a0 (Oktober\u2013Dezember 2012)<\/li>\n<li>Neuen Gesellschaft f\u00fcr Bildende Kunst (NGBK) Berlin (August 2014)<\/li>\n<li>Museum of Modern Art (MMSU) Rijeka (M\u00e4rz 2015)<\/li>\n<li>Stadtmuseum Trogir (Juni 2015)<\/li>\n<li>Architekturzentrum Wien (November 2015)<\/li>\n<\/ol>\n[\/vc_column_text][\/vc_column][vc_column column_padding=&#8220;no-extra-padding&#8220; column_padding_position=&#8220;all&#8220; background_color_opacity=&#8220;1&#8243; background_hover_color_opacity=&#8220;1&#8243; column_shadow=&#8220;none&#8220; column_border_radius=&#8220;none&#8220; width=&#8220;1\/3&#8243; tablet_text_alignment=&#8220;default&#8220; phone_text_alignment=&#8220;default&#8220; column_border_width=&#8220;none&#8220; column_border_style=&#8220;solid&#8220;][\/vc_column][\/vc_row][vc_row type=&#8220;in_container&#8220; full_screen_row_position=&#8220;middle&#8220; scene_position=&#8220;center&#8220; text_color=&#8220;dark&#8220; text_align=&#8220;left&#8220; overlay_strength=&#8220;0.3&#8243; shape_divider_position=&#8220;bottom&#8220;][vc_column column_padding=&#8220;no-extra-padding&#8220; column_padding_position=&#8220;all&#8220; background_color_opacity=&#8220;1&#8243; background_hover_color_opacity=&#8220;1&#8243; column_shadow=&#8220;none&#8220; column_border_radius=&#8220;none&#8220; width=&#8220;2\/3&#8243; tablet_text_alignment=&#8220;default&#8220; phone_text_alignment=&#8220;default&#8220; column_border_width=&#8220;none&#8220; column_border_style=&#8220;solid&#8220;]<div class=\"img-with-aniamtion-wrap \" data-max-width=\"100%\" data-border-radius=\"none\"><div class=\"inner\"><img loading=\"lazy\" decoding=\"async\" data-shadow=\"none\" data-shadow-direction=\"middle\" class=\"img-with-animation \" data-delay=\"0\" height=\"2244\" width=\"2932\" data-animation=\"none\" src=\"https:\/\/tracingspaces.net\/holidaysafterthefall\/wp-content\/uploads\/sites\/3\/2018\/07\/05_pelegrin_by_Thaler_pr-Kopie-2-1.jpg\" srcset=\"https:\/\/tracingspaces.net\/holidaysafterthefall\/wp-content\/uploads\/sites\/3\/2018\/07\/05_pelegrin_by_Thaler_pr-Kopie-2-1.jpg 2932w, https:\/\/tracingspaces.net\/holidaysafterthefall\/wp-content\/uploads\/sites\/3\/2018\/07\/05_pelegrin_by_Thaler_pr-Kopie-2-1-300x230.jpg 300w, https:\/\/tracingspaces.net\/holidaysafterthefall\/wp-content\/uploads\/sites\/3\/2018\/07\/05_pelegrin_by_Thaler_pr-Kopie-2-1-768x588.jpg 768w, https:\/\/tracingspaces.net\/holidaysafterthefall\/wp-content\/uploads\/sites\/3\/2018\/07\/05_pelegrin_by_Thaler_pr-Kopie-2-1-1024x784.jpg 1024w\" sizes=\"auto, 100vw\" alt=\"\" \/><\/div><\/div>[vc_column_text]\n<h6>Hotel des Hotel Pelegrin, Teil einer Ferienanlage der Jugoslawischen Volksarmee in der Bucht von Kupari s\u00fcdlich von Dubrovnik, Architekt David Finci 1963 \u00a9 Photo: Wolfgang Thaler 2011<\/h6>\n[\/vc_column_text]<div class=\"divider-wrap\"><div style=\"height: 30px;\" class=\"divider\"><\/div><\/div>[vc_column_text]Weltweit galt und gilt die Tourismusindustrie als Wachstumsmotor und Hoffnungsmarkt. Auch in Kroatien stellt sie heute mit einem Viertel des BIP den bedeutendsten Wirtschaftszweig des Landes dar. Sie baut dabei jedoch auf eine Infrastruktur, die bereits w\u00e4hrend des sozialistischen Modernisierungsschubes der 1960er und 70er Jahre entwickelt wurde, als raumplanerischen Instrumenten ein hoher Wert beigemessen wurde und explizite Modernit\u00e4t in der Architektur und Kunst zum Corporate Design der Nation z\u00e4hlten.<br \/>\nDie Ausstellung bietet eine Genealogie der gro\u00dfma\u00dfst\u00e4blichen Ferienarchitekturen an der Adria-K\u00fcste einschlie\u00dflich der physischen und \u00f6konomischen Transformationen, denen diese Anlagen nach dem Zerfall Jugoslawiens, der Aufgabe des Modells der Selbstverwaltung und der Privatisierung der Betriebe unterzogen wurden. Dabei handelte es sich um Projekte von durchaus bemerkenswerter Qualit\u00e4t, die sich heute \u2013 je nach ihrem Standort und dem Engagement der neuen Besitzer \u2013 als melancholische Ruinen, bescheidene Renovierungen oder v\u00f6llig neuartige \u00dcberbauungen darstellen.[\/vc_column_text][\/vc_column][vc_column column_padding=&#8220;no-extra-padding&#8220; column_padding_position=&#8220;all&#8220; background_color_opacity=&#8220;1&#8243; background_hover_color_opacity=&#8220;1&#8243; column_shadow=&#8220;none&#8220; column_border_radius=&#8220;none&#8220; width=&#8220;1\/3&#8243; tablet_text_alignment=&#8220;default&#8220; phone_text_alignment=&#8220;default&#8220; column_border_width=&#8220;none&#8220; column_border_style=&#8220;solid&#8220;][\/vc_column][\/vc_row][vc_row type=&#8220;in_container&#8220; full_screen_row_position=&#8220;middle&#8220; scene_position=&#8220;center&#8220; text_color=&#8220;dark&#8220; text_align=&#8220;left&#8220; overlay_strength=&#8220;0.3&#8243; shape_divider_position=&#8220;bottom&#8220;][vc_column column_padding=&#8220;no-extra-padding&#8220; column_padding_position=&#8220;all&#8220; background_color_opacity=&#8220;1&#8243; background_hover_color_opacity=&#8220;1&#8243; column_shadow=&#8220;none&#8220; column_border_radius=&#8220;none&#8220; width=&#8220;2\/3&#8243; tablet_text_alignment=&#8220;default&#8220; phone_text_alignment=&#8220;default&#8220; column_border_width=&#8220;none&#8220; column_border_style=&#8220;solid&#8220;]<div class=\"img-with-aniamtion-wrap \" data-max-width=\"100%\" data-border-radius=\"none\"><div class=\"inner\"><img loading=\"lazy\" decoding=\"async\" data-shadow=\"none\" data-shadow-direction=\"middle\" class=\"img-with-animation \" data-delay=\"0\" height=\"664\" width=\"1680\" data-animation=\"none\" src=\"https:\/\/tracingspaces.net\/holidaysafterthefall\/wp-content\/uploads\/sites\/3\/2018\/07\/nach-dem-fall_007_1680.jpg\" srcset=\"https:\/\/tracingspaces.net\/holidaysafterthefall\/wp-content\/uploads\/sites\/3\/2018\/07\/nach-dem-fall_007_1680.jpg 1680w, https:\/\/tracingspaces.net\/holidaysafterthefall\/wp-content\/uploads\/sites\/3\/2018\/07\/nach-dem-fall_007_1680-300x119.jpg 300w, https:\/\/tracingspaces.net\/holidaysafterthefall\/wp-content\/uploads\/sites\/3\/2018\/07\/nach-dem-fall_007_1680-768x304.jpg 768w, https:\/\/tracingspaces.net\/holidaysafterthefall\/wp-content\/uploads\/sites\/3\/2018\/07\/nach-dem-fall_007_1680-1024x405.jpg 1024w\" sizes=\"auto, 100vw\" alt=\"\" \/><\/div><\/div><div class=\"divider-wrap\"><div style=\"height: 20px;\" class=\"divider\"><\/div><\/div>[vc_column_text]Kuratorisches Konzept \/ Struktur der Ausstellung:<\/p>\n<p>Die Ausstellung beginnt mit dem historischen Aufruf Titos \u201cCome and See the Truth\u201d, mit dem dieser die gro\u00dfen Tourismusanlagen unter sozialistischer Selbstverwaltung als transnationale Begegnungsst\u00e4tten bewarb, in denen der Erfolg des dritten Weges Jugoslawiens nach innen wie nach au\u00dfen, nach Ost und West, kommuniziert werden sollte. Ein zentrales ordnendes Gestaltungselement der Ausstellung bildet eine 15 Meter lange zeitliche Entwicklungslinie, die dem Graphen der N\u00e4chtigungszahlen von Tourist_innen in Kroatien folgt. Dieser stieg seit 1955 kontinuierlich an, knickte erstmals 1988 und fiel mit Kriegsbeginn 1991 auf einen vor\u00fcbergehenden Tiefststand.<br \/>\nDie Timeline endet mit dem aktuellen Slogan der kroatischen Tourismuswerbung \u201cThe Mediterranean As It Once Was\u201d, neben dem zwei riesige Poster eine Hotel-Ruine mit Graffity (\u201cWir kaufen kroatisch\u201c und \u201cDas Kroatische den Kroaten\u201d) und das Interieur des neu er\u00f6ffneten Designhotels Lone zeigen, das sich optimistisch als Schaufenster f\u00fcr die Creative Industries Kroatiens vermarktet.[\/vc_column_text][\/vc_column][vc_column column_padding=&#8220;no-extra-padding&#8220; column_padding_position=&#8220;all&#8220; background_color_opacity=&#8220;1&#8243; background_hover_color_opacity=&#8220;1&#8243; column_shadow=&#8220;none&#8220; column_border_radius=&#8220;none&#8220; width=&#8220;1\/3&#8243; tablet_text_alignment=&#8220;default&#8220; phone_text_alignment=&#8220;default&#8220; column_border_width=&#8220;none&#8220; column_border_style=&#8220;solid&#8220;][\/vc_column][\/vc_row][vc_row type=&#8220;in_container&#8220; full_screen_row_position=&#8220;middle&#8220; scene_position=&#8220;center&#8220; text_color=&#8220;dark&#8220; text_align=&#8220;left&#8220; overlay_strength=&#8220;0.3&#8243; shape_divider_position=&#8220;bottom&#8220;][vc_column column_padding=&#8220;no-extra-padding&#8220; column_padding_position=&#8220;all&#8220; background_color_opacity=&#8220;1&#8243; background_hover_color_opacity=&#8220;1&#8243; column_shadow=&#8220;none&#8220; column_border_radius=&#8220;none&#8220; width=&#8220;2\/3&#8243; tablet_text_alignment=&#8220;default&#8220; phone_text_alignment=&#8220;default&#8220; column_border_width=&#8220;none&#8220; column_border_style=&#8220;solid&#8220;]<div class=\"img-with-aniamtion-wrap \" data-max-width=\"100%\" data-border-radius=\"none\"><div class=\"inner\"><img loading=\"lazy\" decoding=\"async\" data-shadow=\"none\" data-shadow-direction=\"middle\" class=\"img-with-animation \" data-delay=\"0\" height=\"1240\" width=\"1680\" data-animation=\"none\" src=\"https:\/\/tracingspaces.net\/holidaysafterthefall\/wp-content\/uploads\/sites\/3\/2018\/07\/nach-dem-fall_010_1680.jpg\" srcset=\"https:\/\/tracingspaces.net\/holidaysafterthefall\/wp-content\/uploads\/sites\/3\/2018\/07\/nach-dem-fall_010_1680.jpg 1680w, https:\/\/tracingspaces.net\/holidaysafterthefall\/wp-content\/uploads\/sites\/3\/2018\/07\/nach-dem-fall_010_1680-300x221.jpg 300w, https:\/\/tracingspaces.net\/holidaysafterthefall\/wp-content\/uploads\/sites\/3\/2018\/07\/nach-dem-fall_010_1680-768x567.jpg 768w, https:\/\/tracingspaces.net\/holidaysafterthefall\/wp-content\/uploads\/sites\/3\/2018\/07\/nach-dem-fall_010_1680-1024x756.jpg 1024w\" sizes=\"auto, 100vw\" alt=\"\" \/><\/div><\/div><div class=\"divider-wrap\"><div style=\"height: 20px;\" class=\"divider\"><\/div><\/div>[vc_column_text]Ein zweites strukturierendes Element bildet eine Reihe von Hinweistafeln und unterschiedlich gruppierten und verdichteten kubischen Vitrinen, in denen Case Studys vorgestellt werden, an denen jeweils beispielhaft wichtige Themen verhandelt werden: Sozialtourismus, die \u00fcbergeordnete Raumplanung, die Vielfalt der Typologien, Interieur, Kunst und Design, Serviced Apartments im Eigentum in Zeiten von Rechtsunsicherheit und Wirtschaftskrise, und die \u00fcberraschend hohe Anzahl an leerstehenden Resort-Ruinen.<br \/>\nDabei werden auf visueller Ebene \u2013 \u201avordergr\u00fcndig\u2019 \u2013 Aspekte der Planungsgeschichte und der baulichen Transformationen illustriert \u2013 und parallel \u00fcber H\u00f6rstationen mittels Kopfh\u00f6rer von Nachrichtensprechern gesprochen die politisch-\u00f6konomischen Hintergr\u00fcnde der Privatisierungsprozesse und ihre Nutznie\u00dfer kommuniziert.<\/p>\n<p>&nbsp;<\/p>\n<p><a title=\"Credits Urlaub nach dem Fall\" href=\"https:\/\/holidaysafterthefall.tracingspaces.net\/credits\/\" target=\"_blank\" rel=\"noopener noreferrer\">Credits<\/a><\/p>\n<p>Die Ausstellung pr\u00e4sentiert historische Projekte aus den Archiven von Arhitektura, \u010covjek i prostor, Hrvatski muzej arhitekture, Touristkomerc, Urbanisti\u010dki institut Hrvatske, Laguna Pore\u010d, Rikard Marasovi\u0107, Julije De Luca und Boris Maga\u0161<br \/>\nZeitgen\u00f6ssische Projekte von 3LHD, Branimir Medi\u0107 &amp; Pero Puljiz \u2013 de Architekten Cie., Boris Podrecca, Tabanl\u0131o\u011flu Architects<br \/>\nFotografien von Daniele Ansidei, CCN-images, Marko Dabrovi\u0107, Cemal Emden, Damir Fabijani\u0107, Fotoklub Split, Jana Jocif, Miran Kambi\u010d, Wolfgang Thaler, Cat Vinton<\/p>\n<p>Videos von Ryan Jefferey und Michael Zinganel<br \/>\nMode und Modelle von Maistra und Valamar<\/p>\n<p>Recherche: Maroje Mrdulja\u0161, Norbert Mappes-Niediek und Michael Zinganel<br \/>\nBauten: Michael Hieslmair und Michael Zinganel f\u00fcr Tracing Spaces<\/p>\n<p>Kurator: Michael Zinganel, Tracing Spaces, Wien[\/vc_column_text][\/vc_column][vc_column column_padding=&#8220;no-extra-padding&#8220; column_padding_position=&#8220;all&#8220; background_color_opacity=&#8220;1&#8243; background_hover_color_opacity=&#8220;1&#8243; column_shadow=&#8220;none&#8220; column_border_radius=&#8220;none&#8220; width=&#8220;1\/3&#8243; tablet_text_alignment=&#8220;default&#8220; phone_text_alignment=&#8220;default&#8220; column_border_width=&#8220;none&#8220; column_border_style=&#8220;solid&#8220;][\/vc_column][\/vc_row][vc_row type=&#8220;in_container&#8220; full_screen_row_position=&#8220;middle&#8220; scene_position=&#8220;center&#8220; text_color=&#8220;dark&#8220; text_align=&#8220;left&#8220; overlay_strength=&#8220;0.3&#8243; shape_divider_position=&#8220;bottom&#8220;][vc_column column_padding=&#8220;no-extra-padding&#8220; column_padding_position=&#8220;all&#8220; background_color_opacity=&#8220;1&#8243; background_hover_color_opacity=&#8220;1&#8243; column_shadow=&#8220;none&#8220; column_border_radius=&#8220;none&#8220; width=&#8220;1\/1&#8243; tablet_text_alignment=&#8220;default&#8220; phone_text_alignment=&#8220;default&#8220; column_border_width=&#8220;none&#8220; column_border_style=&#8220;solid&#8220;]<div class=\"nectar-social  hide-share-count items_5\"><a class='facebook-share nectar-sharing' href='#' title='Share this'> <i class='fa fa-facebook'><\/i> <span class='count'><\/span><\/a><a class='twitter-share nectar-sharing' href='#' title='Tweet this'> <i class='fa fa-twitter'><\/i> <span class='count'><\/span><\/a><a class='google-plus-share nectar-sharing-alt' href='#' title='Share this'> <i class='fa fa-google-plus'><\/i> <span class='count'><\/span><\/a><a class='linkedin-share nectar-sharing' href='#' title='Share this'> <i class='fa fa-linkedin'><\/i> <span class='count'><\/span><\/a><a class='pinterest-share nectar-sharing' href='#' title='Pin this'> <i class='fa fa-pinterest'><\/i> <span class='count'><\/span><\/a><\/div>[\/vc_column][\/vc_row]\n","protected":false},"excerpt":{"rendered":"<p>[vc_row type=&#8220;in_container&#8220; full_screen_row_position=&#8220;middle&#8220; scene_position=&#8220;center&#8220; text_color=&#8220;dark&#8220; text_align=&#8220;left&#8220; overlay_strength=&#8220;0.3&#8243; shape_divider_position=&#8220;bottom&#8220;][vc_column column_padding=&#8220;no-extra-padding&#8220; column_padding_position=&#8220;all&#8220; background_color_opacity=&#8220;1&#8243; background_hover_color_opacity=&#8220;1&#8243; column_shadow=&#8220;none&#8220; column_border_radius=&#8220;none&#8220; width=&#8220;2\/3&#8243; tablet_text_alignment=&#8220;default&#8220; phone_text_alignment=&#8220;default&#8220; column_border_width=&#8220;none&#8220; column_border_style=&#8220;solid&#8220;][vc_custom_heading text=&#8220;Ausstellung: Urlaub nach dem Fall. Transformationen sozialistischer Ferienarchitekturen an der kroatischen&#8230;<\/p>\n","protected":false},"author":1,"featured_media":0,"parent":0,"menu_order":0,"comment_status":"closed","ping_status":"closed","template":"","meta":{"footnotes":""},"class_list":["post-15","page","type-page","status-publish"],"_links":{"self":[{"href":"https:\/\/tracingspaces.net\/holidaysafterthefall\/wp-json\/wp\/v2\/pages\/15","targetHints":{"allow":["GET"]}}],"collection":[{"href":"https:\/\/tracingspaces.net\/holidaysafterthefall\/wp-json\/wp\/v2\/pages"}],"about":[{"href":"https:\/\/tracingspaces.net\/holidaysafterthefall\/wp-json\/wp\/v2\/types\/page"}],"author":[{"embeddable":true,"href":"https:\/\/tracingspaces.net\/holidaysafterthefall\/wp-json\/wp\/v2\/users\/1"}],"replies":[{"embeddable":true,"href":"https:\/\/tracingspaces.net\/holidaysafterthefall\/wp-json\/wp\/v2\/comments?post=15"}],"version-history":[{"count":23,"href":"https:\/\/tracingspaces.net\/holidaysafterthefall\/wp-json\/wp\/v2\/pages\/15\/revisions"}],"predecessor-version":[{"id":430,"href":"https:\/\/tracingspaces.net\/holidaysafterthefall\/wp-json\/wp\/v2\/pages\/15\/revisions\/430"}],"wp:attachment":[{"href":"https:\/\/tracingspaces.net\/holidaysafterthefall\/wp-json\/wp\/v2\/media?parent=15"}],"curies":[{"name":"wp","href":"https:\/\/api.w.org\/{rel}","templated":true}]}}