{"id":512,"date":"2020-08-18T15:22:37","date_gmt":"2020-08-18T13:22:37","guid":{"rendered":"http:\/\/tracingspaces.net\/heavenandhell\/?page_id=512"},"modified":"2020-08-18T15:38:00","modified_gmt":"2020-08-18T13:38:00","slug":"imprint","status":"publish","type":"page","link":"https:\/\/tracingspaces.net\/heavenandhell\/imprint\/","title":{"rendered":"Imprint"},"content":{"rendered":"[vc_row type=&#8220;in_container&#8220; full_screen_row_position=&#8220;middle&#8220; scene_position=&#8220;center&#8220; text_color=&#8220;dark&#8220; text_align=&#8220;left&#8220; overlay_strength=&#8220;0.3&#8243; shape_divider_position=&#8220;bottom&#8220;][vc_column column_padding=&#8220;no-extra-padding&#8220; column_padding_position=&#8220;all&#8220; background_color_opacity=&#8220;1&#8243; background_hover_color_opacity=&#8220;1&#8243; column_shadow=&#8220;none&#8220; column_border_radius=&#8220;none&#8220; width=&#8220;1\/1&#8243; tablet_text_alignment=&#8220;default&#8220; phone_text_alignment=&#8220;default&#8220; column_border_width=&#8220;none&#8220; column_border_style=&#8220;solid&#8220;]<div class=\"divider-wrap\"><div style=\"height: 30px;\" class=\"divider\"><\/div><\/div>[vc_column_text]\n<p style=\"text-align: center;\"><span style=\"font-size: 18pt;\">IMPRESSUM<\/span><\/p>\n[\/vc_column_text]<div class=\"divider-wrap\"><div style=\"height: 30px;\" class=\"divider\"><\/div><\/div>[vc_column_text]\n<p style=\"text-align: center;\">Der Inhalt des Online-Angebotes serpetine.at ist der Internetauftritt zur Kommunikation des tempor\u00e4ren Kunstprojektes SERPENTINE \u2013 A TOUCH OF HEAVEN (AND HELL), einer Gemeinschaftsproduktion des\u00a0Fonds zur F\u00f6rderung von Kunst am Bau &amp; Kunst im \u00f6ffentlichen Raum \u2013 Land Salzburg,\u00a0der Abt. 9 Strassen u. Br\u00fccken und Abt. 14 Kunst u. Kultur \u2013 Land K\u00e4rnten\u00a0und der Gro\u00dfglockner Hochalpenstra\u00dfen AG.<\/p>\n<p style=\"text-align: center;\">Dieser Internetauftritt wird Ihnen zur Verf\u00fcgung gestellt von den Tracing Spaces.<\/p>\n<p style=\"text-align: center;\">Zustelladresse:<\/p>\n<p style=\"text-align: center;\">Tracing Spaces<br \/>\nMichael Zinganel<br \/>\nHohlweggasse 28\/13<br \/>\nA-1030 Wien<\/p>\n<p style=\"text-align: center;\">ZVR-Zahl: 944943520<\/p>\n<p style=\"text-align: center;\">E: office@tracingspaces.at<\/p>\n<p style=\"text-align: center;\">Rechtsform:<br \/>\nGemeinn\u00fctziger Verein<br \/>\nZVR-Zahl: 944943520<\/p>\n<p style=\"text-align: center;\">F\u00fcr den Inhalt verantwortlich<br \/>\nMichael Zinganel<\/p>\n<p style=\"text-align: center;\">Konzept und Design<br \/>\nMichael Zinganel &amp; Theresa Hattinger<\/p>\n<p style=\"text-align: center;\">Programmierung und CMS<br \/>\nMartin Hieslmair und <a href=\"https:\/\/jonahoier.net\/\" target=\"_blank\" rel=\"noopener noreferrer\">jonahoier.net<\/a><\/p>\n<p>&nbsp;<\/p>\n<p style=\"text-align: center;\">Copyright:<\/p>\n<p style=\"text-align: center;\">Die Gesamtheit der auf serpentine.at ver\u00f6ffentlichten Texte, Abbildungen, Grafiken, Videosequenzen, Tondokumente und andere Materialien unterliegt dem Schutz des Urheberrechts.<\/p>\n<p style=\"text-align: center;\">Urheber sind entweder Michael Zinganel, Tracing Spaces oder die in der Quellenangabe genannte Institution oder Person. Eine Wiedergabe, Massenvervielf\u00e4ltigung oder Ver\u00f6ffentlichung der auf der Website befindlichen Informationen ist nicht gestattet. Die Genehmigung zum Abdruck oder zur Weiterverbreitung kann im Einzelfall erteilt werden.<\/p>\n<p style=\"text-align: center;\">Bereitstellung der Information \/ Inhalt des Onlineangebotes:<\/p>\n<p style=\"text-align: center;\">Tracing Spaces weist die Ben\u00fctzer des Onlineangebotes unter serpentine.at darauf hin, dass sie dieses Angebot auf eigene Gefahr ben\u00fctzen. Alle auf dieser Website ver\u00f6ffentlichten Informationen und Angaben wurden im Rahmen des Zumutbaren sorgf\u00e4ltig recherchiert, zusammengestellt und \u00fcberpr\u00fcft. Tracing Spaces wird nach besten Wissen und Gewissen f\u00fcr die Richtigkeit der angegebenen Inhalte auf der Website sorgen.<\/p>\n<p style=\"text-align: center;\">F\u00fcr Richtigkeit, Vollst\u00e4ndigkeit und Aktualit\u00e4t der Angaben kann Tracing Spaces jedoch weder eine Garantie noch Haftung \u00fcbernehmen. Wir behalten uns das Recht vor, die auf dieser Website und ihren Teilen bereitgestellten Informationen ohne vorherige Ank\u00fcndigung zu \u00e4ndern oder zu erg\u00e4nzen. Dies gilt auch f\u00fcr die Nutzungsbedingungen, deren jeweils aktuellste Version ma\u00dfgeblich ist. Die Haftung f\u00fcr Inhalte und Services dieser Website ist auf Vorsatz und grobe Fahrl\u00e4ssigkeit begrenzt.<\/p>\n<p style=\"text-align: center;\">Der Inhalt dieser Website ist urheberrechtlich gesch\u00fctzt. Dies betrifft auch die Internet-Adresse serpentine.at, unter der diese Website zu erreichen ist. Daher ist jede Verwendung der Internetadresse durch Dritte untersagt, es sei denn, sie wird genutzt, um einen Link zu unserer Website herzustellen oder in anderer Weise auf unsere Website hinzuweisen.<\/p>\n<p style=\"text-align: center;\">S\u00e4mtliche auf serpentine.at ver\u00f6ffentlichten Texte, Abbildungen, Grafiken, Videosequenzen, Tondokumente und andere Materialien unterliegen dem Schutz des Urheberrechts. Urheber*in ist entweder Tracing Spaces, Michael Zinganel\u00a0oder die in der Quellenangabe genannte Institution oder Person.<\/p>\n<p style=\"text-align: center;\">Jede Verwendung oder Vervielf\u00e4ltigung der bereitgestellten Inhalte und Daten f\u00fcr andere Zwecke als der der pers\u00f6nlichen Information ist nur nach vorheriger schriftlicher Genehmigung zul\u00e4ssig. Ausnahmen: Sind Sie Journalist, so stehen Ihnen alle Informationen f\u00fcr Ihre redaktionelle T\u00e4tigkeit zur freien Verwendung, wir erbitten jedoch ein Belegexemplar bzw. Link auf die mit unseren Informationen erstellte Publikation\/Artikel.<\/p>\n<p style=\"text-align: center;\">Das Recht zum wissenschaftlichen Zitat unter korrekter Angabe der Quelle bleibt unber\u00fchrt. Bitte zitieren Sie uns mit voller URL sowie der Angabe des Datums Ihres Zugriffs.<\/p>\n<p style=\"text-align: center;\">Mit dem Besuch dieser Website verpflichten Sie sich, jede missbr\u00e4uchliche Nutzung der bereitgestellten Inhalte und Services zu unterlassen, insbesondere keine Sicherheitsvorkehrungen zu umgehen sowie keine Aktionen auszuf\u00fchren, die zu Sch\u00e4den an Servern oder Netzwerken f\u00fchren. Dar\u00fcber hinaus verpflichten Sie sich, die bereitgestellten Inhalte und Services nicht in andere Internetangebote zu integrieren oder kommerziell zu nutzen.<\/p>\n<p>&nbsp;<\/p>\n<p style=\"text-align: center;\">Links und Verweise:<\/p>\n<p style=\"text-align: center;\">Innerhalb der Website serpentine.at verweisen Links direkt oder indirekt auf andere Websites oder andere Internet-Angebote. Tracing Spaces weist ausdr\u00fccklich darauf hin, dass sie keinerlei Einfluss auf die Gestaltung und die Inhalte der so erreichbaren Websites und Internet-Angebote hat. Die Verantwortung f\u00fcr diese Websites und Internet-Angebote liegt allein beim jeweiligen Anbieter.<\/p>\n<p style=\"text-align: center;\">Tracing Spaces ist f\u00fcr diese Websites und Internet-Angebote nicht verantwortlich.<\/p>\n<p style=\"text-align: center;\">Diese Website kann ohne das Wissen Tracing Spaces von einer anderen Website oder einem anderen Internet-Angebot durch einen Link verbunden werden. F\u00fcr eine solche Verlinkung sowie die inhaltliche Darstellung dieser Website auf den Websites und Internet-Angeboten Dritter \u00fcbernimmt Tracing Spaces keine Verantwortung.<\/p>\n<p style=\"text-align: center;\">Grunds\u00e4tzlich freut sich Tracing Spaces \u00fcber Links oder Hinweise auf serpentine.at. In Einzelf\u00e4llen beh\u00e4lt sich Tracing Spaces vor, das Verlinken oder die Schaffung anderer Hinweise auf diese Website zu untersagen.<\/p>\n<p>\u00a0[\/vc_column_text][\/vc_column][vc_column column_padding=&#8220;no-extra-padding&#8220; column_padding_position=&#8220;all&#8220; background_color_opacity=&#8220;1&#8243; background_hover_color_opacity=&#8220;1&#8243; column_shadow=&#8220;none&#8220; column_border_radius=&#8220;none&#8220; width=&#8220;1\/1&#8243; tablet_text_alignment=&#8220;default&#8220; phone_text_alignment=&#8220;default&#8220; column_border_width=&#8220;none&#8220; column_border_style=&#8220;solid&#8220;][\/vc_column][vc_column column_padding=&#8220;no-extra-padding&#8220; column_padding_position=&#8220;all&#8220; background_color_opacity=&#8220;1&#8243; background_hover_color_opacity=&#8220;1&#8243; column_shadow=&#8220;none&#8220; column_border_radius=&#8220;none&#8220; width=&#8220;1\/1&#8243; tablet_text_alignment=&#8220;default&#8220; phone_text_alignment=&#8220;default&#8220; column_border_width=&#8220;none&#8220; column_border_style=&#8220;solid&#8220;][\/vc_column][\/vc_row]\n","protected":false},"excerpt":{"rendered":"<p>[vc_row type=&#8220;in_container&#8220; full_screen_row_position=&#8220;middle&#8220; scene_position=&#8220;center&#8220; text_color=&#8220;dark&#8220; text_align=&#8220;left&#8220; overlay_strength=&#8220;0.3&#8243; shape_divider_position=&#8220;bottom&#8220;][vc_column column_padding=&#8220;no-extra-padding&#8220; column_padding_position=&#8220;all&#8220; background_color_opacity=&#8220;1&#8243; background_hover_color_opacity=&#8220;1&#8243; column_shadow=&#8220;none&#8220; column_border_radius=&#8220;none&#8220; width=&#8220;1\/1&#8243; tablet_text_alignment=&#8220;default&#8220; phone_text_alignment=&#8220;default&#8220; column_border_width=&#8220;none&#8220; column_border_style=&#8220;solid&#8220;][vc_column_text] IMPRESSUM [\/vc_column_text][vc_column_text] Der Inhalt des Online-Angebotes serpetine.at ist der Internetauftritt zur&#8230;<\/p>\n","protected":false},"author":1,"featured_media":0,"parent":0,"menu_order":0,"comment_status":"closed","ping_status":"closed","template":"","meta":{"footnotes":""},"class_list":["post-512","page","type-page","status-publish"],"_links":{"self":[{"href":"https:\/\/tracingspaces.net\/heavenandhell\/wp-json\/wp\/v2\/pages\/512","targetHints":{"allow":["GET"]}}],"collection":[{"href":"https:\/\/tracingspaces.net\/heavenandhell\/wp-json\/wp\/v2\/pages"}],"about":[{"href":"https:\/\/tracingspaces.net\/heavenandhell\/wp-json\/wp\/v2\/types\/page"}],"author":[{"embeddable":true,"href":"https:\/\/tracingspaces.net\/heavenandhell\/wp-json\/wp\/v2\/users\/1"}],"replies":[{"embeddable":true,"href":"https:\/\/tracingspaces.net\/heavenandhell\/wp-json\/wp\/v2\/comments?post=512"}],"version-history":[{"count":6,"href":"https:\/\/tracingspaces.net\/heavenandhell\/wp-json\/wp\/v2\/pages\/512\/revisions"}],"predecessor-version":[{"id":518,"href":"https:\/\/tracingspaces.net\/heavenandhell\/wp-json\/wp\/v2\/pages\/512\/revisions\/518"}],"wp:attachment":[{"href":"https:\/\/tracingspaces.net\/heavenandhell\/wp-json\/wp\/v2\/media?parent=512"}],"curies":[{"name":"wp","href":"https:\/\/api.w.org\/{rel}","templated":true}]}}