{"id":5,"date":"2019-11-20T11:24:29","date_gmt":"2019-11-20T10:24:29","guid":{"rendered":"http:\/\/grazbackstage.tracingspaces.net\/?page_id=5"},"modified":"2021-06-05T17:32:14","modified_gmt":"2021-06-05T15:32:14","slug":"frontpage","status":"publish","type":"page","link":"https:\/\/tracingspaces.net\/grazbackstage\/","title":{"rendered":"Frontpage"},"content":{"rendered":"[vc_row type=&#8220;in_container&#8220; full_screen_row_position=&#8220;middle&#8220; scene_position=&#8220;center&#8220; text_color=&#8220;dark&#8220; text_align=&#8220;left&#8220; overlay_strength=&#8220;0.3&#8243; shape_divider_position=&#8220;bottom&#8220;][vc_column column_padding=&#8220;no-extra-padding&#8220; column_padding_position=&#8220;all&#8220; background_color_opacity=&#8220;1&#8243; background_hover_color_opacity=&#8220;1&#8243; column_shadow=&#8220;none&#8220; column_border_radius=&#8220;none&#8220; width=&#8220;1\/1&#8243; tablet_text_alignment=&#8220;default&#8220; phone_text_alignment=&#8220;default&#8220; column_border_width=&#8220;none&#8220; column_border_style=&#8220;solid&#8220;][vc_column_text]\n<div style=\"width: 1080px;\" class=\"wp-video\"><video class=\"wp-video-shortcode\" id=\"video-5-1\" width=\"1080\" height=\"608\" loop autoplay preload=\"metadata\" controls=\"controls\"><source type=\"video\/mp4\" src=\"https:\/\/tracingspaces.net\/grazbackstage\/wp-content\/uploads\/sites\/11\/2021\/03\/GrazBackstage_Animation_Web_Full_kl.mp4?_=1\" \/><a href=\"https:\/\/tracingspaces.net\/grazbackstage\/wp-content\/uploads\/sites\/11\/2021\/03\/GrazBackstage_Animation_Web_Full_kl.mp4\">https:\/\/tracingspaces.net\/grazbackstage\/wp-content\/uploads\/sites\/11\/2021\/03\/GrazBackstage_Animation_Web_Full_kl.mp4<\/a><\/video><\/div>\n[\/vc_column_text][\/vc_column][\/vc_row][vc_row type=&#8220;in_container&#8220; full_screen_row_position=&#8220;middle&#8220; scene_position=&#8220;center&#8220; text_color=&#8220;dark&#8220; text_align=&#8220;left&#8220; overlay_strength=&#8220;0.3&#8243; shape_divider_position=&#8220;bottom&#8220;][vc_column column_padding=&#8220;no-extra-padding&#8220; column_padding_position=&#8220;all&#8220; background_color_opacity=&#8220;1&#8243; background_hover_color_opacity=&#8220;1&#8243; column_shadow=&#8220;none&#8220; column_border_radius=&#8220;none&#8220; width=&#8220;1\/2&#8243; tablet_text_alignment=&#8220;default&#8220; phone_text_alignment=&#8220;default&#8220; column_border_width=&#8220;none&#8220; column_border_style=&#8220;solid&#8220;][vc_column_text]\n<h2 style=\"text-align: center;\"><span style=\"font-size: 24pt;\">GRAZ BACKSTAGE<\/span><\/h2>\n[\/vc_column_text]<div class=\"divider-wrap\"><div style=\"height: 25px;\" class=\"divider\"><\/div><\/div>[vc_column_text]\n<h3 style=\"text-align: center;\"><span style=\"font-size: 24pt;\">Mobilit\u00e4tsstr\u00f6me<\/span><\/h3>\n<h3 style=\"text-align: center;\"><span style=\"font-size: 24pt;\">Infrastrukturen<\/span><\/h3>\n<h3 style=\"text-align: center;\"><span style=\"font-size: 24pt;\">Akteure\u00a0<\/span><\/h3>\n<h3 style=\"text-align: center;\"><span style=\"font-size: 24pt;\">Fr\u00fchjahr \/ Sommer 2021<\/span><\/h3>\n[\/vc_column_text][\/vc_column][vc_column column_padding=&#8220;no-extra-padding&#8220; column_padding_position=&#8220;all&#8220; background_color_opacity=&#8220;1&#8243; background_hover_color_opacity=&#8220;1&#8243; column_shadow=&#8220;none&#8220; column_border_radius=&#8220;none&#8220; width=&#8220;1\/2&#8243; tablet_text_alignment=&#8220;default&#8220; phone_text_alignment=&#8220;default&#8220; column_border_width=&#8220;none&#8220; column_border_style=&#8220;solid&#8220;][vc_column_text]Betrachten wir den analogen Stoffwechsel einer Stadt und die Mobilit\u00e4tsstr\u00f6me an G\u00fctern und Personen, die sie durchziehen, dann l\u00e4sst sich \u201eStadt\u201c NICHT auf das Territorium innerhalb ihrer politischen Grenzen reduzieren:<\/p>\n<p>Graz Backstage untersucht die Vergangenheit, Gegenwart und Zukunft der \u201eInfrastrukturen\u201c zur Ver- und Entsorgung der Stadt: Verkehrskorridore, -netze, Flugverbindungen, Fahrzeuge aller Art, G\u00fcterumschlagpl\u00e4tze und Regelwerke, die den transnationalen G\u00fcteraustausch regeln. Verteilerzentren werden dabei nicht als ein singul\u00e4rer Ort oder auf ein einzelnes Geb\u00e4ude reduziert wahrgenommen, sondern als weitr\u00e4umiges Netzwerk miteinander in Beziehung stehender Verkehrswege und \u201eKnoten\u201c, ohne die \u201eStadt\u201c heute nicht mehr existieren kann. Zum anderen finden die komplexen voneinander abh\u00e4ngigen Prozesse zur\u00a0Ver- und Entsorgung auch unmittelbar in der Stadt statt \u2013 tagt\u00e4glich rund um die Uhr, allerdings mehrheitlich von den Bewohner*innen und Nutznie\u00dfer*innen aus der Wahrnehmung ausgeblendet oder verdr\u00e4ngt.<\/p>\n<p>Trotz Logistik 4.0 sind es Menschen aus unterschiedlichsten sozialen Milieus, die diesen Warenaustausch organisieren, die Lagerhaltung optimieren, den Verkehr regeln, die Fahrzeuge steuern und die Waren aus- und einladen. F\u00fcr diese Akteur*innen stellen die vermeintlichen geschichtslosen Nicht-Orte an den Peripherien und ihre Satelliten in den Zentren jedoch sinnstiftende mit Geschichte(n) aufgeladene Lebenswelten dar.<\/p>\n<p>In einem 3-stufigen Prozess werden reale historische und aktuelle Entwicklungen sowie auch Forschungen zur Zukunft, die mit individuellen Schicksalen und lokalen Firmengeschichten verkn\u00fcpft sind, in partizipativen Workshop mit Expert*innen des Logistik-Alltags recherchiert, kartographiert und projektiv in die Zukunft fortgeschrieben.[\/vc_column_text][\/vc_column][\/vc_row][vc_row type=&#8220;in_container&#8220; full_screen_row_position=&#8220;middle&#8220; scene_position=&#8220;center&#8220; text_color=&#8220;dark&#8220; text_align=&#8220;left&#8220; overlay_strength=&#8220;0.3&#8243; shape_divider_position=&#8220;bottom&#8220;][vc_column column_padding=&#8220;no-extra-padding&#8220; column_padding_position=&#8220;all&#8220; background_color_opacity=&#8220;1&#8243; background_hover_color_opacity=&#8220;1&#8243; column_shadow=&#8220;none&#8220; column_border_radius=&#8220;none&#8220; width=&#8220;1\/1&#8243; tablet_text_alignment=&#8220;default&#8220; phone_text_alignment=&#8220;default&#8220; column_border_width=&#8220;none&#8220; column_border_style=&#8220;solid&#8220;]<div class=\"divider-wrap\"><div style=\"height: 20px;\" class=\"divider\"><\/div><\/div>[\/vc_column][\/vc_row][vc_row type=&#8220;in_container&#8220; full_screen_row_position=&#8220;middle&#8220; scene_position=&#8220;center&#8220; text_color=&#8220;dark&#8220; text_align=&#8220;left&#8220; overlay_strength=&#8220;0.3&#8243; shape_divider_position=&#8220;bottom&#8220;][vc_column column_padding=&#8220;no-extra-padding&#8220; column_padding_position=&#8220;all&#8220; background_color_opacity=&#8220;1&#8243; background_hover_color_opacity=&#8220;1&#8243; column_shadow=&#8220;none&#8220; column_border_radius=&#8220;none&#8220; width=&#8220;1\/6&#8243; tablet_text_alignment=&#8220;default&#8220; phone_text_alignment=&#8220;default&#8220; column_border_width=&#8220;none&#8220; column_border_style=&#8220;solid&#8220;][\/vc_column][vc_column column_padding=&#8220;no-extra-padding&#8220; column_padding_position=&#8220;all&#8220; background_color_opacity=&#8220;1&#8243; background_hover_color_opacity=&#8220;1&#8243; column_shadow=&#8220;none&#8220; column_border_radius=&#8220;none&#8220; width=&#8220;1\/6&#8243; tablet_text_alignment=&#8220;default&#8220; phone_text_alignment=&#8220;default&#8220; column_border_width=&#8220;none&#8220; column_border_style=&#8220;solid&#8220;]<div class=\"img-with-aniamtion-wrap \" data-max-width=\"100%\" data-border-radius=\"none\"><div class=\"inner\"><img loading=\"lazy\" decoding=\"async\" data-shadow=\"none\" data-shadow-direction=\"middle\" class=\"img-with-animation \" data-delay=\"0\" height=\"188\" width=\"466\" data-animation=\"fade-in\" src=\"https:\/\/tracingspaces.net\/grazbackstage\/wp-content\/uploads\/sites\/11\/2020\/03\/Post_crop.jpg\" srcset=\"https:\/\/tracingspaces.net\/grazbackstage\/wp-content\/uploads\/sites\/11\/2020\/03\/Post_crop.jpg 466w, https:\/\/tracingspaces.net\/grazbackstage\/wp-content\/uploads\/sites\/11\/2020\/03\/Post_crop-300x121.jpg 300w\" sizes=\"auto, 100vw\" alt=\"\" \/><\/div><\/div>[\/vc_column][vc_column column_padding=&#8220;no-extra-padding&#8220; column_padding_position=&#8220;all&#8220; background_color_opacity=&#8220;1&#8243; background_hover_color_opacity=&#8220;1&#8243; column_shadow=&#8220;none&#8220; column_border_radius=&#8220;none&#8220; width=&#8220;1\/6&#8243; tablet_text_alignment=&#8220;default&#8220; phone_text_alignment=&#8220;default&#8220; column_border_width=&#8220;none&#8220; column_border_style=&#8220;solid&#8220;]<div class=\"img-with-aniamtion-wrap \" data-max-width=\"100%\" data-border-radius=\"none\"><div class=\"inner\"><img loading=\"lazy\" decoding=\"async\" data-shadow=\"none\" data-shadow-direction=\"middle\" class=\"img-with-animation \" data-delay=\"0\" height=\"354\" width=\"826\" data-animation=\"fade-in\" src=\"https:\/\/tracingspaces.net\/grazbackstage\/wp-content\/uploads\/sites\/11\/2020\/03\/cargo.png\" srcset=\"https:\/\/tracingspaces.net\/grazbackstage\/wp-content\/uploads\/sites\/11\/2020\/03\/cargo.png 826w, https:\/\/tracingspaces.net\/grazbackstage\/wp-content\/uploads\/sites\/11\/2020\/03\/cargo-300x129.png 300w, https:\/\/tracingspaces.net\/grazbackstage\/wp-content\/uploads\/sites\/11\/2020\/03\/cargo-768x329.png 768w\" sizes=\"auto, 100vw\" alt=\"\" \/><\/div><\/div>[\/vc_column][vc_column column_padding=&#8220;no-extra-padding&#8220; column_padding_position=&#8220;all&#8220; background_color_opacity=&#8220;1&#8243; background_hover_color_opacity=&#8220;1&#8243; column_shadow=&#8220;none&#8220; column_border_radius=&#8220;none&#8220; width=&#8220;1\/6&#8243; tablet_text_alignment=&#8220;default&#8220; phone_text_alignment=&#8220;default&#8220; column_border_width=&#8220;none&#8220; column_border_style=&#8220;solid&#8220;]<div class=\"img-with-aniamtion-wrap \" data-max-width=\"100%\" data-border-radius=\"none\"><div class=\"inner\"><img loading=\"lazy\" decoding=\"async\" data-shadow=\"none\" data-shadow-direction=\"middle\" class=\"img-with-animation \" data-delay=\"0\" height=\"339\" width=\"1984\" data-animation=\"fade-in\" src=\"https:\/\/tracingspaces.net\/grazbackstage\/wp-content\/uploads\/sites\/11\/2020\/03\/SPAR_RGB.jpg\" srcset=\"https:\/\/tracingspaces.net\/grazbackstage\/wp-content\/uploads\/sites\/11\/2020\/03\/SPAR_RGB.jpg 1984w, https:\/\/tracingspaces.net\/grazbackstage\/wp-content\/uploads\/sites\/11\/2020\/03\/SPAR_RGB-300x51.jpg 300w, https:\/\/tracingspaces.net\/grazbackstage\/wp-content\/uploads\/sites\/11\/2020\/03\/SPAR_RGB-1024x175.jpg 1024w, https:\/\/tracingspaces.net\/grazbackstage\/wp-content\/uploads\/sites\/11\/2020\/03\/SPAR_RGB-768x131.jpg 768w, https:\/\/tracingspaces.net\/grazbackstage\/wp-content\/uploads\/sites\/11\/2020\/03\/SPAR_RGB-1536x262.jpg 1536w\" sizes=\"auto, 100vw\" alt=\"\" \/><\/div><\/div>[\/vc_column][vc_column column_padding=&#8220;no-extra-padding&#8220; column_padding_position=&#8220;all&#8220; background_color_opacity=&#8220;1&#8243; background_hover_color_opacity=&#8220;1&#8243; column_shadow=&#8220;none&#8220; column_border_radius=&#8220;none&#8220; width=&#8220;1\/6&#8243; tablet_text_alignment=&#8220;default&#8220; phone_text_alignment=&#8220;default&#8220; column_border_width=&#8220;none&#8220; column_border_style=&#8220;solid&#8220;]<div class=\"img-with-aniamtion-wrap \" data-max-width=\"100%\" data-border-radius=\"none\"><div class=\"inner\"><img loading=\"lazy\" decoding=\"async\" data-shadow=\"none\" data-shadow-direction=\"middle\" class=\"img-with-animation \" data-delay=\"0\" height=\"427\" width=\"1000\" data-animation=\"fade-in\" src=\"https:\/\/tracingspaces.net\/grazbackstage\/wp-content\/uploads\/sites\/11\/2020\/03\/Servus.png\" srcset=\"https:\/\/tracingspaces.net\/grazbackstage\/wp-content\/uploads\/sites\/11\/2020\/03\/Servus.png 1000w, https:\/\/tracingspaces.net\/grazbackstage\/wp-content\/uploads\/sites\/11\/2020\/03\/Servus-300x128.png 300w, https:\/\/tracingspaces.net\/grazbackstage\/wp-content\/uploads\/sites\/11\/2020\/03\/Servus-768x328.png 768w\" sizes=\"auto, 100vw\" alt=\"\" \/><\/div><\/div>[\/vc_column][vc_column column_padding=&#8220;no-extra-padding&#8220; column_padding_position=&#8220;all&#8220; background_color_opacity=&#8220;1&#8243; background_hover_color_opacity=&#8220;1&#8243; column_shadow=&#8220;none&#8220; column_border_radius=&#8220;none&#8220; width=&#8220;1\/6&#8243; tablet_text_alignment=&#8220;default&#8220; phone_text_alignment=&#8220;default&#8220; column_border_width=&#8220;none&#8220; column_border_style=&#8220;solid&#8220;][\/vc_column][\/vc_row]\n","protected":false},"excerpt":{"rendered":"<p>[vc_row type=&#8220;in_container&#8220; full_screen_row_position=&#8220;middle&#8220; scene_position=&#8220;center&#8220; text_color=&#8220;dark&#8220; text_align=&#8220;left&#8220; overlay_strength=&#8220;0.3&#8243; shape_divider_position=&#8220;bottom&#8220;][vc_column column_padding=&#8220;no-extra-padding&#8220; column_padding_position=&#8220;all&#8220; background_color_opacity=&#8220;1&#8243; background_hover_color_opacity=&#8220;1&#8243; column_shadow=&#8220;none&#8220; column_border_radius=&#8220;none&#8220; width=&#8220;1\/1&#8243; tablet_text_alignment=&#8220;default&#8220; phone_text_alignment=&#8220;default&#8220; column_border_width=&#8220;none&#8220; column_border_style=&#8220;solid&#8220;][vc_column_text] [\/vc_column_text][\/vc_column][\/vc_row][vc_row type=&#8220;in_container&#8220; full_screen_row_position=&#8220;middle&#8220; scene_position=&#8220;center&#8220; text_color=&#8220;dark&#8220; text_align=&#8220;left&#8220; overlay_strength=&#8220;0.3&#8243; shape_divider_position=&#8220;bottom&#8220;][vc_column column_padding=&#8220;no-extra-padding&#8220; column_padding_position=&#8220;all&#8220; background_color_opacity=&#8220;1&#8243;&#8230;<\/p>\n","protected":false},"author":1,"featured_media":0,"parent":0,"menu_order":0,"comment_status":"closed","ping_status":"closed","template":"","meta":{"footnotes":""},"class_list":["post-5","page","type-page","status-publish"],"_links":{"self":[{"href":"https:\/\/tracingspaces.net\/grazbackstage\/wp-json\/wp\/v2\/pages\/5","targetHints":{"allow":["GET"]}}],"collection":[{"href":"https:\/\/tracingspaces.net\/grazbackstage\/wp-json\/wp\/v2\/pages"}],"about":[{"href":"https:\/\/tracingspaces.net\/grazbackstage\/wp-json\/wp\/v2\/types\/page"}],"author":[{"embeddable":true,"href":"https:\/\/tracingspaces.net\/grazbackstage\/wp-json\/wp\/v2\/users\/1"}],"replies":[{"embeddable":true,"href":"https:\/\/tracingspaces.net\/grazbackstage\/wp-json\/wp\/v2\/comments?post=5"}],"version-history":[{"count":44,"href":"https:\/\/tracingspaces.net\/grazbackstage\/wp-json\/wp\/v2\/pages\/5\/revisions"}],"predecessor-version":[{"id":616,"href":"https:\/\/tracingspaces.net\/grazbackstage\/wp-json\/wp\/v2\/pages\/5\/revisions\/616"}],"wp:attachment":[{"href":"https:\/\/tracingspaces.net\/grazbackstage\/wp-json\/wp\/v2\/media?parent=5"}],"curies":[{"name":"wp","href":"https:\/\/api.w.org\/{rel}","templated":true}]}}