{"id":421,"date":"2020-11-30T12:45:09","date_gmt":"2020-11-30T11:45:09","guid":{"rendered":"http:\/\/tracingspaces.net\/grazbackstage\/?page_id=421"},"modified":"2021-07-09T14:57:30","modified_gmt":"2021-07-09T12:57:30","slug":"termine","status":"publish","type":"page","link":"https:\/\/tracingspaces.net\/grazbackstage\/termine\/","title":{"rendered":"Termine"},"content":{"rendered":"[vc_row type=&#8220;in_container&#8220; full_screen_row_position=&#8220;middle&#8220; scene_position=&#8220;center&#8220; text_color=&#8220;dark&#8220; text_align=&#8220;left&#8220; overlay_strength=&#8220;0.3&#8243; shape_divider_position=&#8220;bottom&#8220;][vc_column column_padding=&#8220;no-extra-padding&#8220; column_padding_position=&#8220;all&#8220; background_color_opacity=&#8220;1&#8243; background_hover_color_opacity=&#8220;1&#8243; column_shadow=&#8220;none&#8220; column_border_radius=&#8220;none&#8220; width=&#8220;1\/1&#8243; tablet_text_alignment=&#8220;default&#8220; phone_text_alignment=&#8220;default&#8220; column_border_width=&#8220;none&#8220; column_border_style=&#8220;solid&#8220;][vc_column_text]\n<h2 style=\"text-align: center;\"><span style=\"font-size: 24pt;\">VERANSTALTUNGEN<\/span><\/h2>\n<h2 style=\"text-align: center;\"><span style=\"font-size: 24pt;\">Termine und Formate der Vermittlung<\/span><\/h2>\n[\/vc_column_text]<div class=\"divider-wrap\"><div style=\"height: 25px;\" class=\"divider\"><\/div><\/div>[\/vc_column][\/vc_row][vc_row type=&#8220;in_container&#8220; full_screen_row_position=&#8220;middle&#8220; scene_position=&#8220;center&#8220; text_color=&#8220;dark&#8220; text_align=&#8220;left&#8220; overlay_strength=&#8220;0.3&#8243; shape_divider_position=&#8220;bottom&#8220;][vc_column column_padding=&#8220;no-extra-padding&#8220; column_padding_position=&#8220;all&#8220; background_color_opacity=&#8220;1&#8243; background_hover_color_opacity=&#8220;1&#8243; column_shadow=&#8220;none&#8220; column_border_radius=&#8220;none&#8220; width=&#8220;1\/1&#8243; tablet_text_alignment=&#8220;default&#8220; phone_text_alignment=&#8220;default&#8220; column_border_width=&#8220;none&#8220; column_border_style=&#8220;solid&#8220;][vc_gallery type=&#8220;nectarslider_style&#8220; images=&#8220;588,591,592,589&#8243; flexible_slider_height=&#8220;true&#8220; bullet_navigation_style=&#8220;see_through&#8220; onclick=&#8220;link_image&#8220; img_size=&#8220;800 x 500&#8243;][\/vc_column][\/vc_row][vc_row type=&#8220;in_container&#8220; full_screen_row_position=&#8220;middle&#8220; scene_position=&#8220;center&#8220; text_color=&#8220;dark&#8220; text_align=&#8220;left&#8220; overlay_strength=&#8220;0.3&#8243; shape_divider_position=&#8220;bottom&#8220;][vc_column column_padding=&#8220;no-extra-padding&#8220; column_padding_position=&#8220;all&#8220; background_color_opacity=&#8220;1&#8243; background_hover_color_opacity=&#8220;1&#8243; column_shadow=&#8220;none&#8220; column_border_radius=&#8220;none&#8220; width=&#8220;1\/1&#8243; tablet_text_alignment=&#8220;default&#8220; phone_text_alignment=&#8220;default&#8220; column_border_width=&#8220;none&#8220; column_border_style=&#8220;solid&#8220;][vc_column_text]\n<p style=\"text-align: center;\">Ausstellungsbeteiligung im Kunsthaus Graz im Rahmen der SteiermarkSchau 2021. \u00a9 Photo: Martin Grabner<\/p>\n[\/vc_column_text][\/vc_column][\/vc_row][vc_row type=&#8220;in_container&#8220; full_screen_row_position=&#8220;middle&#8220; scene_position=&#8220;center&#8220; text_color=&#8220;dark&#8220; text_align=&#8220;left&#8220; overlay_strength=&#8220;0.3&#8243; shape_divider_position=&#8220;bottom&#8220;][vc_column column_padding=&#8220;no-extra-padding&#8220; column_padding_position=&#8220;all&#8220; background_color_opacity=&#8220;1&#8243; background_hover_color_opacity=&#8220;1&#8243; column_shadow=&#8220;none&#8220; column_border_radius=&#8220;none&#8220; width=&#8220;1\/1&#8243; tablet_text_alignment=&#8220;default&#8220; phone_text_alignment=&#8220;default&#8220; column_border_width=&#8220;none&#8220; column_border_style=&#8220;solid&#8220;]<div class=\"divider-wrap\"><div style=\"height: 40px;\" class=\"divider\"><\/div><\/div>[\/vc_column][\/vc_row][vc_row type=&#8220;in_container&#8220; full_screen_row_position=&#8220;middle&#8220; scene_position=&#8220;center&#8220; text_color=&#8220;dark&#8220; text_align=&#8220;left&#8220; overlay_strength=&#8220;0.3&#8243; shape_divider_position=&#8220;bottom&#8220;][vc_column column_padding=&#8220;no-extra-padding&#8220; column_padding_position=&#8220;all&#8220; background_color_opacity=&#8220;1&#8243; background_hover_color_opacity=&#8220;1&#8243; column_shadow=&#8220;none&#8220; column_border_radius=&#8220;none&#8220; width=&#8220;1\/2&#8243; tablet_text_alignment=&#8220;default&#8220; phone_text_alignment=&#8220;default&#8220; column_border_width=&#8220;none&#8220; column_border_style=&#8220;solid&#8220;][vc_column_text]\n<h3>10. April bis 31. Oktober 2021<\/h3>\n<h3>Projektpr\u00e4sentation im Rahmen der SteiermarkSchau im Kunsthaus Graz<\/h3>\n[\/vc_column_text]<div class=\"divider-wrap\"><div style=\"height: 30px;\" class=\"divider\"><\/div><\/div>[vc_column_text]&#8220;Stoffwechsel, Infrastruktur, Lebensraum&#8220;<br \/>\nEine Installation von Michael Hieslmair &amp; Michael Zinganel<br \/>\nim Rahmen der SteiermarkSchau<br \/>\nAluminium, Holz, Folie, AV-Medien, ca. 18 x 16 Meter, 2021[\/vc_column_text]<div class=\"divider-wrap\"><div style=\"height: 30px;\" class=\"divider\"><\/div><\/div>[vc_column_text]Urbane Agglomerationen sind nichts anderes als Fragmente eines gr\u00f6\u00dferen Netzwerkes. Ein solcher Knoten transnationaler Routen wird hier durch ein abgeh\u00e4ngtes raumgreifendes Fachwerk gebildet, einem Kreuz, in dem sich kubische Verteilerzentren an linearen Verkehrskorridoren anlagern. Die Wege bilden keinen realen Ma\u00dfstab bez\u00fcglich des Stadtgef\u00fcges ab, sondern stellen ein Modell des wuchernden urbanen Metabolismus dar, dem ein sozialer Metabolismus gegen\u00fcbersteht. Die abstrakte Raumskulptur verweist auf utopische Entw\u00fcrfe einer offenen Stadt, die sich endlos \u00fcber den Globus erstreckt. Der freie Personen- und Warenfluss und das beliebige F\u00fcllen der Infrastruktur, die um 1960 \u2013 in \u201eNew Babylon\u201c von Constant und \u201eL&#8217;Architecture Mobile\u201c von Yona Friedman \u2013 als Gesellschaftsutopien galten, werden heute als Bedrohung der Umwelt und Orte sozialer Ungleichheit wahrgenommen. Dieses Raumfachwerk korrespondiert daher mit einer Bodenarbeit, mit Sockeln, die aus dem Fu\u00dfboden wachsen. Hier werden Mikronarrative aus dem Lebensraum Logistik vorgestellt, d.s. die intimeren, privateren Erz\u00e4hlungen der mobilen Akteure, die tagt\u00e4glich unterwegs sind, um das Funktionieren der Stadt zu gew\u00e4hrleisten. Die Besucherinnen bewegen sich demnach zwischen Ma\u00dfst\u00e4ben und Abstraktionsgraden, zwischen Utopie und sozialer Realit\u00e4t.[\/vc_column_text]<div class=\"divider-wrap\"><div style=\"height: 30px;\" class=\"divider\"><\/div><\/div>[vc_column_text]Die integrierten Audiofiles zum Nachh\u00f6ren (Sprecher: Herbert Gnauer)<\/p>\n<audio class=\"wp-audio-shortcode\" id=\"audio-421-1\" preload=\"none\" style=\"width: 100%;\" controls=\"controls\"><source type=\"audio\/mpeg\" src=\"https:\/\/tracingspaces.net\/grazbackstage\/wp-content\/uploads\/sites\/11\/2021\/04\/Graz_MZ_01.mp3?_=1\" \/><a href=\"https:\/\/tracingspaces.net\/grazbackstage\/wp-content\/uploads\/sites\/11\/2021\/04\/Graz_MZ_01.mp3\">https:\/\/tracingspaces.net\/grazbackstage\/wp-content\/uploads\/sites\/11\/2021\/04\/Graz_MZ_01.mp3<\/a><\/audio>\n<p>Autobahnraststation Kaiserwald \/ A2 S\u00fcd-Autobahn bei Dobl \/ Dean B., Bosnier, 42 Jahre<\/p>\n<audio class=\"wp-audio-shortcode\" id=\"audio-421-2\" preload=\"none\" style=\"width: 100%;\" controls=\"controls\"><source type=\"audio\/mpeg\" src=\"https:\/\/tracingspaces.net\/grazbackstage\/wp-content\/uploads\/sites\/11\/2021\/04\/Graz_MZ_02.mp3?_=2\" \/><a href=\"https:\/\/tracingspaces.net\/grazbackstage\/wp-content\/uploads\/sites\/11\/2021\/04\/Graz_MZ_02.mp3\">https:\/\/tracingspaces.net\/grazbackstage\/wp-content\/uploads\/sites\/11\/2021\/04\/Graz_MZ_02.mp3<\/a><\/audio>\n<p>Cargo Center Graz \u2013 Container Terminal \/ A9 Pyhrn-Autobahn bei Werndorf \/ S\u00fcdbahn Anschluss Koralmbahn \/ Zs\u00f3fia K. 28, Ungarin<\/p>\n<audio class=\"wp-audio-shortcode\" id=\"audio-421-3\" preload=\"none\" style=\"width: 100%;\" controls=\"controls\"><source type=\"audio\/mpeg\" src=\"https:\/\/tracingspaces.net\/grazbackstage\/wp-content\/uploads\/sites\/11\/2021\/04\/Graz_MZ_03.mp3?_=3\" \/><a href=\"https:\/\/tracingspaces.net\/grazbackstage\/wp-content\/uploads\/sites\/11\/2021\/04\/Graz_MZ_03.mp3\">https:\/\/tracingspaces.net\/grazbackstage\/wp-content\/uploads\/sites\/11\/2021\/04\/Graz_MZ_03.mp3<\/a><\/audio>\n<p>Sondernm\u00fcll-Lager und M\u00fcllverbrennungsanlage Mellach \/ A9 Pyhrn-Autobahn bei Werndorf \/ S\u00fcdbahnanschluss, Murufer \/ Antonia D., 42<\/p>\n<audio class=\"wp-audio-shortcode\" id=\"audio-421-4\" preload=\"none\" style=\"width: 100%;\" controls=\"controls\"><source type=\"audio\/mpeg\" src=\"https:\/\/tracingspaces.net\/grazbackstage\/wp-content\/uploads\/sites\/11\/2021\/04\/Graz_MZ_04.mp3?_=4\" \/><a href=\"https:\/\/tracingspaces.net\/grazbackstage\/wp-content\/uploads\/sites\/11\/2021\/04\/Graz_MZ_04.mp3\">https:\/\/tracingspaces.net\/grazbackstage\/wp-content\/uploads\/sites\/11\/2021\/04\/Graz_MZ_04.mp3<\/a><\/audio>\n<p>Biotop im Logistikareal \/ Sophia M., 38, K\u00fcnstlerin und Aktivistin<\/p>\n<audio class=\"wp-audio-shortcode\" id=\"audio-421-5\" preload=\"none\" style=\"width: 100%;\" controls=\"controls\"><source type=\"audio\/mpeg\" src=\"https:\/\/tracingspaces.net\/grazbackstage\/wp-content\/uploads\/sites\/11\/2021\/04\/Graz_MZ_05.mp3?_=5\" \/><a href=\"https:\/\/tracingspaces.net\/grazbackstage\/wp-content\/uploads\/sites\/11\/2021\/04\/Graz_MZ_05.mp3\">https:\/\/tracingspaces.net\/grazbackstage\/wp-content\/uploads\/sites\/11\/2021\/04\/Graz_MZ_05.mp3<\/a><\/audio>\n<p>Wirtshaus mit Saal und G\u00e4stezimmern \/ Karl G., 55 \/ Wirt<\/p>\n<audio class=\"wp-audio-shortcode\" id=\"audio-421-6\" preload=\"none\" style=\"width: 100%;\" controls=\"controls\"><source type=\"audio\/mpeg\" src=\"https:\/\/tracingspaces.net\/grazbackstage\/wp-content\/uploads\/sites\/11\/2021\/04\/Graz_MZ_06.mp3?_=6\" \/><a href=\"https:\/\/tracingspaces.net\/grazbackstage\/wp-content\/uploads\/sites\/11\/2021\/04\/Graz_MZ_06.mp3\">https:\/\/tracingspaces.net\/grazbackstage\/wp-content\/uploads\/sites\/11\/2021\/04\/Graz_MZ_06.mp3<\/a><\/audio>\n<p>Sportplatz im Logistikareal \/ Malik D., Gambia, Lagerarbeiter<\/p>\n<audio class=\"wp-audio-shortcode\" id=\"audio-421-7\" preload=\"none\" style=\"width: 100%;\" controls=\"controls\"><source type=\"audio\/mpeg\" src=\"https:\/\/tracingspaces.net\/grazbackstage\/wp-content\/uploads\/sites\/11\/2021\/04\/Graz_MZ_07.mp3?_=7\" \/><a href=\"https:\/\/tracingspaces.net\/grazbackstage\/wp-content\/uploads\/sites\/11\/2021\/04\/Graz_MZ_07.mp3\">https:\/\/tracingspaces.net\/grazbackstage\/wp-content\/uploads\/sites\/11\/2021\/04\/Graz_MZ_07.mp3<\/a><\/audio>\n<p>Monteurs-Unterkunft \/ Jens L., Ingenieur<\/p>\n<audio class=\"wp-audio-shortcode\" id=\"audio-421-8\" preload=\"none\" style=\"width: 100%;\" controls=\"controls\"><source type=\"audio\/mpeg\" src=\"https:\/\/tracingspaces.net\/grazbackstage\/wp-content\/uploads\/sites\/11\/2021\/04\/Graz_MZ_08.mp3?_=8\" \/><a href=\"https:\/\/tracingspaces.net\/grazbackstage\/wp-content\/uploads\/sites\/11\/2021\/04\/Graz_MZ_08.mp3\">https:\/\/tracingspaces.net\/grazbackstage\/wp-content\/uploads\/sites\/11\/2021\/04\/Graz_MZ_08.mp3<\/a><\/audio>\n<p>Verteilerzentrum eines internationalen Paketdienstleisters \/ Kamal M., 26, Fahrer<\/p>\n<audio class=\"wp-audio-shortcode\" id=\"audio-421-9\" preload=\"none\" style=\"width: 100%;\" controls=\"controls\"><source type=\"audio\/mpeg\" src=\"https:\/\/tracingspaces.net\/grazbackstage\/wp-content\/uploads\/sites\/11\/2021\/04\/Graz_MZ_09.mp3?_=9\" \/><a href=\"https:\/\/tracingspaces.net\/grazbackstage\/wp-content\/uploads\/sites\/11\/2021\/04\/Graz_MZ_09.mp3\">https:\/\/tracingspaces.net\/grazbackstage\/wp-content\/uploads\/sites\/11\/2021\/04\/Graz_MZ_09.mp3<\/a><\/audio>\n<p>Virologische Kontrollstation \/ Drive Through Test-Stra\u00dfe \/ Martin M., Arzt[\/vc_column_text]<div class=\"divider-wrap\"><div style=\"height: 60px;\" class=\"divider\"><\/div><\/div>[vc_column_text]N\u00e4here Informationen \u00fcber die <a href=\"https:\/\/www.steiermarkschau.at\/ausstellungen\/kunsthaus-graz\" target=\"_blank\" rel=\"noopener\">SteiermarkSchau was wird sein<\/a>[\/vc_column_text][\/vc_column][vc_column column_padding=&#8220;no-extra-padding&#8220; column_padding_position=&#8220;all&#8220; background_color_opacity=&#8220;1&#8243; background_hover_color_opacity=&#8220;1&#8243; column_shadow=&#8220;none&#8220; column_border_radius=&#8220;none&#8220; width=&#8220;1\/2&#8243; tablet_text_alignment=&#8220;default&#8220; phone_text_alignment=&#8220;default&#8220; column_border_width=&#8220;none&#8220; column_border_style=&#8220;solid&#8220;][vc_column_text]\n<h3>Mai bis Juli 2021<\/h3>\n<h3>Mobile Symposien und performative Exkursionen in die Grazer Logistik-Landschaft<\/h3>\n[\/vc_column_text]<div class=\"divider-wrap\"><div style=\"height: 30px;\" class=\"divider\"><\/div><\/div>[vc_column_text]Wir entwerfen und markieren ein Fahrradwegenetz f\u00fcr Fahrradtouren in die Logistiklandschaft, die selbstst\u00e4ndig befahren werden k\u00f6nnen. Eine anloge und digitale Karte in unterschiedlichen Varianten und Schwierigkeitsgraden wird demn\u00e4chst hier zum Download zu verf\u00fcgung stehen.<\/p>\n<p>Wir werden aber auch gef\u00fchrte Touren mit Expert*innen des Alltags (d.h. aus der Logistik-Welt) anbieten. Die Termine sind:<\/p>\n<p>Freitag, 28. Mai 2021: u.a. Gro\u00dfmarkt, Schlachthof, Graz Log, Sturzgasse, SPAR Zentrallager Puntigam. Mit Susanne Bauer, Arbeiterkammer Stmk. und G\u00fcnther Weitzer, Leiter Logistik &amp; Warenfluss SPAR Graz. Abfahrt um 15 Uhr vor dem <a href=\"https:\/\/hda-graz.at\/\" target=\"_blank\" rel=\"noopener\">Haus der Architektur<\/a> Mariahilferstra\u00dfe 2, A-8020 Graz<\/p>\n<p>Freitag, 11. Juni 2021: u.a. Cargo Center S\u00fcd Werndorf, POST AG Paketzentrum Kalsdorf. Mit Martin Kohlmayer, <span class=\"\" lang=\"DE-AT\">Leitung Logistikzentrum 8005 Kalsdorf. <\/span>Abfahrt um 16 Uhr vor dem (S5) Bahnhof Werndorf.<\/p>\n<p>Freitag, 2. Juli 2021: u.a. Cargo Center S\u00fcd Werndorf, POST AG Paketzentrum Kalsdorf. Abfahrt um 16 Uhr vor dem (S5) Bahnhof Werndorf.<\/p>\n<p>Donnerstag, 15. Juli 2021 um 19:30: Der blinde Fleck (die Grazer Logistiklandschaft zw. Landverbrauch und Lebensraum). Pr\u00e4sentation und Live-Kartographie mit Manuel Moser, Diskussion mit Markus Bogensberger (Baukulturbauftragter des Landes) &amp; Christian Landsch\u00fctzer (Logistikforscher an der TU Graz) im Club Hybrid, Herrgottwiesgasse 161, 8055 Graz. <a href=\"https:\/\/www.clubhybrid.at\/programm\/?kw=28&amp;e=2114-0#kalender\" target=\"_blank\" rel=\"noopener\">&gt; zum Programm<\/a><\/p>\n<p>Freitag, 16. Juli 2021 ab 16 Uhr: Abfahrt um 16 Uhr vor dem (S5) Bahnhof Werndorf.<\/p>\n<p>Eine verbindliche Anmeldungen ist unbedingt erforderlich, ebenso COVID G3-Nachweis, FFP2 Maske und eigenes Fahrrad!<\/p>\n<p>Bei den Touren bewegen wir uns in einem mobilen multilokalen Symposium mit Musikbegleitung und kulinarischer Not-Versorgung zu verschiedenen Infrastruktur-Knoten, die f\u00fcr die Bew\u00e4ltigung des \u201eStoffwechsel\u201d der Stadt Graz von gro\u00dfer Bedeutung waren und sind. Diese riesigen Agglomerationen sind aber auch Arbeits- und Lebensr\u00e4ume von Expert*innen der Ver- und Entsorgung, die unser allt\u00e4gliches Wohlbefinden in der Stadt erm\u00f6glichen: wir reisen daher von historischen St\u00e4tten wie dem Bahnhofspostamt, Gem\u00fcsemarkt und Schlachthof, oder der M\u00fcllentsorgung in der Sturzgasse, zu aktuellen Knoten wie u.a. dem Containerterminal im Cargo Center S\u00fcd, dem neuen Verteilerzentrum der Post AG, dem SPAR und REWE Zentrallager, den Entsorgungseinrichtungen von Saubermacher und SERVUS&#8230;<\/p>\n<p>Sobald es die Lage wieder zul\u00e4sst, werden wir in Kooperation mit den Partnerunternehmen auch Besichtigungen der Verteilerzentren anbieten. Die konkreten Termine werden aber hier bekanntgegeben.[\/vc_column_text]<div class=\"divider-wrap\"><div style=\"height: 30px;\" class=\"divider\"><\/div><\/div>[vc_column_text]\n<h3>Tour 1:\u00a0Lebensmittelkreisl\u00e4ufe \u2013 Anlieferung, Trennung, Entsorgung<\/h3>\n<p>Route: Versorgung durch ehemaligen Gro\u00dfmarkt und Schlachthof (heute noch Blumenb\u00f6rse, Gem\u00fcsemarkt und Fleischverkauf) und die SPAR\/REWE Logistik Zentruen, Entsorgung in der Sturzgasse, durch Servus und Saubermacher, die Holding Graz Wasserwirtschaft, und die Kl\u00e4ranlage G\u00f6ssendorf<br \/>\nG\u00e4ste (angefragt): G\u00fcnther Weitzer, SPAR Leiter Logistik\/ Warenfluss; Kathrin M\u00fcnzer, Leiterin Stoffstrommanagement, Graz Holding, Abfallwirtschaft; Judith Schwentner, Stadtr\u00e4tin f\u00fcr Umwelt und Frauen<\/p>\n<h3>Tour 2:\u00a0Ma\u00dfstab-Spr\u00fcnge \u2013 Terminals f\u00fcr Medikamentenschachteln, Flugpost, und \u00dcbersee-Container<\/h3>\n<p>Route: Hauptbahnhof, Container-Terminal am Cargo Center Graz, Swissport Cargo Services, Flughafen Graz, Fresenius Kabi Pharma, Saubermacher Sortieranlage<br \/>\nG\u00e4ste (angefragt): Christian Steindl, Gesch\u00e4ftsf\u00fchrer Cargo Center Graz; Manuela Veit, Operation Manager Swissport<\/p>\n<h3>Tour 3:\u00a0Brave New World \u2013 Search, Click and Deliver \u2013 Leben in der Logistik 4.0<\/h3>\n<p>Route: Graz Hbf, ehemaliger G\u00fcterbahnhof, Post AG Brieflogistikzentrum Steiermark, Institut f\u00fcr Technische Logistik, TU Graz, neu er\u00f6ffnetes Post AG Paketlogistikzentrum Steiermark in Kalsdorf, Altpapierverwertung<br \/>\nG\u00e4ste (angefragt): DI Peter Umundum, Post AG, Vorstand Paket &amp; Logistik, Logistiknetzwerke; DI Klaus Rogner, Post AG, Projektmanagement Hochbau \u2013 Leiter Hochbau Region S\u00fcd[\/vc_column_text][\/vc_column][\/vc_row]\n","protected":false},"excerpt":{"rendered":"<p>[vc_row type=&#8220;in_container&#8220; full_screen_row_position=&#8220;middle&#8220; scene_position=&#8220;center&#8220; text_color=&#8220;dark&#8220; text_align=&#8220;left&#8220; overlay_strength=&#8220;0.3&#8243; shape_divider_position=&#8220;bottom&#8220;][vc_column column_padding=&#8220;no-extra-padding&#8220; column_padding_position=&#8220;all&#8220; background_color_opacity=&#8220;1&#8243; background_hover_color_opacity=&#8220;1&#8243; column_shadow=&#8220;none&#8220; column_border_radius=&#8220;none&#8220; width=&#8220;1\/1&#8243; tablet_text_alignment=&#8220;default&#8220; phone_text_alignment=&#8220;default&#8220; column_border_width=&#8220;none&#8220; column_border_style=&#8220;solid&#8220;][vc_column_text] VERANSTALTUNGEN Termine und Formate der Vermittlung [\/vc_column_text][\/vc_column][\/vc_row][vc_row type=&#8220;in_container&#8220; full_screen_row_position=&#8220;middle&#8220; scene_position=&#8220;center&#8220; text_color=&#8220;dark&#8220;&#8230;<\/p>\n","protected":false},"author":1,"featured_media":0,"parent":0,"menu_order":0,"comment_status":"closed","ping_status":"closed","template":"","meta":{"footnotes":""},"class_list":["post-421","page","type-page","status-publish"],"_links":{"self":[{"href":"https:\/\/tracingspaces.net\/grazbackstage\/wp-json\/wp\/v2\/pages\/421","targetHints":{"allow":["GET"]}}],"collection":[{"href":"https:\/\/tracingspaces.net\/grazbackstage\/wp-json\/wp\/v2\/pages"}],"about":[{"href":"https:\/\/tracingspaces.net\/grazbackstage\/wp-json\/wp\/v2\/types\/page"}],"author":[{"embeddable":true,"href":"https:\/\/tracingspaces.net\/grazbackstage\/wp-json\/wp\/v2\/users\/1"}],"replies":[{"embeddable":true,"href":"https:\/\/tracingspaces.net\/grazbackstage\/wp-json\/wp\/v2\/comments?post=421"}],"version-history":[{"count":69,"href":"https:\/\/tracingspaces.net\/grazbackstage\/wp-json\/wp\/v2\/pages\/421\/revisions"}],"predecessor-version":[{"id":620,"href":"https:\/\/tracingspaces.net\/grazbackstage\/wp-json\/wp\/v2\/pages\/421\/revisions\/620"}],"wp:attachment":[{"href":"https:\/\/tracingspaces.net\/grazbackstage\/wp-json\/wp\/v2\/media?parent=421"}],"curies":[{"name":"wp","href":"https:\/\/api.w.org\/{rel}","templated":true}]}}