{"id":17,"date":"2019-11-26T11:40:07","date_gmt":"2019-11-26T10:40:07","guid":{"rendered":"http:\/\/grazbackstage.tracingspaces.net\/?page_id=17"},"modified":"2021-03-24T14:00:25","modified_gmt":"2021-03-24T13:00:25","slug":"stadt-und-netzwerke","status":"publish","type":"page","link":"https:\/\/tracingspaces.net\/grazbackstage\/stadt-und-netzwerke\/","title":{"rendered":"Stadt und Netzwerke"},"content":{"rendered":"[vc_row type=&#8220;in_container&#8220; full_screen_row_position=&#8220;middle&#8220; scene_position=&#8220;center&#8220; text_color=&#8220;dark&#8220; text_align=&#8220;left&#8220; overlay_strength=&#8220;0.3&#8243; shape_divider_position=&#8220;bottom&#8220;][vc_column column_padding=&#8220;no-extra-padding&#8220; column_padding_position=&#8220;all&#8220; background_color_opacity=&#8220;1&#8243; background_hover_color_opacity=&#8220;1&#8243; column_shadow=&#8220;none&#8220; column_border_radius=&#8220;none&#8220; width=&#8220;1\/1&#8243; tablet_text_alignment=&#8220;default&#8220; phone_text_alignment=&#8220;default&#8220; column_border_width=&#8220;none&#8220; column_border_style=&#8220;solid&#8220;]<div class=\"divider-wrap\"><div style=\"height: 20px;\" class=\"divider\"><\/div><\/div>[\/vc_column][\/vc_row][vc_row type=&#8220;in_container&#8220; full_screen_row_position=&#8220;middle&#8220; scene_position=&#8220;center&#8220; text_color=&#8220;dark&#8220; text_align=&#8220;left&#8220; overlay_strength=&#8220;0.3&#8243; shape_divider_position=&#8220;bottom&#8220;][vc_column column_padding=&#8220;no-extra-padding&#8220; column_padding_position=&#8220;all&#8220; background_color_opacity=&#8220;1&#8243; background_hover_color_opacity=&#8220;1&#8243; column_shadow=&#8220;none&#8220; column_border_radius=&#8220;none&#8220; width=&#8220;1\/2&#8243; tablet_text_alignment=&#8220;default&#8220; phone_text_alignment=&#8220;default&#8220; column_border_width=&#8220;none&#8220; column_border_style=&#8220;solid&#8220;]<div class=\"img-with-aniamtion-wrap \" data-max-width=\"100%\" data-border-radius=\"none\"><div class=\"inner\"><a href=\"https:\/\/tracingspaces.net\/grazbackstage\/wp-content\/uploads\/sites\/11\/2020\/11\/00_graz-region-map.jpg\" class=\"pp \"><img loading=\"lazy\" decoding=\"async\" data-shadow=\"none\" data-shadow-direction=\"middle\" class=\"img-with-animation \" data-delay=\"0\" height=\"2000\" width=\"2000\" data-animation=\"fade-in\" src=\"https:\/\/tracingspaces.net\/grazbackstage\/wp-content\/uploads\/sites\/11\/2020\/11\/00_graz-region-map.jpg\" srcset=\"https:\/\/tracingspaces.net\/grazbackstage\/wp-content\/uploads\/sites\/11\/2020\/11\/00_graz-region-map.jpg 2000w, https:\/\/tracingspaces.net\/grazbackstage\/wp-content\/uploads\/sites\/11\/2020\/11\/00_graz-region-map-300x300.jpg 300w, https:\/\/tracingspaces.net\/grazbackstage\/wp-content\/uploads\/sites\/11\/2020\/11\/00_graz-region-map-1024x1024.jpg 1024w, https:\/\/tracingspaces.net\/grazbackstage\/wp-content\/uploads\/sites\/11\/2020\/11\/00_graz-region-map-150x150.jpg 150w, https:\/\/tracingspaces.net\/grazbackstage\/wp-content\/uploads\/sites\/11\/2020\/11\/00_graz-region-map-768x768.jpg 768w, https:\/\/tracingspaces.net\/grazbackstage\/wp-content\/uploads\/sites\/11\/2020\/11\/00_graz-region-map-1536x1536.jpg 1536w, https:\/\/tracingspaces.net\/grazbackstage\/wp-content\/uploads\/sites\/11\/2020\/11\/00_graz-region-map-100x100.jpg 100w, https:\/\/tracingspaces.net\/grazbackstage\/wp-content\/uploads\/sites\/11\/2020\/11\/00_graz-region-map-140x140.jpg 140w, https:\/\/tracingspaces.net\/grazbackstage\/wp-content\/uploads\/sites\/11\/2020\/11\/00_graz-region-map-500x500.jpg 500w, https:\/\/tracingspaces.net\/grazbackstage\/wp-content\/uploads\/sites\/11\/2020\/11\/00_graz-region-map-350x350.jpg 350w, https:\/\/tracingspaces.net\/grazbackstage\/wp-content\/uploads\/sites\/11\/2020\/11\/00_graz-region-map-1000x1000.jpg 1000w, https:\/\/tracingspaces.net\/grazbackstage\/wp-content\/uploads\/sites\/11\/2020\/11\/00_graz-region-map-800x800.jpg 800w\" sizes=\"auto, 100vw\" alt=\"\" \/><\/a><\/div><\/div>[\/vc_column][vc_column column_padding=&#8220;no-extra-padding&#8220; column_padding_position=&#8220;all&#8220; background_color_opacity=&#8220;1&#8243; background_hover_color_opacity=&#8220;1&#8243; column_shadow=&#8220;none&#8220; column_border_radius=&#8220;none&#8220; width=&#8220;1\/2&#8243; tablet_text_alignment=&#8220;default&#8220; phone_text_alignment=&#8220;default&#8220; column_border_width=&#8220;none&#8220; column_border_style=&#8220;solid&#8220;][vc_column_text]\n<h3 style=\"text-align: center;\"><span style=\"font-size: 24pt;\">Stadt in vernetzten<\/span><\/h3>\n<h3 style=\"text-align: center;\"><span style=\"font-size: 24pt;\">Netzwerken<\/span><\/h3>\n[\/vc_column_text]<div class=\"divider-wrap\"><div style=\"height: 20px;\" class=\"divider\"><\/div><\/div>[vc_column_text]Betrachten wir den analogen Stoffwechsel einer Stadt und die Mobilit\u00e4tsstr\u00f6me an G\u00fctern und Personen, die sie durchziehen, dann l\u00e4sst sich \u201eStadt\u201c NICHT auf das Territorium innerhalb ihrer politischen Grenzen reduzieren: St\u00e4dte wurden in der Regel als Zentren des Warenaustausches begr\u00fcndet. Die Waren-Umschlagpl\u00e4tze wurden an deren R\u00e4nder verlagert und wanderten sukzessive mit jedem Wachstumsschub der Stadt weiter hinaus an deren Peripherien \u2013 und weil die Transportanteile der LKWs jene der Bahn \u00fcbertrafen, \u00a0bis zu den Knoten bedeutender Autobahnverbindungen. Die historischen Umschlagpl\u00e4tze verschwanden oder wurden f\u00fcr andere Zwecke um genutzt. Nur wenige Ausnahmen sind bis heute in Betrieb. Diese Verteilerzentren d\u00fcrfen jedoch nicht als ein singul\u00e4rer Ort oder zumindest nicht auf eine einzelne Anlage reduziert wahrgenommen werden, sondern jeder einzelne Ort ist ein Netzwerk, das mit anderen in Beziehung steht, die in Summe ein viel weitr\u00e4umigeres Netzwerk aus Verkehrswegen, Knoten, Fahrzeugen und Akteur*innen bilden, ohne die eine einzelne \u201eStadt\u201c nicht (mehr) existieren kann.[\/vc_column_text][\/vc_column][\/vc_row][vc_row type=&#8220;in_container&#8220; full_screen_row_position=&#8220;middle&#8220; scene_position=&#8220;center&#8220; text_color=&#8220;dark&#8220; text_align=&#8220;left&#8220; overlay_strength=&#8220;0.3&#8243; shape_divider_position=&#8220;bottom&#8220;][vc_column column_padding=&#8220;no-extra-padding&#8220; column_padding_position=&#8220;all&#8220; background_color_opacity=&#8220;1&#8243; background_hover_color_opacity=&#8220;1&#8243; column_shadow=&#8220;none&#8220; column_border_radius=&#8220;none&#8220; width=&#8220;1\/2&#8243; tablet_text_alignment=&#8220;default&#8220; phone_text_alignment=&#8220;default&#8220; column_border_width=&#8220;none&#8220; column_border_style=&#8220;solid&#8220;][vc_column_text]\n<h3 style=\"text-align: center;\"><span style=\"font-size: 24pt;\">Case Study Graz<\/span><\/h3>\n[\/vc_column_text]<div class=\"divider-wrap\"><div style=\"height: 25px;\" class=\"divider\"><\/div><\/div>[vc_column_text]Wie in anderen wachsenden St\u00e4dten nimmt auch in Graz der Bedarf nach G\u00fctern st\u00e4ndig zu \u2013 nicht nur, weil immer mehr Menschen nach Graz zuwandern, sondern auch weil die Menschen immer mehr G\u00fcter konsumieren, die weit \u00fcber den allt\u00e4glichen Gebrauch hinausreichen, und auch weil sie erwarten immer mehr G\u00fcter in die eigenen vier W\u00e4nde zugestellt zu bekommen. Zum anderen weist Graz immer noch gro\u00dfe Produktionsbetriebe auf die \u201ejust in time\u201c die Anlieferung von Bauteilen erwarten. Diese G\u00fcter werden nicht notwendigerweise in Graz selbst produziert, sondern aus anderen Regionen, Nationen und mitunter aus anderen Kontinenten angeliefert. Und auch viele der Arbeitskr\u00e4fte in der Produktion und die bescheiden entlohnten Dienstleister*innen in den legalen und grauen Gewerben,<span class=\"Apple-converted-space\">\u00a0 <\/span>die diese so wohlhabend erscheinende Stadt am Funktionieren halten, pendeln in unterschiedlichen Rhythmen aus unterschiedlich weiten Entfernungen in die Stadt ein und aus der Stadt aus. Umgekehrt m\u00fcssen die hier gefertigten Produkte ausgeliefert, ebenso aber die enorm anwachsenden Abf\u00e4lle des \u00fcberbordenden Konsums entsorgt und\/oder ihrer Wiederverwertung zugef\u00fchrt werden.<span class=\"Apple-converted-space\"><br \/>\n<\/span>Transport und Entsorgung ben\u00f6tigen technische und soziale Infrastrukturen wie regionale und transnationale Stra\u00dfenverkehrskorridore, Schienennetze, Flugverbindungen, Transport-Fahrzeuge aller Art, G\u00fcterumschlagpl\u00e4tze, aber auch internationale Regelwerke, die den transnationalen G\u00fcteraustausch regeln. Und nicht zu vergessen: Trotz Logistik 4.0 ben\u00f6tigen sie auch Menschen, die diesen Warenaustausch organisieren, den Verkehr regeln, die Fahrzeuge steuern und die Waren aus-und einladen.[\/vc_column_text][\/vc_column][vc_column column_padding=&#8220;no-extra-padding&#8220; column_padding_position=&#8220;all&#8220; background_color_opacity=&#8220;1&#8243; background_hover_color_opacity=&#8220;1&#8243; column_shadow=&#8220;none&#8220; column_border_radius=&#8220;none&#8220; width=&#8220;1\/2&#8243; tablet_text_alignment=&#8220;default&#8220; phone_text_alignment=&#8220;default&#8220; column_border_width=&#8220;none&#8220; column_border_style=&#8220;solid&#8220;]<div class=\"img-with-aniamtion-wrap \" data-max-width=\"100%\" data-border-radius=\"none\"><div class=\"inner\"><a href=\"https:\/\/tracingspaces.net\/grazbackstage\/wp-content\/uploads\/sites\/11\/2020\/11\/05_terminal-ueberlagert_webx_1.jpg\" class=\"pp \"><img loading=\"lazy\" decoding=\"async\" data-shadow=\"none\" data-shadow-direction=\"middle\" class=\"img-with-animation \" data-delay=\"0\" height=\"2000\" width=\"2000\" data-animation=\"fade-in\" src=\"https:\/\/tracingspaces.net\/grazbackstage\/wp-content\/uploads\/sites\/11\/2020\/11\/05_terminal-ueberlagert_webx_1.jpg\" srcset=\"https:\/\/tracingspaces.net\/grazbackstage\/wp-content\/uploads\/sites\/11\/2020\/11\/05_terminal-ueberlagert_webx_1.jpg 2000w, https:\/\/tracingspaces.net\/grazbackstage\/wp-content\/uploads\/sites\/11\/2020\/11\/05_terminal-ueberlagert_webx_1-300x300.jpg 300w, https:\/\/tracingspaces.net\/grazbackstage\/wp-content\/uploads\/sites\/11\/2020\/11\/05_terminal-ueberlagert_webx_1-1024x1024.jpg 1024w, https:\/\/tracingspaces.net\/grazbackstage\/wp-content\/uploads\/sites\/11\/2020\/11\/05_terminal-ueberlagert_webx_1-150x150.jpg 150w, https:\/\/tracingspaces.net\/grazbackstage\/wp-content\/uploads\/sites\/11\/2020\/11\/05_terminal-ueberlagert_webx_1-768x768.jpg 768w, https:\/\/tracingspaces.net\/grazbackstage\/wp-content\/uploads\/sites\/11\/2020\/11\/05_terminal-ueberlagert_webx_1-1536x1536.jpg 1536w, https:\/\/tracingspaces.net\/grazbackstage\/wp-content\/uploads\/sites\/11\/2020\/11\/05_terminal-ueberlagert_webx_1-100x100.jpg 100w, https:\/\/tracingspaces.net\/grazbackstage\/wp-content\/uploads\/sites\/11\/2020\/11\/05_terminal-ueberlagert_webx_1-140x140.jpg 140w, https:\/\/tracingspaces.net\/grazbackstage\/wp-content\/uploads\/sites\/11\/2020\/11\/05_terminal-ueberlagert_webx_1-500x500.jpg 500w, https:\/\/tracingspaces.net\/grazbackstage\/wp-content\/uploads\/sites\/11\/2020\/11\/05_terminal-ueberlagert_webx_1-350x350.jpg 350w, https:\/\/tracingspaces.net\/grazbackstage\/wp-content\/uploads\/sites\/11\/2020\/11\/05_terminal-ueberlagert_webx_1-1000x1000.jpg 1000w, https:\/\/tracingspaces.net\/grazbackstage\/wp-content\/uploads\/sites\/11\/2020\/11\/05_terminal-ueberlagert_webx_1-800x800.jpg 800w\" sizes=\"auto, 100vw\" alt=\"\" \/><\/a><\/div><\/div>[\/vc_column][\/vc_row][vc_row type=&#8220;in_container&#8220; full_screen_row_position=&#8220;middle&#8220; scene_position=&#8220;center&#8220; text_color=&#8220;dark&#8220; text_align=&#8220;left&#8220; overlay_strength=&#8220;0.3&#8243; shape_divider_position=&#8220;bottom&#8220;][vc_column column_padding=&#8220;no-extra-padding&#8220; column_padding_position=&#8220;all&#8220; background_color_opacity=&#8220;1&#8243; background_hover_color_opacity=&#8220;1&#8243; column_shadow=&#8220;none&#8220; column_border_radius=&#8220;none&#8220; width=&#8220;1\/2&#8243; tablet_text_alignment=&#8220;default&#8220; phone_text_alignment=&#8220;default&#8220; column_border_width=&#8220;none&#8220; column_border_style=&#8220;solid&#8220;]<div class=\"img-with-aniamtion-wrap \" data-max-width=\"100%\" data-border-radius=\"none\"><div class=\"inner\"><a href=\"https:\/\/tracingspaces.net\/grazbackstage\/wp-content\/uploads\/sites\/11\/2020\/11\/00_border-title-1.jpg\" class=\"pp \"><img loading=\"lazy\" decoding=\"async\" data-shadow=\"none\" data-shadow-direction=\"middle\" class=\"img-with-animation \" data-delay=\"0\" height=\"1669\" width=\"2000\" data-animation=\"fade-in\" src=\"https:\/\/tracingspaces.net\/grazbackstage\/wp-content\/uploads\/sites\/11\/2020\/11\/00_border-title-1.jpg\" srcset=\"https:\/\/tracingspaces.net\/grazbackstage\/wp-content\/uploads\/sites\/11\/2020\/11\/00_border-title-1.jpg 2000w, https:\/\/tracingspaces.net\/grazbackstage\/wp-content\/uploads\/sites\/11\/2020\/11\/00_border-title-1-300x250.jpg 300w, https:\/\/tracingspaces.net\/grazbackstage\/wp-content\/uploads\/sites\/11\/2020\/11\/00_border-title-1-1024x855.jpg 1024w, https:\/\/tracingspaces.net\/grazbackstage\/wp-content\/uploads\/sites\/11\/2020\/11\/00_border-title-1-768x641.jpg 768w, https:\/\/tracingspaces.net\/grazbackstage\/wp-content\/uploads\/sites\/11\/2020\/11\/00_border-title-1-1536x1282.jpg 1536w\" sizes=\"auto, 100vw\" alt=\"\" \/><\/a><\/div><\/div>[\/vc_column][vc_column column_padding=&#8220;no-extra-padding&#8220; column_padding_position=&#8220;all&#8220; background_color_opacity=&#8220;1&#8243; background_hover_color_opacity=&#8220;1&#8243; column_shadow=&#8220;none&#8220; column_border_radius=&#8220;none&#8220; width=&#8220;1\/2&#8243; tablet_text_alignment=&#8220;default&#8220; phone_text_alignment=&#8220;default&#8220; column_border_width=&#8220;none&#8220; column_border_style=&#8220;solid&#8220;][vc_column_text]\n<h3 style=\"text-align: center;\"><span style=\"font-size: 24pt;\">Projektziel<\/span><\/h3>\n[\/vc_column_text]<div class=\"divider-wrap\"><div style=\"height: 25px;\" class=\"divider\"><\/div><\/div>[vc_column_text]Dieses Projekt untersucht die Vergangenheit, Gegenwart und Zukunft der logistischen Netzwerke zur Ver- und Entsorgung der Stadt Graz. Der Fokus liegt dabei nicht nur in der<span class=\"Apple-converted-space\">\u00a0 <\/span>Entwicklung automatisierbarer, smarter 4.0 L\u00f6sungen f\u00fcr Lagerhaltung und Warenumschlag, selbstfahrender LKWs, oder der klimaneutralen Optimierung der \u201eLast Mile\u201c in der Warenzustellung. Der Fokus liegt vielmehr im bislang vernachl\u00e4ssigten Faktum, dass die Netzwerke und Fahrzeuge und die vermeintlichen Nicht-Orte an den Peripherien und ihre Satelliten in den Zentren auch sinnstiftende Lebenswelten f\u00fcr viele soziale Akteur*innen darstellen, die unterschiedliche soziale Milieus umfassen, von \u201ehigh skilled Expats\u201c bis \u201elow skilled Migrants\u201c. Reale Entwicklungen, die mit individuellen Schicksalen und Firmengeschichten verkn\u00fcpft sind, werden mit partizipativen Methoden recherchiert, projektiv in die Zukunft fortgeschrieben und in integrativen k\u00fcnstlerischen Formaten an sozialen Knotenpunkten im Untersuchungsfeld zur\u00fcckgespielt.[\/vc_column_text][\/vc_column][\/vc_row][vc_row type=&#8220;in_container&#8220; full_screen_row_position=&#8220;middle&#8220; scene_position=&#8220;center&#8220; text_color=&#8220;dark&#8220; text_align=&#8220;left&#8220; overlay_strength=&#8220;0.3&#8243; shape_divider_position=&#8220;bottom&#8220;][vc_column column_padding=&#8220;no-extra-padding&#8220; column_padding_position=&#8220;all&#8220; background_color_opacity=&#8220;1&#8243; background_hover_color_opacity=&#8220;1&#8243; column_shadow=&#8220;none&#8220; column_border_radius=&#8220;none&#8220; width=&#8220;1\/1&#8243; tablet_text_alignment=&#8220;default&#8220; phone_text_alignment=&#8220;default&#8220; column_border_width=&#8220;none&#8220; column_border_style=&#8220;solid&#8220;]<div class=\"divider-wrap\"><div style=\"height: 40px;\" class=\"divider\"><\/div><\/div>[\/vc_column][\/vc_row][vc_row type=&#8220;in_container&#8220; full_screen_row_position=&#8220;middle&#8220; scene_position=&#8220;center&#8220; text_color=&#8220;dark&#8220; text_align=&#8220;left&#8220; overlay_strength=&#8220;0.3&#8243; shape_divider_position=&#8220;bottom&#8220;][vc_column column_padding=&#8220;no-extra-padding&#8220; column_padding_position=&#8220;all&#8220; background_color_opacity=&#8220;1&#8243; background_hover_color_opacity=&#8220;1&#8243; column_shadow=&#8220;none&#8220; column_border_radius=&#8220;none&#8220; width=&#8220;1\/6&#8243; tablet_text_alignment=&#8220;default&#8220; phone_text_alignment=&#8220;default&#8220; column_border_width=&#8220;none&#8220; column_border_style=&#8220;solid&#8220;]<div class=\"img-with-aniamtion-wrap \" data-max-width=\"100%\" data-border-radius=\"none\"><div class=\"inner\"><img loading=\"lazy\" decoding=\"async\" data-shadow=\"none\" data-shadow-direction=\"middle\" class=\"img-with-animation \" data-delay=\"0\" height=\"188\" width=\"466\" data-animation=\"fade-in\" src=\"https:\/\/tracingspaces.net\/grazbackstage\/wp-content\/uploads\/sites\/11\/2020\/03\/Post_crop.jpg\" srcset=\"https:\/\/tracingspaces.net\/grazbackstage\/wp-content\/uploads\/sites\/11\/2020\/03\/Post_crop.jpg 466w, https:\/\/tracingspaces.net\/grazbackstage\/wp-content\/uploads\/sites\/11\/2020\/03\/Post_crop-300x121.jpg 300w\" sizes=\"auto, 100vw\" alt=\"\" \/><\/div><\/div>[\/vc_column][vc_column column_padding=&#8220;no-extra-padding&#8220; column_padding_position=&#8220;all&#8220; background_color_opacity=&#8220;1&#8243; background_hover_color_opacity=&#8220;1&#8243; column_shadow=&#8220;none&#8220; column_border_radius=&#8220;none&#8220; width=&#8220;1\/6&#8243; tablet_text_alignment=&#8220;default&#8220; phone_text_alignment=&#8220;default&#8220; column_border_width=&#8220;none&#8220; column_border_style=&#8220;solid&#8220;]<div class=\"img-with-aniamtion-wrap \" data-max-width=\"100%\" data-border-radius=\"none\"><div class=\"inner\"><img loading=\"lazy\" decoding=\"async\" data-shadow=\"none\" data-shadow-direction=\"middle\" class=\"img-with-animation \" data-delay=\"0\" height=\"354\" width=\"826\" data-animation=\"fade-in\" src=\"https:\/\/tracingspaces.net\/grazbackstage\/wp-content\/uploads\/sites\/11\/2020\/03\/cargo.png\" srcset=\"https:\/\/tracingspaces.net\/grazbackstage\/wp-content\/uploads\/sites\/11\/2020\/03\/cargo.png 826w, https:\/\/tracingspaces.net\/grazbackstage\/wp-content\/uploads\/sites\/11\/2020\/03\/cargo-300x129.png 300w, https:\/\/tracingspaces.net\/grazbackstage\/wp-content\/uploads\/sites\/11\/2020\/03\/cargo-768x329.png 768w\" sizes=\"auto, 100vw\" alt=\"\" \/><\/div><\/div>[\/vc_column][vc_column column_padding=&#8220;no-extra-padding&#8220; column_padding_position=&#8220;all&#8220; background_color_opacity=&#8220;1&#8243; background_hover_color_opacity=&#8220;1&#8243; column_shadow=&#8220;none&#8220; column_border_radius=&#8220;none&#8220; width=&#8220;1\/6&#8243; tablet_text_alignment=&#8220;default&#8220; phone_text_alignment=&#8220;default&#8220; column_border_width=&#8220;none&#8220; column_border_style=&#8220;solid&#8220;]<div class=\"img-with-aniamtion-wrap \" data-max-width=\"100%\" data-border-radius=\"none\"><div class=\"inner\"><img loading=\"lazy\" decoding=\"async\" data-shadow=\"none\" data-shadow-direction=\"middle\" class=\"img-with-animation \" data-delay=\"0\" height=\"339\" width=\"1984\" data-animation=\"fade-in\" src=\"https:\/\/tracingspaces.net\/grazbackstage\/wp-content\/uploads\/sites\/11\/2020\/03\/SPAR_RGB.jpg\" srcset=\"https:\/\/tracingspaces.net\/grazbackstage\/wp-content\/uploads\/sites\/11\/2020\/03\/SPAR_RGB.jpg 1984w, https:\/\/tracingspaces.net\/grazbackstage\/wp-content\/uploads\/sites\/11\/2020\/03\/SPAR_RGB-300x51.jpg 300w, https:\/\/tracingspaces.net\/grazbackstage\/wp-content\/uploads\/sites\/11\/2020\/03\/SPAR_RGB-1024x175.jpg 1024w, https:\/\/tracingspaces.net\/grazbackstage\/wp-content\/uploads\/sites\/11\/2020\/03\/SPAR_RGB-768x131.jpg 768w, https:\/\/tracingspaces.net\/grazbackstage\/wp-content\/uploads\/sites\/11\/2020\/03\/SPAR_RGB-1536x262.jpg 1536w\" sizes=\"auto, 100vw\" alt=\"\" \/><\/div><\/div>[\/vc_column][vc_column column_padding=&#8220;no-extra-padding&#8220; column_padding_position=&#8220;all&#8220; background_color_opacity=&#8220;1&#8243; background_hover_color_opacity=&#8220;1&#8243; column_shadow=&#8220;none&#8220; column_border_radius=&#8220;none&#8220; width=&#8220;1\/6&#8243; tablet_text_alignment=&#8220;default&#8220; phone_text_alignment=&#8220;default&#8220; column_border_width=&#8220;none&#8220; column_border_style=&#8220;solid&#8220;]<div class=\"img-with-aniamtion-wrap \" data-max-width=\"100%\" data-border-radius=\"none\"><div class=\"inner\"><img loading=\"lazy\" decoding=\"async\" data-shadow=\"none\" data-shadow-direction=\"middle\" class=\"img-with-animation \" data-delay=\"0\" height=\"427\" width=\"1000\" data-animation=\"fade-in\" src=\"https:\/\/tracingspaces.net\/grazbackstage\/wp-content\/uploads\/sites\/11\/2020\/03\/Servus.png\" srcset=\"https:\/\/tracingspaces.net\/grazbackstage\/wp-content\/uploads\/sites\/11\/2020\/03\/Servus.png 1000w, https:\/\/tracingspaces.net\/grazbackstage\/wp-content\/uploads\/sites\/11\/2020\/03\/Servus-300x128.png 300w, https:\/\/tracingspaces.net\/grazbackstage\/wp-content\/uploads\/sites\/11\/2020\/03\/Servus-768x328.png 768w\" sizes=\"auto, 100vw\" alt=\"\" \/><\/div><\/div>[\/vc_column][vc_column column_padding=&#8220;no-extra-padding&#8220; column_padding_position=&#8220;all&#8220; background_color_opacity=&#8220;1&#8243; background_hover_color_opacity=&#8220;1&#8243; column_shadow=&#8220;none&#8220; column_border_radius=&#8220;none&#8220; width=&#8220;1\/6&#8243; tablet_text_alignment=&#8220;default&#8220; phone_text_alignment=&#8220;default&#8220; column_border_width=&#8220;none&#8220; column_border_style=&#8220;solid&#8220;][\/vc_column][vc_column column_padding=&#8220;no-extra-padding&#8220; column_padding_position=&#8220;all&#8220; background_color_opacity=&#8220;1&#8243; background_hover_color_opacity=&#8220;1&#8243; column_shadow=&#8220;none&#8220; column_border_radius=&#8220;none&#8220; width=&#8220;1\/6&#8243; tablet_text_alignment=&#8220;default&#8220; phone_text_alignment=&#8220;default&#8220; column_border_width=&#8220;none&#8220; column_border_style=&#8220;solid&#8220;][\/vc_column][\/vc_row]\n","protected":false},"excerpt":{"rendered":"<p>[vc_row type=&#8220;in_container&#8220; full_screen_row_position=&#8220;middle&#8220; scene_position=&#8220;center&#8220; text_color=&#8220;dark&#8220; text_align=&#8220;left&#8220; overlay_strength=&#8220;0.3&#8243; shape_divider_position=&#8220;bottom&#8220;][vc_column column_padding=&#8220;no-extra-padding&#8220; column_padding_position=&#8220;all&#8220; background_color_opacity=&#8220;1&#8243; background_hover_color_opacity=&#8220;1&#8243; column_shadow=&#8220;none&#8220; column_border_radius=&#8220;none&#8220; width=&#8220;1\/1&#8243; tablet_text_alignment=&#8220;default&#8220; phone_text_alignment=&#8220;default&#8220; column_border_width=&#8220;none&#8220; column_border_style=&#8220;solid&#8220;][\/vc_column][\/vc_row][vc_row type=&#8220;in_container&#8220; full_screen_row_position=&#8220;middle&#8220; scene_position=&#8220;center&#8220; text_color=&#8220;dark&#8220; text_align=&#8220;left&#8220; overlay_strength=&#8220;0.3&#8243; shape_divider_position=&#8220;bottom&#8220;][vc_column column_padding=&#8220;no-extra-padding&#8220; column_padding_position=&#8220;all&#8220; background_color_opacity=&#8220;1&#8243; background_hover_color_opacity=&#8220;1&#8243;&#8230;<\/p>\n","protected":false},"author":1,"featured_media":0,"parent":0,"menu_order":0,"comment_status":"closed","ping_status":"closed","template":"","meta":{"footnotes":""},"class_list":["post-17","page","type-page","status-publish"],"_links":{"self":[{"href":"https:\/\/tracingspaces.net\/grazbackstage\/wp-json\/wp\/v2\/pages\/17","targetHints":{"allow":["GET"]}}],"collection":[{"href":"https:\/\/tracingspaces.net\/grazbackstage\/wp-json\/wp\/v2\/pages"}],"about":[{"href":"https:\/\/tracingspaces.net\/grazbackstage\/wp-json\/wp\/v2\/types\/page"}],"author":[{"embeddable":true,"href":"https:\/\/tracingspaces.net\/grazbackstage\/wp-json\/wp\/v2\/users\/1"}],"replies":[{"embeddable":true,"href":"https:\/\/tracingspaces.net\/grazbackstage\/wp-json\/wp\/v2\/comments?post=17"}],"version-history":[{"count":33,"href":"https:\/\/tracingspaces.net\/grazbackstage\/wp-json\/wp\/v2\/pages\/17\/revisions"}],"predecessor-version":[{"id":524,"href":"https:\/\/tracingspaces.net\/grazbackstage\/wp-json\/wp\/v2\/pages\/17\/revisions\/524"}],"wp:attachment":[{"href":"https:\/\/tracingspaces.net\/grazbackstage\/wp-json\/wp\/v2\/media?parent=17"}],"curies":[{"name":"wp","href":"https:\/\/api.w.org\/{rel}","templated":true}]}}