{"id":24,"date":"2023-05-29T15:16:13","date_gmt":"2023-05-29T13:16:13","guid":{"rendered":"https:\/\/tracingspaces.net\/cargo-vienna\/?page_id=24"},"modified":"2024-01-11T23:29:42","modified_gmt":"2024-01-11T22:29:42","slug":"team","status":"publish","type":"page","link":"https:\/\/tracingspaces.net\/cargo-vienna\/team\/","title":{"rendered":"Team"},"content":{"rendered":"[vc_row type=&#8220;in_container&#8220; full_screen_row_position=&#8220;middle&#8220; scene_position=&#8220;center&#8220; text_color=&#8220;dark&#8220; text_align=&#8220;left&#8220; overlay_strength=&#8220;0.3&#8243; shape_divider_position=&#8220;bottom&#8220;][vc_column column_padding=&#8220;no-extra-padding&#8220; column_padding_position=&#8220;all&#8220; background_color_opacity=&#8220;1&#8243; background_hover_color_opacity=&#8220;1&#8243; column_shadow=&#8220;none&#8220; column_border_radius=&#8220;none&#8220; width=&#8220;1\/1&#8243; tablet_text_alignment=&#8220;default&#8220; phone_text_alignment=&#8220;default&#8220; column_border_width=&#8220;none&#8220; column_border_style=&#8220;solid&#8220;][vc_column_text]\n<div class=\"wpb_text_column wpb_content_element \">\n<div class=\"wpb_wrapper\">\n<h2 style=\"text-align: center;\">TEAM<\/h2>\n<\/div>\n<\/div>\n[\/vc_column_text][\/vc_column][\/vc_row][vc_row type=&#8220;in_container&#8220; full_screen_row_position=&#8220;middle&#8220; scene_position=&#8220;center&#8220; text_color=&#8220;dark&#8220; text_align=&#8220;left&#8220; overlay_strength=&#8220;0.3&#8243; shape_divider_position=&#8220;bottom&#8220;][vc_column column_padding=&#8220;no-extra-padding&#8220; column_padding_position=&#8220;all&#8220; background_color_opacity=&#8220;1&#8243; background_hover_color_opacity=&#8220;1&#8243; column_shadow=&#8220;none&#8220; column_border_radius=&#8220;none&#8220; width=&#8220;1\/1&#8243; tablet_text_alignment=&#8220;default&#8220; phone_text_alignment=&#8220;default&#8220; column_border_width=&#8220;none&#8220; column_border_style=&#8220;solid&#8220;]<div class=\"divider-wrap\"><div style=\"height: 20px;\" class=\"divider\"><\/div><\/div>[\/vc_column][\/vc_row][vc_row type=&#8220;in_container&#8220; full_screen_row_position=&#8220;middle&#8220; scene_position=&#8220;center&#8220; text_color=&#8220;dark&#8220; text_align=&#8220;left&#8220; overlay_strength=&#8220;0.3&#8243; shape_divider_position=&#8220;bottom&#8220;][vc_column column_padding=&#8220;no-extra-padding&#8220; column_padding_position=&#8220;all&#8220; background_color_opacity=&#8220;1&#8243; background_hover_color_opacity=&#8220;1&#8243; column_shadow=&#8220;none&#8220; column_border_radius=&#8220;none&#8220; width=&#8220;1\/2&#8243; tablet_text_alignment=&#8220;default&#8220; phone_text_alignment=&#8220;default&#8220; column_border_width=&#8220;none&#8220; column_border_style=&#8220;solid&#8220;]<div class=\"img-with-aniamtion-wrap center\" data-max-width=\"100%\" data-border-radius=\"none\"><div class=\"inner\"><img loading=\"lazy\" decoding=\"async\" data-shadow=\"none\" data-shadow-direction=\"middle\" class=\"img-with-animation \" data-delay=\"0\" height=\"1200\" width=\"900\" data-animation=\"fade-in\" src=\"https:\/\/tracingspaces.net\/cargo-vienna\/wp-content\/uploads\/sites\/18\/2024\/01\/ladestrasse-4_mavric_CM12868.jpg\" srcset=\"https:\/\/tracingspaces.net\/cargo-vienna\/wp-content\/uploads\/sites\/18\/2024\/01\/ladestrasse-4_mavric_CM12868.jpg 900w, https:\/\/tracingspaces.net\/cargo-vienna\/wp-content\/uploads\/sites\/18\/2024\/01\/ladestrasse-4_mavric_CM12868-225x300.jpg 225w, https:\/\/tracingspaces.net\/cargo-vienna\/wp-content\/uploads\/sites\/18\/2024\/01\/ladestrasse-4_mavric_CM12868-768x1024.jpg 768w\" sizes=\"auto, 100vw\" alt=\"\" \/><\/div><\/div>[\/vc_column][vc_column column_padding=&#8220;no-extra-padding&#8220; column_padding_position=&#8220;all&#8220; background_color_opacity=&#8220;1&#8243; background_hover_color_opacity=&#8220;1&#8243; column_shadow=&#8220;none&#8220; column_border_radius=&#8220;none&#8220; width=&#8220;1\/2&#8243; tablet_text_alignment=&#8220;default&#8220; phone_text_alignment=&#8220;default&#8220; column_border_width=&#8220;none&#8220; column_border_style=&#8220;solid&#8220;]<div class=\"img-with-aniamtion-wrap center\" data-max-width=\"100%\" data-border-radius=\"none\"><div class=\"inner\"><img loading=\"lazy\" decoding=\"async\" data-shadow=\"none\" data-shadow-direction=\"middle\" class=\"img-with-animation \" data-delay=\"0\" height=\"1200\" width=\"900\" data-animation=\"fade-in\" src=\"https:\/\/tracingspaces.net\/cargo-vienna\/wp-content\/uploads\/sites\/18\/2024\/01\/mini-hub_mavric_CM14286.jpg\" srcset=\"https:\/\/tracingspaces.net\/cargo-vienna\/wp-content\/uploads\/sites\/18\/2024\/01\/mini-hub_mavric_CM14286.jpg 900w, https:\/\/tracingspaces.net\/cargo-vienna\/wp-content\/uploads\/sites\/18\/2024\/01\/mini-hub_mavric_CM14286-225x300.jpg 225w, https:\/\/tracingspaces.net\/cargo-vienna\/wp-content\/uploads\/sites\/18\/2024\/01\/mini-hub_mavric_CM14286-768x1024.jpg 768w\" sizes=\"auto, 100vw\" alt=\"\" \/><\/div><\/div>[\/vc_column][\/vc_row][vc_row type=&#8220;in_container&#8220; full_screen_row_position=&#8220;middle&#8220; scene_position=&#8220;center&#8220; text_color=&#8220;dark&#8220; text_align=&#8220;left&#8220; overlay_strength=&#8220;0.3&#8243; shape_divider_position=&#8220;bottom&#8220;][vc_column column_padding=&#8220;no-extra-padding&#8220; column_padding_position=&#8220;all&#8220; background_color_opacity=&#8220;1&#8243; background_hover_color_opacity=&#8220;1&#8243; column_shadow=&#8220;none&#8220; column_border_radius=&#8220;none&#8220; width=&#8220;1\/1&#8243; tablet_text_alignment=&#8220;default&#8220; phone_text_alignment=&#8220;default&#8220; column_border_width=&#8220;none&#8220; column_border_style=&#8220;solid&#8220;][vc_column_text][\/vc_column_text][vc_column_text]\n<p style=\"text-align: center;\"><span style=\"font-size: 11px;\">Links: Michael Hieslmair und Ovidiu Anton bei der Demontage von Firmenschildern am Bahnhofsareal, rechts : Paul Papalecca bei der Montage\u00a0 von Installation f\u00fcr die neue Beleuchtungstechnik \u00a9 Foto: Christopher Mavri\u010d 2023<\/span><\/p>\n[\/vc_column_text][\/vc_column][\/vc_row][vc_row type=&#8220;in_container&#8220; full_screen_row_position=&#8220;middle&#8220; scene_position=&#8220;center&#8220; text_color=&#8220;dark&#8220; text_align=&#8220;left&#8220; overlay_strength=&#8220;0.3&#8243; shape_divider_position=&#8220;bottom&#8220;][vc_column column_padding=&#8220;no-extra-padding&#8220; column_padding_position=&#8220;all&#8220; background_color_opacity=&#8220;1&#8243; background_hover_color_opacity=&#8220;1&#8243; column_shadow=&#8220;none&#8220; column_border_radius=&#8220;none&#8220; width=&#8220;1\/1&#8243; tablet_text_alignment=&#8220;default&#8220; phone_text_alignment=&#8220;default&#8220; column_border_width=&#8220;none&#8220; column_border_style=&#8220;solid&#8220;]<div class=\"divider-wrap\"><div style=\"height: 20px;\" class=\"divider\"><\/div><\/div>[\/vc_column][\/vc_row][vc_row type=&#8220;in_container&#8220; full_screen_row_position=&#8220;middle&#8220; scene_position=&#8220;center&#8220; text_color=&#8220;dark&#8220; text_align=&#8220;left&#8220; overlay_strength=&#8220;0.3&#8243; shape_divider_position=&#8220;bottom&#8220;][vc_column column_padding=&#8220;no-extra-padding&#8220; column_padding_position=&#8220;all&#8220; background_color_opacity=&#8220;1&#8243; background_hover_color_opacity=&#8220;1&#8243; column_shadow=&#8220;none&#8220; column_border_radius=&#8220;none&#8220; width=&#8220;1\/2&#8243; tablet_text_alignment=&#8220;default&#8220; phone_text_alignment=&#8220;default&#8220; column_border_width=&#8220;none&#8220; column_border_style=&#8220;solid&#8220;][vc_column_text]\n<p style=\"text-align: center;\">Seit Sommer 2015 \u2013 ab 2018 unter dem Titel &#8222;<a href=\"https:\/\/tracingspaces.net\/museum\/\" target=\"_blank\" rel=\"noopener\">Museum Nordwestbahnhof<\/a>&#8220; \u2013 betreibt Tracing Spaces einen Projektraum am Nordwestbahnhof, bis 2022 der letzte gro\u00dfe innerst\u00e4dtische Logistik-Knoten, wo eingebettet das soziale Milieu der Logistiklandschaft sukzessive eine mehrschichtige multimediale Kartografie der Migrations- und Mobilit\u00e4ts-Erfahrungen von hier t\u00e4tigen Akteuren erstellt wurde.<\/p>\n<p style=\"text-align: center;\">2022 erschien dazu im Falter Verlag das Buch &#8222;<a href=\"https:\/\/tracingspaces.net\/blinder-fleck-nordwestbahnhof\/\" target=\"_blank\" rel=\"noopener\">Blinder Fleck<\/a>&#8222;.<\/p>\n[\/vc_column_text][\/vc_column][vc_column column_padding=&#8220;no-extra-padding&#8220; column_padding_position=&#8220;all&#8220; background_color_opacity=&#8220;1&#8243; background_hover_color_opacity=&#8220;1&#8243; column_shadow=&#8220;none&#8220; column_border_radius=&#8220;none&#8220; width=&#8220;1\/2&#8243; tablet_text_alignment=&#8220;default&#8220; phone_text_alignment=&#8220;default&#8220; column_border_width=&#8220;none&#8220; column_border_style=&#8220;solid&#8220;][vc_column_text]\n<p style=\"text-align: center;\">Cargo Vienna sind Michael Hieslmair und Michael Zinganel (Tracing Spaces) in Kooperation mit der Grafikerin Theresa Hattinger<br \/>\nTeam Tracing Spaces: Daniel Bemberger &amp; Paul Papalecca sowie die Expert*innen des Logistikalltags<\/p>\n<p style=\"text-align: center;\">realisiert im Rahmen von K\u00d6R Wien und Nieder\u00f6sterreich, unterst\u00fctzt vom Bundeskanzleramt und den \u00d6BB<\/p>\n[\/vc_column_text][\/vc_column][\/vc_row][vc_row type=&#8220;in_container&#8220; full_screen_row_position=&#8220;middle&#8220; scene_position=&#8220;center&#8220; text_color=&#8220;dark&#8220; text_align=&#8220;left&#8220; overlay_strength=&#8220;0.3&#8243; shape_divider_position=&#8220;bottom&#8220;][vc_column column_padding=&#8220;no-extra-padding&#8220; column_padding_position=&#8220;all&#8220; background_color_opacity=&#8220;1&#8243; background_hover_color_opacity=&#8220;1&#8243; column_shadow=&#8220;none&#8220; column_border_radius=&#8220;none&#8220; width=&#8220;1\/1&#8243; tablet_text_alignment=&#8220;default&#8220; phone_text_alignment=&#8220;default&#8220; column_border_width=&#8220;none&#8220; column_border_style=&#8220;solid&#8220;]<div class=\"divider-wrap\"><div style=\"height: 20px;\" class=\"divider\"><\/div><\/div>[\/vc_column][\/vc_row][vc_row type=&#8220;in_container&#8220; full_screen_row_position=&#8220;middle&#8220; scene_position=&#8220;center&#8220; text_color=&#8220;dark&#8220; text_align=&#8220;left&#8220; overlay_strength=&#8220;0.3&#8243; shape_divider_position=&#8220;bottom&#8220;][vc_column column_padding=&#8220;no-extra-padding&#8220; column_padding_position=&#8220;all&#8220; background_color_opacity=&#8220;1&#8243; background_hover_color_opacity=&#8220;1&#8243; column_shadow=&#8220;none&#8220; column_border_radius=&#8220;none&#8220; width=&#8220;1\/1&#8243; tablet_text_alignment=&#8220;default&#8220; phone_text_alignment=&#8220;default&#8220; column_border_width=&#8220;none&#8220; column_border_style=&#8220;solid&#8220;]<div class=\"img-with-aniamtion-wrap center\" data-max-width=\"100%\" data-border-radius=\"none\"><div class=\"inner\"><img loading=\"lazy\" decoding=\"async\" data-shadow=\"none\" data-shadow-direction=\"middle\" class=\"img-with-animation \" data-delay=\"0\" height=\"211\" width=\"1841\" data-animation=\"fade-in\" src=\"https:\/\/tracingspaces.net\/cargo-vienna\/wp-content\/uploads\/sites\/18\/2023\/05\/cargo_leiste_neu.jpg\" srcset=\"https:\/\/tracingspaces.net\/cargo-vienna\/wp-content\/uploads\/sites\/18\/2023\/05\/cargo_leiste_neu.jpg 1841w, https:\/\/tracingspaces.net\/cargo-vienna\/wp-content\/uploads\/sites\/18\/2023\/05\/cargo_leiste_neu-300x34.jpg 300w, https:\/\/tracingspaces.net\/cargo-vienna\/wp-content\/uploads\/sites\/18\/2023\/05\/cargo_leiste_neu-1024x117.jpg 1024w, https:\/\/tracingspaces.net\/cargo-vienna\/wp-content\/uploads\/sites\/18\/2023\/05\/cargo_leiste_neu-768x88.jpg 768w, https:\/\/tracingspaces.net\/cargo-vienna\/wp-content\/uploads\/sites\/18\/2023\/05\/cargo_leiste_neu-1536x176.jpg 1536w\" sizes=\"auto, 100vw\" alt=\"\" \/><\/div><\/div>[\/vc_column][\/vc_row]\n","protected":false},"excerpt":{"rendered":"<p>[vc_row type=&#8220;in_container&#8220; full_screen_row_position=&#8220;middle&#8220; scene_position=&#8220;center&#8220; text_color=&#8220;dark&#8220; text_align=&#8220;left&#8220; overlay_strength=&#8220;0.3&#8243; shape_divider_position=&#8220;bottom&#8220;][vc_column column_padding=&#8220;no-extra-padding&#8220; column_padding_position=&#8220;all&#8220; background_color_opacity=&#8220;1&#8243; background_hover_color_opacity=&#8220;1&#8243; column_shadow=&#8220;none&#8220; column_border_radius=&#8220;none&#8220; width=&#8220;1\/1&#8243; tablet_text_alignment=&#8220;default&#8220; phone_text_alignment=&#8220;default&#8220; column_border_width=&#8220;none&#8220; column_border_style=&#8220;solid&#8220;][vc_column_text] TEAM [\/vc_column_text][\/vc_column][\/vc_row][vc_row type=&#8220;in_container&#8220; full_screen_row_position=&#8220;middle&#8220; scene_position=&#8220;center&#8220; text_color=&#8220;dark&#8220; text_align=&#8220;left&#8220; overlay_strength=&#8220;0.3&#8243; shape_divider_position=&#8220;bottom&#8220;][vc_column column_padding=&#8220;no-extra-padding&#8220; column_padding_position=&#8220;all&#8220;&#8230;<\/p>\n","protected":false},"author":1,"featured_media":0,"parent":0,"menu_order":0,"comment_status":"closed","ping_status":"closed","template":"","meta":{"footnotes":""},"class_list":["post-24","page","type-page","status-publish"],"_links":{"self":[{"href":"https:\/\/tracingspaces.net\/cargo-vienna\/wp-json\/wp\/v2\/pages\/24","targetHints":{"allow":["GET"]}}],"collection":[{"href":"https:\/\/tracingspaces.net\/cargo-vienna\/wp-json\/wp\/v2\/pages"}],"about":[{"href":"https:\/\/tracingspaces.net\/cargo-vienna\/wp-json\/wp\/v2\/types\/page"}],"author":[{"embeddable":true,"href":"https:\/\/tracingspaces.net\/cargo-vienna\/wp-json\/wp\/v2\/users\/1"}],"replies":[{"embeddable":true,"href":"https:\/\/tracingspaces.net\/cargo-vienna\/wp-json\/wp\/v2\/comments?post=24"}],"version-history":[{"count":26,"href":"https:\/\/tracingspaces.net\/cargo-vienna\/wp-json\/wp\/v2\/pages\/24\/revisions"}],"predecessor-version":[{"id":277,"href":"https:\/\/tracingspaces.net\/cargo-vienna\/wp-json\/wp\/v2\/pages\/24\/revisions\/277"}],"wp:attachment":[{"href":"https:\/\/tracingspaces.net\/cargo-vienna\/wp-json\/wp\/v2\/media?parent=24"}],"curies":[{"name":"wp","href":"https:\/\/api.w.org\/{rel}","templated":true}]}}