{"id":2,"date":"2023-05-02T15:50:38","date_gmt":"2023-05-02T13:50:38","guid":{"rendered":"https:\/\/tracingspaces.net\/cargo-vienna\/?page_id=2"},"modified":"2024-02-01T14:43:21","modified_gmt":"2024-02-01T13:43:21","slug":"cargo-vienna","status":"publish","type":"page","link":"https:\/\/tracingspaces.net\/cargo-vienna\/","title":{"rendered":"Welcome to Cargo Vienna"},"content":{"rendered":"[vc_row type=&#8220;in_container&#8220; full_screen_row_position=&#8220;middle&#8220; scene_position=&#8220;center&#8220; text_color=&#8220;dark&#8220; text_align=&#8220;left&#8220; overlay_strength=&#8220;0.3&#8243; shape_divider_position=&#8220;bottom&#8220;][vc_column column_padding=&#8220;no-extra-padding&#8220; column_padding_position=&#8220;all&#8220; background_color_opacity=&#8220;1&#8243; background_hover_color_opacity=&#8220;1&#8243; column_shadow=&#8220;none&#8220; column_border_radius=&#8220;none&#8220; width=&#8220;1\/1&#8243; tablet_text_alignment=&#8220;default&#8220; phone_text_alignment=&#8220;default&#8220; column_border_width=&#8220;none&#8220; column_border_style=&#8220;solid&#8220;]<div class=\"img-with-aniamtion-wrap \" data-max-width=\"100%\" data-border-radius=\"none\"><div class=\"inner\"><img loading=\"lazy\" decoding=\"async\" data-shadow=\"none\" data-shadow-direction=\"middle\" class=\"img-with-animation \" data-delay=\"0\" height=\"1920\" width=\"2560\" data-animation=\"fade-in\" src=\"https:\/\/tracingspaces.net\/cargo-vienna\/wp-content\/uploads\/sites\/18\/2024\/02\/cargo-vienna_schier-otten_10-08-23_c-mavric_CM12520-scaled.jpg\" srcset=\"https:\/\/tracingspaces.net\/cargo-vienna\/wp-content\/uploads\/sites\/18\/2024\/02\/cargo-vienna_schier-otten_10-08-23_c-mavric_CM12520-scaled.jpg 2560w, https:\/\/tracingspaces.net\/cargo-vienna\/wp-content\/uploads\/sites\/18\/2024\/02\/cargo-vienna_schier-otten_10-08-23_c-mavric_CM12520-300x225.jpg 300w, https:\/\/tracingspaces.net\/cargo-vienna\/wp-content\/uploads\/sites\/18\/2024\/02\/cargo-vienna_schier-otten_10-08-23_c-mavric_CM12520-1024x768.jpg 1024w, https:\/\/tracingspaces.net\/cargo-vienna\/wp-content\/uploads\/sites\/18\/2024\/02\/cargo-vienna_schier-otten_10-08-23_c-mavric_CM12520-768x576.jpg 768w, https:\/\/tracingspaces.net\/cargo-vienna\/wp-content\/uploads\/sites\/18\/2024\/02\/cargo-vienna_schier-otten_10-08-23_c-mavric_CM12520-1536x1152.jpg 1536w, https:\/\/tracingspaces.net\/cargo-vienna\/wp-content\/uploads\/sites\/18\/2024\/02\/cargo-vienna_schier-otten_10-08-23_c-mavric_CM12520-2048x1536.jpg 2048w\" sizes=\"auto, 100vw\" alt=\"\" \/><\/div><\/div>[\/vc_column][\/vc_row][vc_row type=&#8220;in_container&#8220; full_screen_row_position=&#8220;middle&#8220; scene_position=&#8220;center&#8220; text_color=&#8220;dark&#8220; text_align=&#8220;left&#8220; overlay_strength=&#8220;0.3&#8243; shape_divider_position=&#8220;bottom&#8220;][vc_column column_padding=&#8220;no-extra-padding&#8220; column_padding_position=&#8220;all&#8220; background_color_opacity=&#8220;1&#8243; background_hover_color_opacity=&#8220;1&#8243; column_shadow=&#8220;none&#8220; column_border_radius=&#8220;none&#8220; width=&#8220;1\/2&#8243; tablet_text_alignment=&#8220;default&#8220; phone_text_alignment=&#8220;default&#8220; column_border_width=&#8220;none&#8220; column_border_style=&#8220;solid&#8220;][vc_column_text]\n<h2 style=\"text-align: center;\">CARGO VIENNA<\/h2>\n[\/vc_column_text]<div class=\"divider-wrap\"><div style=\"height: 25px;\" class=\"divider\"><\/div><\/div>[vc_column_text]\n<h3 style=\"text-align: center;\"><span style=\"font-size: 24px;\">Stadt- und Logistiklandschaften als sich ver\u00e4ndernde Arbeits- und Lebensr\u00e4ume<\/span><\/h3>\n<h3 style=\"text-align: center;\"><span style=\"font-size: 24px;\">Sommer | Herbst 2023<\/span><\/h3>\n[\/vc_column_text][\/vc_column][vc_column column_padding=&#8220;no-extra-padding&#8220; column_padding_position=&#8220;all&#8220; background_color_opacity=&#8220;1&#8243; background_hover_color_opacity=&#8220;1&#8243; column_shadow=&#8220;none&#8220; column_border_radius=&#8220;none&#8220; width=&#8220;1\/2&#8243; tablet_text_alignment=&#8220;default&#8220; phone_text_alignment=&#8220;default&#8220; column_border_width=&#8220;none&#8220; column_border_style=&#8220;solid&#8220;][vc_column_text]\n<div>\n<p class=\"Text\"><span lang=\"DE\">Am Beispiel der Abwicklung des Wiener Nordwestbahnhofs, des letzten innerst\u00e4dtischen Logistik-Knotens, l\u00e4sst sich konkret die r\u00e4umliche Verlagerung von benennbaren technischen Infrastruktur-Einrichtungen, Unternehmens-Niederlassungen und Arbeitskr\u00e4ften an die Peripherien der Stadt und weit dar\u00fcber hinaus nachzeichnen. Diese Verlagerung betrifft alle: Manager*innen, Disponent*innen, LKW-Fahrer*innen und Lagerarbeiter*innen von gro\u00dfen multinationalen Konzernen bis hin zu kleinen (schein-)selbstst\u00e4ndigen Sub-Unternehmer*innen \u2013 die meisten davon mit Migrationshintergrund, die sich in der \u00dcbergangsphase tempor\u00e4r am Nordwestbahnhof eingerichtet hatten.<\/span><\/p>\n<\/div>\n<div>\n<p class=\"Text\"><span lang=\"DE\">Das eigens gegr\u00fcndete fiktive Unternehmen CARGO VIENNA b\u00fcndelt alle Projektaktivit\u00e4ten, verf\u00fcgt als Klammer f\u00fcr alle Erscheinungsformen \u00fcber eine <\/span><span lang=\"IT\">professionelle CI<\/span><span lang=\"DE\"> samt <\/span>Webpage<span lang=\"DE\"> und \u00fcber eine Flotte an Firmenfahrzeugen, die als mobile \u201eForschungs- und Dissemination-Vehikel<\/span><span dir=\"RTL\" lang=\"AR-SA\">\u201c<\/span><span lang=\"DE\"> eingesetzt werden. Am Firmensitz, dem Wiener Nordwestbahnhof, wird ein <\/span><span lang=\"FR\">station<\/span><span lang=\"DE\">\u00e4res Forschungslabor mit solidem 3-dimensionalen Mini-Hub eingerichtet, welches als Sammelgef\u00e4\u00df f\u00fcr am Nordwestbahnhof verbliebene und von uns gesicherte Artefakte und Erz\u00e4hlungen der vergangenen Unternehmenskultur dient. In Anlehnung an das, was Hal Foster (2015) als <\/span><span dir=\"RTL\" lang=\"AR-SA\">\u2018<\/span>mimetic exacerbation<span dir=\"RTL\" lang=\"AR-SA\">\u2019 <\/span><span lang=\"DE\">in der Kunst bezeichnet hat, imitieren wir mit unsrer fiktiven Firma in einer (selbst-)ironischen Hyper-Affirmation einen aktuellen Trend der sp\u00e4tkapitalistischen Industriegesellschaft. <\/span><\/p>\n<\/div>\n<div>\n<p class=\"Text\"><span lang=\"DE\">Neben der Forschungsaktivit\u00e4ten und dem Betrieb der Hauptniederlassung produziert CARGO VIENNA eine Serie von mobilisierbaren themenspezifischen Markierungen als \u201eRelikt-Assemblagen\u201c f\u00fcr den <\/span><span lang=\"SV\">\u00f6<\/span><span lang=\"DE\">ffentlichen Raum. Diese werden tempor\u00e4r in und um die Unternehmenszentrale sowie dezentral<\/span><span lang=\"NL\"> in Logistik-Archipelen <\/span><span lang=\"DE\">am Gemeindegebiet von Wien platziert. Die Markierungen werden im Rahmen von gef\u00fchrten performativen Stadtexkursionen\/ Prozessionen aufgesucht. Ausgehend von unserem station\u00e4ren Forschungslabor fahren wir mit einem Autobus und mobilen ausfaltbaren Displays, begleitet von Expert*innen des Logistik-Alltags und Gastk\u00fcnstler*innen, den durch die Stilllegung des Wiener Nordwestbahnhofs von hier an die Peripherie der Stadt vertriebenen Unternehmen und Akteur*innen nach.<\/span><\/p>\n<\/div>\n[\/vc_column_text][\/vc_column][\/vc_row][vc_row type=&#8220;in_container&#8220; full_screen_row_position=&#8220;middle&#8220; scene_position=&#8220;center&#8220; text_color=&#8220;dark&#8220; text_align=&#8220;left&#8220; overlay_strength=&#8220;0.3&#8243; shape_divider_position=&#8220;bottom&#8220;][vc_column column_padding=&#8220;no-extra-padding&#8220; column_padding_position=&#8220;all&#8220; background_color_opacity=&#8220;1&#8243; background_hover_color_opacity=&#8220;1&#8243; column_shadow=&#8220;none&#8220; column_border_radius=&#8220;none&#8220; width=&#8220;1\/1&#8243; tablet_text_alignment=&#8220;default&#8220; phone_text_alignment=&#8220;default&#8220; column_border_width=&#8220;none&#8220; column_border_style=&#8220;solid&#8220;]<div class=\"divider-wrap\"><div style=\"height: 20px;\" class=\"divider\"><\/div><\/div>[\/vc_column][\/vc_row][vc_row type=&#8220;in_container&#8220; full_screen_row_position=&#8220;middle&#8220; scene_position=&#8220;center&#8220; text_color=&#8220;dark&#8220; text_align=&#8220;left&#8220; overlay_strength=&#8220;0.3&#8243; shape_divider_position=&#8220;bottom&#8220;][vc_column column_padding=&#8220;no-extra-padding&#8220; column_padding_position=&#8220;all&#8220; background_color_opacity=&#8220;1&#8243; background_hover_color_opacity=&#8220;1&#8243; column_shadow=&#8220;none&#8220; column_border_radius=&#8220;none&#8220; width=&#8220;1\/1&#8243; tablet_text_alignment=&#8220;default&#8220; phone_text_alignment=&#8220;default&#8220; column_border_width=&#8220;none&#8220; column_border_style=&#8220;solid&#8220;]<div class=\"img-with-aniamtion-wrap center\" data-max-width=\"100%\" data-border-radius=\"none\"><div class=\"inner\"><img loading=\"lazy\" decoding=\"async\" data-shadow=\"none\" data-shadow-direction=\"middle\" class=\"img-with-animation \" data-delay=\"0\" height=\"211\" width=\"1841\" data-animation=\"fade-in\" src=\"https:\/\/tracingspaces.net\/cargo-vienna\/wp-content\/uploads\/sites\/18\/2023\/05\/cargo_leiste_neu.jpg\" srcset=\"https:\/\/tracingspaces.net\/cargo-vienna\/wp-content\/uploads\/sites\/18\/2023\/05\/cargo_leiste_neu.jpg 1841w, https:\/\/tracingspaces.net\/cargo-vienna\/wp-content\/uploads\/sites\/18\/2023\/05\/cargo_leiste_neu-300x34.jpg 300w, https:\/\/tracingspaces.net\/cargo-vienna\/wp-content\/uploads\/sites\/18\/2023\/05\/cargo_leiste_neu-1024x117.jpg 1024w, https:\/\/tracingspaces.net\/cargo-vienna\/wp-content\/uploads\/sites\/18\/2023\/05\/cargo_leiste_neu-768x88.jpg 768w, https:\/\/tracingspaces.net\/cargo-vienna\/wp-content\/uploads\/sites\/18\/2023\/05\/cargo_leiste_neu-1536x176.jpg 1536w\" sizes=\"auto, 100vw\" alt=\"\" \/><\/div><\/div>[\/vc_column][\/vc_row]\n","protected":false},"excerpt":{"rendered":"<p>[vc_row type=&#8220;in_container&#8220; full_screen_row_position=&#8220;middle&#8220; scene_position=&#8220;center&#8220; text_color=&#8220;dark&#8220; text_align=&#8220;left&#8220; overlay_strength=&#8220;0.3&#8243; shape_divider_position=&#8220;bottom&#8220;][vc_column column_padding=&#8220;no-extra-padding&#8220; column_padding_position=&#8220;all&#8220; background_color_opacity=&#8220;1&#8243; background_hover_color_opacity=&#8220;1&#8243; column_shadow=&#8220;none&#8220; column_border_radius=&#8220;none&#8220; width=&#8220;1\/1&#8243; tablet_text_alignment=&#8220;default&#8220; phone_text_alignment=&#8220;default&#8220; column_border_width=&#8220;none&#8220; column_border_style=&#8220;solid&#8220;][\/vc_column][\/vc_row][vc_row type=&#8220;in_container&#8220; full_screen_row_position=&#8220;middle&#8220; scene_position=&#8220;center&#8220; text_color=&#8220;dark&#8220; text_align=&#8220;left&#8220; overlay_strength=&#8220;0.3&#8243; shape_divider_position=&#8220;bottom&#8220;][vc_column column_padding=&#8220;no-extra-padding&#8220; column_padding_position=&#8220;all&#8220; background_color_opacity=&#8220;1&#8243; background_hover_color_opacity=&#8220;1&#8243;&#8230;<\/p>\n","protected":false},"author":3,"featured_media":0,"parent":0,"menu_order":0,"comment_status":"closed","ping_status":"closed","template":"","meta":{"footnotes":""},"class_list":["post-2","page","type-page","status-publish"],"_links":{"self":[{"href":"https:\/\/tracingspaces.net\/cargo-vienna\/wp-json\/wp\/v2\/pages\/2","targetHints":{"allow":["GET"]}}],"collection":[{"href":"https:\/\/tracingspaces.net\/cargo-vienna\/wp-json\/wp\/v2\/pages"}],"about":[{"href":"https:\/\/tracingspaces.net\/cargo-vienna\/wp-json\/wp\/v2\/types\/page"}],"author":[{"embeddable":true,"href":"https:\/\/tracingspaces.net\/cargo-vienna\/wp-json\/wp\/v2\/users\/3"}],"replies":[{"embeddable":true,"href":"https:\/\/tracingspaces.net\/cargo-vienna\/wp-json\/wp\/v2\/comments?post=2"}],"version-history":[{"count":16,"href":"https:\/\/tracingspaces.net\/cargo-vienna\/wp-json\/wp\/v2\/pages\/2\/revisions"}],"predecessor-version":[{"id":317,"href":"https:\/\/tracingspaces.net\/cargo-vienna\/wp-json\/wp\/v2\/pages\/2\/revisions\/317"}],"wp:attachment":[{"href":"https:\/\/tracingspaces.net\/cargo-vienna\/wp-json\/wp\/v2\/media?parent=2"}],"curies":[{"name":"wp","href":"https:\/\/api.w.org\/{rel}","templated":true}]}}