{"id":154,"date":"2023-12-25T14:38:24","date_gmt":"2023-12-25T13:38:24","guid":{"rendered":"https:\/\/tracingspaces.net\/cargo-vienna\/?page_id=154"},"modified":"2024-01-11T23:49:13","modified_gmt":"2024-01-11T22:49:13","slug":"portraits","status":"publish","type":"page","link":"https:\/\/tracingspaces.net\/cargo-vienna\/portraits\/","title":{"rendered":"Portraits"},"content":{"rendered":"[vc_row type=&#8220;in_container&#8220; full_screen_row_position=&#8220;middle&#8220; scene_position=&#8220;center&#8220; text_color=&#8220;dark&#8220; text_align=&#8220;left&#8220; overlay_strength=&#8220;0.3&#8243; shape_divider_position=&#8220;bottom&#8220;][vc_column column_padding=&#8220;no-extra-padding&#8220; column_padding_position=&#8220;all&#8220; background_color_opacity=&#8220;1&#8243; background_hover_color_opacity=&#8220;1&#8243; column_shadow=&#8220;none&#8220; column_border_radius=&#8220;none&#8220; width=&#8220;1\/1&#8243; tablet_text_alignment=&#8220;default&#8220; phone_text_alignment=&#8220;default&#8220; column_border_width=&#8220;none&#8220; column_border_style=&#8220;solid&#8220;][vc_column_text]\n<h2 style=\"text-align: center;\">PORTRAITS<\/h2>\n<h3 style=\"text-align: center;\">vormals am Areal besch\u00e4ftigter Mitarbeiter*innen<\/h3>\n[\/vc_column_text][\/vc_column][\/vc_row][vc_row type=&#8220;in_container&#8220; full_screen_row_position=&#8220;middle&#8220; scene_position=&#8220;center&#8220; text_color=&#8220;dark&#8220; text_align=&#8220;left&#8220; overlay_strength=&#8220;0.3&#8243; shape_divider_position=&#8220;bottom&#8220;][vc_column column_padding=&#8220;no-extra-padding&#8220; column_padding_position=&#8220;all&#8220; background_color_opacity=&#8220;1&#8243; background_hover_color_opacity=&#8220;1&#8243; column_shadow=&#8220;none&#8220; column_border_radius=&#8220;none&#8220; width=&#8220;1\/1&#8243; tablet_text_alignment=&#8220;default&#8220; phone_text_alignment=&#8220;default&#8220; column_border_width=&#8220;none&#8220; column_border_style=&#8220;solid&#8220;]<div class=\"divider-wrap\"><div style=\"height: 30px;\" class=\"divider\"><\/div><\/div><div class=\"img-with-aniamtion-wrap center\" data-max-width=\"100%\" data-border-radius=\"none\"><div class=\"inner\"><img loading=\"lazy\" decoding=\"async\" data-shadow=\"none\" data-shadow-direction=\"middle\" class=\"img-with-animation \" data-delay=\"0\" height=\"900\" width=\"1200\" data-animation=\"fade-in\" src=\"https:\/\/tracingspaces.net\/cargo-vienna\/wp-content\/uploads\/sites\/18\/2023\/12\/ometzberger_oebb_web.jpg\" srcset=\"https:\/\/tracingspaces.net\/cargo-vienna\/wp-content\/uploads\/sites\/18\/2023\/12\/ometzberger_oebb_web.jpg 1200w, https:\/\/tracingspaces.net\/cargo-vienna\/wp-content\/uploads\/sites\/18\/2023\/12\/ometzberger_oebb_web-300x225.jpg 300w, https:\/\/tracingspaces.net\/cargo-vienna\/wp-content\/uploads\/sites\/18\/2023\/12\/ometzberger_oebb_web-1024x768.jpg 1024w, https:\/\/tracingspaces.net\/cargo-vienna\/wp-content\/uploads\/sites\/18\/2023\/12\/ometzberger_oebb_web-768x576.jpg 768w\" sizes=\"auto, 100vw\" alt=\"\" \/><\/div><\/div><div class=\"divider-wrap\"><div style=\"height: 20px;\" class=\"divider\"><\/div><\/div>[vc_column_text]\n<div class=\"xyinxu5 x4uap5 x1g2khh7 xkhd6sd\" style=\"text-align: center;\">\n<div class=\"\">Alois Ometzberger und Patrick Csobadi, Leitungs-Team des Container-Terminal Wien S\u00fcd <span class=\"x193iq5w xeuugli x13faqbe x1vvkbs xlh3980 xvmahel x1n0sxbx x1lliihq x1s928wv xhkezso x1gmr53x x1cpjm7i x1fgarty x1943h6x xudqn12 x3x7a5m x6prxxf xvq8zen xo1l8bm xzsf02u\" dir=\"auto\">in Inzersdorf, seit 2017 Ersatzstandort f\u00fcr den Nordwestbahnhof, wo die erste Container-Kran-Anlage \u00d6sterreichs bereits im Jahr 1968 in Betrieb genommen wurde \u00a9 Foto: Christopher Mavric<\/span><\/div>\n<\/div>\n[\/vc_column_text][\/vc_column][\/vc_row][vc_row type=&#8220;in_container&#8220; full_screen_row_position=&#8220;middle&#8220; scene_position=&#8220;center&#8220; text_color=&#8220;dark&#8220; text_align=&#8220;left&#8220; overlay_strength=&#8220;0.3&#8243; shape_divider_position=&#8220;bottom&#8220;][vc_column column_padding=&#8220;no-extra-padding&#8220; column_padding_position=&#8220;all&#8220; background_color_opacity=&#8220;1&#8243; background_hover_color_opacity=&#8220;1&#8243; column_shadow=&#8220;none&#8220; column_border_radius=&#8220;none&#8220; width=&#8220;1\/1&#8243; tablet_text_alignment=&#8220;default&#8220; phone_text_alignment=&#8220;default&#8220; column_border_width=&#8220;none&#8220; column_border_style=&#8220;solid&#8220;]<div class=\"divider-wrap\"><div style=\"height: 30px;\" class=\"divider\"><\/div><\/div><div class=\"img-with-aniamtion-wrap center\" data-max-width=\"100%\" data-border-radius=\"none\"><div class=\"inner\"><img loading=\"lazy\" decoding=\"async\" data-shadow=\"none\" data-shadow-direction=\"middle\" class=\"img-with-animation \" data-delay=\"0\" height=\"900\" width=\"1200\" data-animation=\"fade-in\" src=\"https:\/\/tracingspaces.net\/cargo-vienna\/wp-content\/uploads\/sites\/18\/2023\/12\/folierer_mavric_web.jpg\" srcset=\"https:\/\/tracingspaces.net\/cargo-vienna\/wp-content\/uploads\/sites\/18\/2023\/12\/folierer_mavric_web.jpg 1200w, https:\/\/tracingspaces.net\/cargo-vienna\/wp-content\/uploads\/sites\/18\/2023\/12\/folierer_mavric_web-300x225.jpg 300w, https:\/\/tracingspaces.net\/cargo-vienna\/wp-content\/uploads\/sites\/18\/2023\/12\/folierer_mavric_web-1024x768.jpg 1024w, https:\/\/tracingspaces.net\/cargo-vienna\/wp-content\/uploads\/sites\/18\/2023\/12\/folierer_mavric_web-768x576.jpg 768w\" sizes=\"auto, 100vw\" alt=\"\" \/><\/div><\/div><div class=\"divider-wrap\"><div style=\"height: 20px;\" class=\"divider\"><\/div><\/div>[vc_column_text]\n<p style=\"text-align: center;\"><span class=\"x193iq5w xeuugli x13faqbe x1vvkbs xlh3980 xvmahel x1n0sxbx x1lliihq x1s928wv xhkezso x1gmr53x x1cpjm7i x1fgarty x1943h6x xudqn12 x3x7a5m x6prxxf xvq8zen xo1l8bm xzsf02u\" dir=\"auto\">TM Wraps, Autofolierwerkstatt von Trajan Moldovan, World Wrap Master 2019, war bis 2021 Untermieter im Keller der alten DB Schenker Halle am Nordwestbahnhof, heute in einer neu errichteten Halle in Neu-Leopoldau \u00a9 Foto: Christopher Mavric<\/span><\/p>\n[\/vc_column_text][\/vc_column][\/vc_row][vc_row type=&#8220;in_container&#8220; full_screen_row_position=&#8220;middle&#8220; scene_position=&#8220;center&#8220; text_color=&#8220;dark&#8220; text_align=&#8220;left&#8220; overlay_strength=&#8220;0.3&#8243; shape_divider_position=&#8220;bottom&#8220;][vc_column column_padding=&#8220;no-extra-padding&#8220; column_padding_position=&#8220;all&#8220; background_color_opacity=&#8220;1&#8243; background_hover_color_opacity=&#8220;1&#8243; column_shadow=&#8220;none&#8220; column_border_radius=&#8220;none&#8220; width=&#8220;1\/1&#8243; tablet_text_alignment=&#8220;default&#8220; phone_text_alignment=&#8220;default&#8220; column_border_width=&#8220;none&#8220; column_border_style=&#8220;solid&#8220;]<div class=\"divider-wrap\"><div style=\"height: 30px;\" class=\"divider\"><\/div><\/div><div class=\"img-with-aniamtion-wrap center\" data-max-width=\"100%\" data-border-radius=\"none\"><div class=\"inner\"><img loading=\"lazy\" decoding=\"async\" data-shadow=\"none\" data-shadow-direction=\"middle\" class=\"img-with-animation \" data-delay=\"0\" height=\"900\" width=\"1200\" data-animation=\"fade-in\" src=\"https:\/\/tracingspaces.net\/cargo-vienna\/wp-content\/uploads\/sites\/18\/2023\/12\/props_web.jpg\" srcset=\"https:\/\/tracingspaces.net\/cargo-vienna\/wp-content\/uploads\/sites\/18\/2023\/12\/props_web.jpg 1200w, https:\/\/tracingspaces.net\/cargo-vienna\/wp-content\/uploads\/sites\/18\/2023\/12\/props_web-300x225.jpg 300w, https:\/\/tracingspaces.net\/cargo-vienna\/wp-content\/uploads\/sites\/18\/2023\/12\/props_web-1024x768.jpg 1024w, https:\/\/tracingspaces.net\/cargo-vienna\/wp-content\/uploads\/sites\/18\/2023\/12\/props_web-768x576.jpg 768w\" sizes=\"auto, 100vw\" alt=\"\" \/><\/div><\/div><div class=\"divider-wrap\"><div style=\"height: 20px;\" class=\"divider\"><\/div><\/div>[vc_column_text]\n<div class=\"x9f619 xjbqb8w x78zum5 x168nmei x13lgxp2 x5pf9jr xo71vjh xw3qccf x1n2onr6 x1plvlek xryxfnj x1c4vz4f x2lah0s xdt5ytf xqjyukv x1qjc9v5 x1oa3qoh x1nhvcw1\">\n<p style=\"text-align: center;\">Team des Filmausstatters Props und Co. an seinem neuen Standort in Aderklaa, von 2005 bis 2020 Untermieter in einer der historischen Backsteinhallen am Wiener Nordwestbahnhof \u00a9 Foto: Christopher Mavric<\/p>\n<\/div>\n[\/vc_column_text][\/vc_column][\/vc_row][vc_row type=&#8220;in_container&#8220; full_screen_row_position=&#8220;middle&#8220; scene_position=&#8220;center&#8220; text_color=&#8220;dark&#8220; text_align=&#8220;left&#8220; overlay_strength=&#8220;0.3&#8243; shape_divider_position=&#8220;bottom&#8220;][vc_column column_padding=&#8220;no-extra-padding&#8220; column_padding_position=&#8220;all&#8220; background_color_opacity=&#8220;1&#8243; background_hover_color_opacity=&#8220;1&#8243; column_shadow=&#8220;none&#8220; column_border_radius=&#8220;none&#8220; width=&#8220;1\/1&#8243; tablet_text_alignment=&#8220;default&#8220; phone_text_alignment=&#8220;default&#8220; column_border_width=&#8220;none&#8220; column_border_style=&#8220;solid&#8220;]<div class=\"divider-wrap\"><div style=\"height: 30px;\" class=\"divider\"><\/div><\/div><div class=\"img-with-aniamtion-wrap center\" data-max-width=\"100%\" data-border-radius=\"none\"><div class=\"inner\"><img loading=\"lazy\" decoding=\"async\" data-shadow=\"none\" data-shadow-direction=\"middle\" class=\"img-with-animation \" data-delay=\"0\" height=\"900\" width=\"1200\" data-animation=\"fade-in\" src=\"https:\/\/tracingspaces.net\/cargo-vienna\/wp-content\/uploads\/sites\/18\/2023\/12\/holzknecht_sued_web.jpg\" srcset=\"https:\/\/tracingspaces.net\/cargo-vienna\/wp-content\/uploads\/sites\/18\/2023\/12\/holzknecht_sued_web.jpg 1200w, https:\/\/tracingspaces.net\/cargo-vienna\/wp-content\/uploads\/sites\/18\/2023\/12\/holzknecht_sued_web-300x225.jpg 300w, https:\/\/tracingspaces.net\/cargo-vienna\/wp-content\/uploads\/sites\/18\/2023\/12\/holzknecht_sued_web-1024x768.jpg 1024w, https:\/\/tracingspaces.net\/cargo-vienna\/wp-content\/uploads\/sites\/18\/2023\/12\/holzknecht_sued_web-768x576.jpg 768w\" sizes=\"auto, 100vw\" alt=\"\" \/><\/div><\/div><div class=\"divider-wrap\"><div style=\"height: 20px;\" class=\"divider\"><\/div><\/div>[vc_column_text]\n<p style=\"text-align: center;\">Gerald Holzknecht in der 2023 neu er\u00f6ffneten St\u00fcckguthalle neben dem Container-Terminal in Inzersdorf, dem Ersatzstandort f\u00fcr die riesige Halle am Nordwestbahnhof, in der Waren aller Art von Bahn auf LKW umgeladen wurden. Er hat als Gro\u00dfkundenbetreuer von der \u00d6BB Rail Cargo \u00fcber Q-Logistic bis zu Raben Bexity alle Privatisierungs-Schritte des Unternehmens miterlebt \u00a9 Foto: Christopher Mavric<\/p>\n[\/vc_column_text][\/vc_column][\/vc_row][vc_row type=&#8220;in_container&#8220; full_screen_row_position=&#8220;middle&#8220; scene_position=&#8220;center&#8220; text_color=&#8220;dark&#8220; text_align=&#8220;left&#8220; overlay_strength=&#8220;0.3&#8243; shape_divider_position=&#8220;bottom&#8220;][vc_column column_padding=&#8220;no-extra-padding&#8220; column_padding_position=&#8220;all&#8220; background_color_opacity=&#8220;1&#8243; background_hover_color_opacity=&#8220;1&#8243; column_shadow=&#8220;none&#8220; column_border_radius=&#8220;none&#8220; width=&#8220;1\/1&#8243; tablet_text_alignment=&#8220;default&#8220; phone_text_alignment=&#8220;default&#8220; column_border_width=&#8220;none&#8220; column_border_style=&#8220;solid&#8220;]<div class=\"divider-wrap\"><div style=\"height: 30px;\" class=\"divider\"><\/div><\/div><div class=\"img-with-aniamtion-wrap center\" data-max-width=\"100%\" data-border-radius=\"none\"><div class=\"inner\"><img loading=\"lazy\" decoding=\"async\" data-shadow=\"none\" data-shadow-direction=\"middle\" class=\"img-with-animation \" data-delay=\"0\" height=\"900\" width=\"1200\" data-animation=\"fade-in\" src=\"https:\/\/tracingspaces.net\/cargo-vienna\/wp-content\/uploads\/sites\/18\/2023\/12\/viennacargo-mavric_web.jpg\" srcset=\"https:\/\/tracingspaces.net\/cargo-vienna\/wp-content\/uploads\/sites\/18\/2023\/12\/viennacargo-mavric_web.jpg 1200w, https:\/\/tracingspaces.net\/cargo-vienna\/wp-content\/uploads\/sites\/18\/2023\/12\/viennacargo-mavric_web-300x225.jpg 300w, https:\/\/tracingspaces.net\/cargo-vienna\/wp-content\/uploads\/sites\/18\/2023\/12\/viennacargo-mavric_web-1024x768.jpg 1024w, https:\/\/tracingspaces.net\/cargo-vienna\/wp-content\/uploads\/sites\/18\/2023\/12\/viennacargo-mavric_web-768x576.jpg 768w\" sizes=\"auto, 100vw\" alt=\"\" \/><\/div><\/div><div class=\"divider-wrap\"><div style=\"height: 20px;\" class=\"divider\"><\/div><\/div>[vc_column_text]\n<div class=\"xyinxu5 x4uap5 x1g2khh7 xkhd6sd\" style=\"text-align: center;\"><span class=\"x193iq5w xeuugli x13faqbe x1vvkbs xlh3980 xvmahel x1n0sxbx x1lliihq x1s928wv xhkezso x1gmr53x x1cpjm7i x1fgarty x1943h6x xudqn12 x3x7a5m x6prxxf xvq8zen xo1l8bm xzsf02u\" dir=\"auto\">Vienna Cargo, Namensgeber f\u00fcr unser Projekt, war die letzte Kleinspedition, die bis 2022 als Untermieter am Nordwestbahnhof verblieben ist, jetzt in einem alten Grossmarkt angesiedelt, dem ehemaligen Multikauf hinter dem Vienna Citygate im 21. Bezirk \u00a9 Foto: Christopher Mavric<\/span><\/div>\n[\/vc_column_text][\/vc_column][\/vc_row][vc_row type=&#8220;in_container&#8220; full_screen_row_position=&#8220;middle&#8220; scene_position=&#8220;center&#8220; text_color=&#8220;dark&#8220; text_align=&#8220;left&#8220; overlay_strength=&#8220;0.3&#8243; shape_divider_position=&#8220;bottom&#8220;][vc_column column_padding=&#8220;no-extra-padding&#8220; column_padding_position=&#8220;all&#8220; background_color_opacity=&#8220;1&#8243; background_hover_color_opacity=&#8220;1&#8243; column_shadow=&#8220;none&#8220; column_border_radius=&#8220;none&#8220; width=&#8220;1\/1&#8243; tablet_text_alignment=&#8220;default&#8220; phone_text_alignment=&#8220;default&#8220; column_border_width=&#8220;none&#8220; column_border_style=&#8220;solid&#8220;]<div class=\"divider-wrap\"><div style=\"height: 30px;\" class=\"divider\"><\/div><\/div><div class=\"img-with-aniamtion-wrap center\" data-max-width=\"100%\" data-border-radius=\"none\"><div class=\"inner\"><img loading=\"lazy\" decoding=\"async\" data-shadow=\"none\" data-shadow-direction=\"middle\" class=\"img-with-animation \" data-delay=\"0\" height=\"900\" width=\"1200\" data-animation=\"fade-in\" src=\"https:\/\/tracingspaces.net\/cargo-vienna\/wp-content\/uploads\/sites\/18\/2024\/01\/tonis-werkstatt_mavric_09-12-23_c-mavric_SRGB_CM14539.jpg\" srcset=\"https:\/\/tracingspaces.net\/cargo-vienna\/wp-content\/uploads\/sites\/18\/2024\/01\/tonis-werkstatt_mavric_09-12-23_c-mavric_SRGB_CM14539.jpg 1200w, https:\/\/tracingspaces.net\/cargo-vienna\/wp-content\/uploads\/sites\/18\/2024\/01\/tonis-werkstatt_mavric_09-12-23_c-mavric_SRGB_CM14539-300x225.jpg 300w, https:\/\/tracingspaces.net\/cargo-vienna\/wp-content\/uploads\/sites\/18\/2024\/01\/tonis-werkstatt_mavric_09-12-23_c-mavric_SRGB_CM14539-1024x768.jpg 1024w, https:\/\/tracingspaces.net\/cargo-vienna\/wp-content\/uploads\/sites\/18\/2024\/01\/tonis-werkstatt_mavric_09-12-23_c-mavric_SRGB_CM14539-768x576.jpg 768w\" sizes=\"auto, 100vw\" alt=\"\" \/><\/div><\/div><div class=\"divider-wrap\"><div style=\"height: 20px;\" class=\"divider\"><\/div><\/div>[vc_column_text]\n<div class=\"xyinxu5 x4uap5 x1g2khh7 xkhd6sd\" style=\"text-align: center;\">\n<div class=\"\">Toni, ganz links, mietete wie ca. 20 andere Autobastler mit Migrationshintergrund von einem Mittelsmann einen kleinen abgetrennten Abschnitt der ehemaligen Autobusgaragen, um dort von 2020 bis Ende 2023 eine kleine Autowerkstatt samt Hebeb\u00fchne und Notwohnung einzurichten. Georgi, ganz rechts, arbeitete als Mechanikergehilfe. Peter, in der Mitte, betrieb eine Gebrauchtwagenaufbereitung \u00a9 Foto: Christopher Mavric<\/div>\n<\/div>\n[\/vc_column_text][\/vc_column][\/vc_row][vc_row type=&#8220;in_container&#8220; full_screen_row_position=&#8220;middle&#8220; scene_position=&#8220;center&#8220; text_color=&#8220;dark&#8220; text_align=&#8220;left&#8220; overlay_strength=&#8220;0.3&#8243; shape_divider_position=&#8220;bottom&#8220;][vc_column column_padding=&#8220;no-extra-padding&#8220; column_padding_position=&#8220;all&#8220; background_color_opacity=&#8220;1&#8243; background_hover_color_opacity=&#8220;1&#8243; column_shadow=&#8220;none&#8220; column_border_radius=&#8220;none&#8220; width=&#8220;1\/1&#8243; tablet_text_alignment=&#8220;default&#8220; phone_text_alignment=&#8220;default&#8220; column_border_width=&#8220;none&#8220; column_border_style=&#8220;solid&#8220;]<div class=\"divider-wrap\"><div style=\"height: 30px;\" class=\"divider\"><\/div><\/div><div class=\"img-with-aniamtion-wrap center\" data-max-width=\"100%\" data-border-radius=\"none\"><div class=\"inner\"><img loading=\"lazy\" decoding=\"async\" data-shadow=\"none\" data-shadow-direction=\"middle\" class=\"img-with-animation \" data-delay=\"0\" height=\"900\" width=\"1200\" data-animation=\"fade-in\" src=\"https:\/\/tracingspaces.net\/cargo-vienna\/wp-content\/uploads\/sites\/18\/2023\/12\/boehm-panalpina_web.jpg\" srcset=\"https:\/\/tracingspaces.net\/cargo-vienna\/wp-content\/uploads\/sites\/18\/2023\/12\/boehm-panalpina_web.jpg 1200w, https:\/\/tracingspaces.net\/cargo-vienna\/wp-content\/uploads\/sites\/18\/2023\/12\/boehm-panalpina_web-300x225.jpg 300w, https:\/\/tracingspaces.net\/cargo-vienna\/wp-content\/uploads\/sites\/18\/2023\/12\/boehm-panalpina_web-1024x768.jpg 1024w, https:\/\/tracingspaces.net\/cargo-vienna\/wp-content\/uploads\/sites\/18\/2023\/12\/boehm-panalpina_web-768x576.jpg 768w\" sizes=\"auto, 100vw\" alt=\"\" \/><\/div><\/div><div class=\"divider-wrap\"><div style=\"height: 20px;\" class=\"divider\"><\/div><\/div>[vc_column_text]\n<p style=\"text-align: center;\">Bernhard B\u00f6hm, Mitarbeiter bei Panalpina Austria bis zu dessen Abzug vom Nordwestbahnhof im Jahr 2015, danach bis zur eigenen Pensionierung 2020 Lagerleiter f\u00fcr Quehenberger bzw. Q-Logistics in der vormaligen Panalpina-Halle \u00a9 Foto: Christopher Mavric<\/p>\n[\/vc_column_text][\/vc_column][\/vc_row][vc_row type=&#8220;in_container&#8220; full_screen_row_position=&#8220;middle&#8220; scene_position=&#8220;center&#8220; text_color=&#8220;dark&#8220; text_align=&#8220;left&#8220; overlay_strength=&#8220;0.3&#8243; shape_divider_position=&#8220;bottom&#8220;][vc_column column_padding=&#8220;no-extra-padding&#8220; column_padding_position=&#8220;all&#8220; background_color_opacity=&#8220;1&#8243; background_hover_color_opacity=&#8220;1&#8243; column_shadow=&#8220;none&#8220; column_border_radius=&#8220;none&#8220; width=&#8220;1\/1&#8243; tablet_text_alignment=&#8220;default&#8220; phone_text_alignment=&#8220;default&#8220; column_border_width=&#8220;none&#8220; column_border_style=&#8220;solid&#8220;]<div class=\"divider-wrap\"><div style=\"height: 30px;\" class=\"divider\"><\/div><\/div><div class=\"img-with-aniamtion-wrap center\" data-max-width=\"100%\" data-border-radius=\"none\"><div class=\"inner\"><img loading=\"lazy\" decoding=\"async\" data-shadow=\"none\" data-shadow-direction=\"middle\" class=\"img-with-animation \" data-delay=\"0\" height=\"1920\" width=\"2560\" data-animation=\"fade-in\" src=\"https:\/\/tracingspaces.net\/cargo-vienna\/wp-content\/uploads\/sites\/18\/2023\/06\/p23_39_nwb_lr_09-06-23_c-mavric_CM84257-scaled.jpg\" srcset=\"https:\/\/tracingspaces.net\/cargo-vienna\/wp-content\/uploads\/sites\/18\/2023\/06\/p23_39_nwb_lr_09-06-23_c-mavric_CM84257-scaled.jpg 2560w, https:\/\/tracingspaces.net\/cargo-vienna\/wp-content\/uploads\/sites\/18\/2023\/06\/p23_39_nwb_lr_09-06-23_c-mavric_CM84257-300x225.jpg 300w, https:\/\/tracingspaces.net\/cargo-vienna\/wp-content\/uploads\/sites\/18\/2023\/06\/p23_39_nwb_lr_09-06-23_c-mavric_CM84257-1024x768.jpg 1024w, https:\/\/tracingspaces.net\/cargo-vienna\/wp-content\/uploads\/sites\/18\/2023\/06\/p23_39_nwb_lr_09-06-23_c-mavric_CM84257-768x576.jpg 768w, https:\/\/tracingspaces.net\/cargo-vienna\/wp-content\/uploads\/sites\/18\/2023\/06\/p23_39_nwb_lr_09-06-23_c-mavric_CM84257-1536x1152.jpg 1536w, https:\/\/tracingspaces.net\/cargo-vienna\/wp-content\/uploads\/sites\/18\/2023\/06\/p23_39_nwb_lr_09-06-23_c-mavric_CM84257-2048x1536.jpg 2048w\" sizes=\"auto, 100vw\" alt=\"\" \/><\/div><\/div><div class=\"divider-wrap\"><div style=\"height: 20px;\" class=\"divider\"><\/div><\/div>[vc_column_text]\n<div class=\"col span_12 dark left\">\n<div class=\"vc_col-sm-12 wpb_column column_container vc_column_container col no-extra-padding instance-2\" data-border-radius=\"none\" data-shadow=\"none\" data-border-animation=\"\" data-border-animation-delay=\"\" data-border-width=\"none\" data-border-style=\"solid\" data-border-color=\"\" data-bg-cover=\"\" data-padding-pos=\"all\" data-has-bg-color=\"false\" data-bg-color=\"\" data-bg-opacity=\"1\" data-hover-bg=\"\" data-hover-bg-opacity=\"1\" data-animation=\"\" data-delay=\"0\">\n<div class=\"vc_column-inner\">\n<div class=\"wpb_wrapper\">\n<div class=\"wpb_text_column wpb_content_element \">\n<div class=\"wpb_wrapper\">\n<p style=\"text-align: center;\">Alois Danzinger, Werkmeister, Robert Dungler, Fahrlehrer und Wolfgang Konecny, LKW Fahrer a. D., am ehemaligen Areal des Kraftwagendienstes der \u00d6sterreichischen Bundesbahnen (KWD) am Wiener Nordwestbahnhof \u00a9 Foto: Christopher Mavri\u010d 2023<\/p>\n<\/div>\n<\/div>\n<\/div>\n<\/div>\n<\/div>\n<\/div>\n[\/vc_column_text][\/vc_column][\/vc_row][vc_row type=&#8220;in_container&#8220; full_screen_row_position=&#8220;middle&#8220; scene_position=&#8220;center&#8220; text_color=&#8220;dark&#8220; text_align=&#8220;left&#8220; overlay_strength=&#8220;0.3&#8243; shape_divider_position=&#8220;bottom&#8220;][vc_column column_padding=&#8220;no-extra-padding&#8220; column_padding_position=&#8220;all&#8220; background_color_opacity=&#8220;1&#8243; background_hover_color_opacity=&#8220;1&#8243; column_shadow=&#8220;none&#8220; column_border_radius=&#8220;none&#8220; width=&#8220;1\/1&#8243; tablet_text_alignment=&#8220;default&#8220; phone_text_alignment=&#8220;default&#8220; column_border_width=&#8220;none&#8220; column_border_style=&#8220;solid&#8220;]<div class=\"divider-wrap\"><div style=\"height: 20px;\" class=\"divider\"><\/div><\/div>[\/vc_column][\/vc_row][vc_row type=&#8220;in_container&#8220; full_screen_row_position=&#8220;middle&#8220; scene_position=&#8220;center&#8220; text_color=&#8220;dark&#8220; text_align=&#8220;left&#8220; overlay_strength=&#8220;0.3&#8243; shape_divider_position=&#8220;bottom&#8220;][vc_column column_padding=&#8220;no-extra-padding&#8220; column_padding_position=&#8220;all&#8220; background_color_opacity=&#8220;1&#8243; background_hover_color_opacity=&#8220;1&#8243; column_shadow=&#8220;none&#8220; column_border_radius=&#8220;none&#8220; width=&#8220;1\/1&#8243; tablet_text_alignment=&#8220;default&#8220; phone_text_alignment=&#8220;default&#8220; column_border_width=&#8220;none&#8220; column_border_style=&#8220;solid&#8220;]<div class=\"img-with-aniamtion-wrap center\" data-max-width=\"100%\" data-border-radius=\"none\"><div class=\"inner\"><img loading=\"lazy\" decoding=\"async\" data-shadow=\"none\" data-shadow-direction=\"middle\" class=\"img-with-animation \" data-delay=\"0\" height=\"211\" width=\"1841\" data-animation=\"fade-in\" src=\"https:\/\/tracingspaces.net\/cargo-vienna\/wp-content\/uploads\/sites\/18\/2023\/05\/cargo_leiste_neu.jpg\" srcset=\"https:\/\/tracingspaces.net\/cargo-vienna\/wp-content\/uploads\/sites\/18\/2023\/05\/cargo_leiste_neu.jpg 1841w, https:\/\/tracingspaces.net\/cargo-vienna\/wp-content\/uploads\/sites\/18\/2023\/05\/cargo_leiste_neu-300x34.jpg 300w, https:\/\/tracingspaces.net\/cargo-vienna\/wp-content\/uploads\/sites\/18\/2023\/05\/cargo_leiste_neu-1024x117.jpg 1024w, https:\/\/tracingspaces.net\/cargo-vienna\/wp-content\/uploads\/sites\/18\/2023\/05\/cargo_leiste_neu-768x88.jpg 768w, https:\/\/tracingspaces.net\/cargo-vienna\/wp-content\/uploads\/sites\/18\/2023\/05\/cargo_leiste_neu-1536x176.jpg 1536w\" sizes=\"auto, 100vw\" alt=\"\" \/><\/div><\/div>[\/vc_column][\/vc_row]\n","protected":false},"excerpt":{"rendered":"<p>[vc_row type=&#8220;in_container&#8220; full_screen_row_position=&#8220;middle&#8220; scene_position=&#8220;center&#8220; text_color=&#8220;dark&#8220; text_align=&#8220;left&#8220; overlay_strength=&#8220;0.3&#8243; shape_divider_position=&#8220;bottom&#8220;][vc_column column_padding=&#8220;no-extra-padding&#8220; column_padding_position=&#8220;all&#8220; background_color_opacity=&#8220;1&#8243; background_hover_color_opacity=&#8220;1&#8243; column_shadow=&#8220;none&#8220; column_border_radius=&#8220;none&#8220; width=&#8220;1\/1&#8243; tablet_text_alignment=&#8220;default&#8220; phone_text_alignment=&#8220;default&#8220; column_border_width=&#8220;none&#8220; column_border_style=&#8220;solid&#8220;][vc_column_text] PORTRAITS vormals am Areal besch\u00e4ftigter Mitarbeiter*innen [\/vc_column_text][\/vc_column][\/vc_row][vc_row type=&#8220;in_container&#8220; full_screen_row_position=&#8220;middle&#8220; scene_position=&#8220;center&#8220; text_color=&#8220;dark&#8220;&#8230;<\/p>\n","protected":false},"author":1,"featured_media":0,"parent":0,"menu_order":0,"comment_status":"closed","ping_status":"closed","template":"","meta":{"footnotes":""},"class_list":["post-154","page","type-page","status-publish"],"_links":{"self":[{"href":"https:\/\/tracingspaces.net\/cargo-vienna\/wp-json\/wp\/v2\/pages\/154","targetHints":{"allow":["GET"]}}],"collection":[{"href":"https:\/\/tracingspaces.net\/cargo-vienna\/wp-json\/wp\/v2\/pages"}],"about":[{"href":"https:\/\/tracingspaces.net\/cargo-vienna\/wp-json\/wp\/v2\/types\/page"}],"author":[{"embeddable":true,"href":"https:\/\/tracingspaces.net\/cargo-vienna\/wp-json\/wp\/v2\/users\/1"}],"replies":[{"embeddable":true,"href":"https:\/\/tracingspaces.net\/cargo-vienna\/wp-json\/wp\/v2\/comments?post=154"}],"version-history":[{"count":25,"href":"https:\/\/tracingspaces.net\/cargo-vienna\/wp-json\/wp\/v2\/pages\/154\/revisions"}],"predecessor-version":[{"id":280,"href":"https:\/\/tracingspaces.net\/cargo-vienna\/wp-json\/wp\/v2\/pages\/154\/revisions\/280"}],"wp:attachment":[{"href":"https:\/\/tracingspaces.net\/cargo-vienna\/wp-json\/wp\/v2\/media?parent=154"}],"curies":[{"name":"wp","href":"https:\/\/api.w.org\/{rel}","templated":true}]}}