{"id":2,"date":"2019-11-20T10:59:36","date_gmt":"2019-11-20T09:59:36","guid":{"rendered":"http:\/\/aufundzu.tracingspaces.net\/?page_id=2"},"modified":"2023-11-22T21:41:17","modified_gmt":"2023-11-22T20:41:17","slug":"frontpage","status":"publish","type":"page","link":"https:\/\/tracingspaces.net\/aufundzu\/","title":{"rendered":"WienunddieFische"},"content":{"rendered":"[vc_row type=&#8220;in_container&#8220; full_screen_row_position=&#8220;middle&#8220; scene_position=&#8220;center&#8220; text_color=&#8220;dark&#8220; text_align=&#8220;left&#8220; overlay_strength=&#8220;0.3&#8243; shape_divider_position=&#8220;bottom&#8220;][vc_column column_padding=&#8220;no-extra-padding&#8220; column_padding_position=&#8220;all&#8220; background_color_opacity=&#8220;1&#8243; background_hover_color_opacity=&#8220;1&#8243; column_shadow=&#8220;none&#8220; column_border_radius=&#8220;none&#8220; width=&#8220;1\/1&#8243; tablet_text_alignment=&#8220;default&#8220; phone_text_alignment=&#8220;default&#8220; column_border_width=&#8220;none&#8220; column_border_style=&#8220;solid&#8220;]<div class=\"img-with-aniamtion-wrap \" data-max-width=\"100%\" data-border-radius=\"none\"><div class=\"inner\"><img loading=\"lazy\" decoding=\"async\" data-shadow=\"none\" data-shadow-direction=\"middle\" class=\"img-with-animation \" data-delay=\"0\" height=\"1080\" width=\"1920\" data-animation=\"fade-in\" src=\"https:\/\/tracingspaces.net\/aufundzu\/wp-content\/uploads\/sites\/10\/2020\/04\/wienfischgeschichten2.jpg\" srcset=\"https:\/\/tracingspaces.net\/aufundzu\/wp-content\/uploads\/sites\/10\/2020\/04\/wienfischgeschichten2.jpg 1920w, https:\/\/tracingspaces.net\/aufundzu\/wp-content\/uploads\/sites\/10\/2020\/04\/wienfischgeschichten2-300x169.jpg 300w, https:\/\/tracingspaces.net\/aufundzu\/wp-content\/uploads\/sites\/10\/2020\/04\/wienfischgeschichten2-1024x576.jpg 1024w, https:\/\/tracingspaces.net\/aufundzu\/wp-content\/uploads\/sites\/10\/2020\/04\/wienfischgeschichten2-768x432.jpg 768w, https:\/\/tracingspaces.net\/aufundzu\/wp-content\/uploads\/sites\/10\/2020\/04\/wienfischgeschichten2-1536x864.jpg 1536w\" sizes=\"auto, 100vw\" alt=\"\" \/><\/div><\/div>[\/vc_column][\/vc_row][vc_row type=&#8220;in_container&#8220; full_screen_row_position=&#8220;middle&#8220; scene_position=&#8220;center&#8220; text_color=&#8220;dark&#8220; text_align=&#8220;left&#8220; overlay_strength=&#8220;0.3&#8243; shape_divider_position=&#8220;bottom&#8220;][vc_column column_padding=&#8220;no-extra-padding&#8220; column_padding_position=&#8220;all&#8220; background_color_opacity=&#8220;1&#8243; background_hover_color_opacity=&#8220;1&#8243; column_shadow=&#8220;none&#8220; column_border_radius=&#8220;none&#8220; width=&#8220;1\/2&#8243; tablet_text_alignment=&#8220;default&#8220; phone_text_alignment=&#8220;default&#8220; column_border_width=&#8220;none&#8220; column_border_style=&#8220;solid&#8220;]<div class=\"img-with-aniamtion-wrap \" data-max-width=\"100%\" data-border-radius=\"none\"><div class=\"inner\"><a href=\"https:\/\/tracingspaces.net\/aufundzu\/tours\/\" target=\"_self\" class=\"\"><img loading=\"lazy\" decoding=\"async\" data-shadow=\"none\" data-shadow-direction=\"middle\" class=\"img-with-animation \" data-delay=\"0\" height=\"1920\" width=\"1920\" data-animation=\"fade-in\" src=\"https:\/\/tracingspaces.net\/aufundzu\/wp-content\/uploads\/sites\/10\/2020\/04\/fischgeschichten-001_am-haken_web-1920.jpg\" srcset=\"https:\/\/tracingspaces.net\/aufundzu\/wp-content\/uploads\/sites\/10\/2020\/04\/fischgeschichten-001_am-haken_web-1920.jpg 1920w, https:\/\/tracingspaces.net\/aufundzu\/wp-content\/uploads\/sites\/10\/2020\/04\/fischgeschichten-001_am-haken_web-1920-300x300.jpg 300w, https:\/\/tracingspaces.net\/aufundzu\/wp-content\/uploads\/sites\/10\/2020\/04\/fischgeschichten-001_am-haken_web-1920-1024x1024.jpg 1024w, https:\/\/tracingspaces.net\/aufundzu\/wp-content\/uploads\/sites\/10\/2020\/04\/fischgeschichten-001_am-haken_web-1920-150x150.jpg 150w, https:\/\/tracingspaces.net\/aufundzu\/wp-content\/uploads\/sites\/10\/2020\/04\/fischgeschichten-001_am-haken_web-1920-768x768.jpg 768w, https:\/\/tracingspaces.net\/aufundzu\/wp-content\/uploads\/sites\/10\/2020\/04\/fischgeschichten-001_am-haken_web-1920-1536x1536.jpg 1536w, https:\/\/tracingspaces.net\/aufundzu\/wp-content\/uploads\/sites\/10\/2020\/04\/fischgeschichten-001_am-haken_web-1920-100x100.jpg 100w, https:\/\/tracingspaces.net\/aufundzu\/wp-content\/uploads\/sites\/10\/2020\/04\/fischgeschichten-001_am-haken_web-1920-140x140.jpg 140w, https:\/\/tracingspaces.net\/aufundzu\/wp-content\/uploads\/sites\/10\/2020\/04\/fischgeschichten-001_am-haken_web-1920-500x500.jpg 500w, https:\/\/tracingspaces.net\/aufundzu\/wp-content\/uploads\/sites\/10\/2020\/04\/fischgeschichten-001_am-haken_web-1920-350x350.jpg 350w, https:\/\/tracingspaces.net\/aufundzu\/wp-content\/uploads\/sites\/10\/2020\/04\/fischgeschichten-001_am-haken_web-1920-1000x1000.jpg 1000w, https:\/\/tracingspaces.net\/aufundzu\/wp-content\/uploads\/sites\/10\/2020\/04\/fischgeschichten-001_am-haken_web-1920-800x800.jpg 800w\" sizes=\"auto, 100vw\" alt=\"\" \/><\/a><\/div><\/div>[\/vc_column][vc_column column_padding=&#8220;no-extra-padding&#8220; column_padding_position=&#8220;all&#8220; background_color_opacity=&#8220;1&#8243; background_hover_color_opacity=&#8220;1&#8243; column_shadow=&#8220;none&#8220; column_border_radius=&#8220;none&#8220; width=&#8220;1\/2&#8243; tablet_text_alignment=&#8220;default&#8220; phone_text_alignment=&#8220;default&#8220; column_border_width=&#8220;none&#8220; column_border_style=&#8220;solid&#8220;][vc_column_text]\n<h3>Ausstellungen und Interventionen<br \/>\nGe\u00f6ffnet Do., 15 bis 19 Uhr und nach Vereinbarung<\/h3>\n[\/vc_column_text]<div class=\"divider-wrap\"><div style=\"height: 30px;\" class=\"divider\"><\/div><\/div>[vc_column_text]In einer Ausstellung am Wiener Nordwestbahnhof und in performativen Exkursionen wueden und werden mit unterschiedlichen Verkehrsmitteln, multikonfessionellen Prozessionsger\u00e4ten \u00a0und Pop-Up Ausstellungen verschiedene fischrelevante \u201eStationen\u201c der Stadt Wien kommentiert und befragt: die ehemaligen \u00a0Lebensr\u00e4ume der Wiener Fische in Donaukanal und Donau, Fischerei-Reviere und -Vereine, historische\u00a0 Fisch-M\u00e4rkte, Fisch-Fabriken, Fisch-H\u00e4ndler und\u00a0 -Lokale, und schlie\u00dflich auch eiskalte Fisch-Gro\u00dfhandelslager und Fischfriedh\u00f6fe an den Peripherien der Stadt. Auf diese Weise werden Aspekte der baulichen, sozialen und kulturellen Transformation der Stadt anhand von Orten des Fisch-Fangs, -Handels und dessen Verarbeitung reflektiert.<\/p>\n<p>Von Michael Hieslmair und Michael Zinganel (Tracing Spaces)<br \/>\nMit Theresa Hattinger und Matth\u00e4us B\u00e4r<\/p>\n<p>Im Rahmen von Auf- und Zugesch\u00fcttet. Lebensformen und Zwischennutzungen \u00fcber und unter dem Nordwestbahnhof[\/vc_column_text]<div class=\"divider-wrap\"><div style=\"height: 40px;\" class=\"divider\"><\/div><\/div>[nectar_btn size=&#8220;small&#8220; open_new_tab=&#8220;true&#8220; button_style=&#8220;regular&#8220; button_color_2=&#8220;Accent-Color&#8220; icon_family=&#8220;none&#8220; text=&#8220;Weitere Appetithappen &#8220; url=&#8220;https:\/\/tracingspaces.net\/aufundzu\/fisch-geschichten\/&#8220;][\/vc_column][\/vc_row][vc_row type=&#8220;in_container&#8220; full_screen_row_position=&#8220;middle&#8220; scene_position=&#8220;center&#8220; text_color=&#8220;dark&#8220; text_align=&#8220;left&#8220; overlay_strength=&#8220;0.3&#8243; shape_divider_position=&#8220;bottom&#8220;][vc_column column_padding=&#8220;no-extra-padding&#8220; column_padding_position=&#8220;all&#8220; background_color_opacity=&#8220;1&#8243; background_hover_color_opacity=&#8220;1&#8243; column_shadow=&#8220;none&#8220; column_border_radius=&#8220;none&#8220; width=&#8220;1\/2&#8243; tablet_text_alignment=&#8220;default&#8220; phone_text_alignment=&#8220;default&#8220; column_border_width=&#8220;none&#8220; column_border_style=&#8220;solid&#8220;][vc_column_text]Inhaltlicher Ausgangpunkt f\u00fcr die Auseinandersetzung mit Fischgeschichte(n) in der Stadt ist die spezielle Lage des Nordwestbahnhofs.<\/p>\n<p>Denn dieser liegt \u00fcber einem ehemaligen Seitenarm der Donau. Deren Zufl\u00fcsse und Au-Landschaften boten ideale Laichpl\u00e4tze und Lebensr\u00e4ume f\u00fcr eine Vielzahl von Fischen. Durch die Regulierung des Donaukanals und der Donauarme, wurden die \u00dcberschwemmungen einged\u00e4mmt und die Schifffahrt erleichtert. Mit der Aufsch\u00fcttung und Trockenlegung gro\u00dfer Teile des 2. und 20. Bezirks wurde Bauland f\u00fcr die neuen Bahnh\u00f6fe, H\u00e4fen, Gewerbebetriebe sowie ganzer Stadtteile geschaffen.<\/p>\n<p>W\u00e4hrend die Bev\u00f6lkerung der Stadt rasant anwuchs, wurde die Fischpopulation stark reduziert. Um den Bedarf zu decken wurden daher Fische mit der Nordwestbahn aus den Nordseeh\u00e4fen importiert, wo sie in Wien angekommen bis in die fr\u00fchen 1980er Jahre am Nordwestbahnhof verarbeitet worden sind.[\/vc_column_text][\/vc_column][vc_column column_padding=&#8220;no-extra-padding&#8220; column_padding_position=&#8220;all&#8220; background_color_opacity=&#8220;1&#8243; background_hover_color_opacity=&#8220;1&#8243; column_shadow=&#8220;none&#8220; column_border_radius=&#8220;none&#8220; width=&#8220;1\/2&#8243; tablet_text_alignment=&#8220;default&#8220; phone_text_alignment=&#8220;default&#8220; column_border_width=&#8220;none&#8220; column_border_style=&#8220;solid&#8220;]<div class=\"img-with-aniamtion-wrap \" data-max-width=\"100%\" data-border-radius=\"none\"><div class=\"inner\"><a href=\"https:\/\/tracingspaces.net\/aufundzu\/tours\/\" target=\"_self\" class=\"\"><img loading=\"lazy\" decoding=\"async\" data-shadow=\"none\" data-shadow-direction=\"middle\" class=\"img-with-animation \" data-delay=\"0\" height=\"878\" width=\"1920\" data-animation=\"fade-in\" src=\"https:\/\/tracingspaces.net\/aufundzu\/wp-content\/uploads\/sites\/10\/2020\/04\/fischgeschichten-002-schmal_web-1920.jpg\" srcset=\"https:\/\/tracingspaces.net\/aufundzu\/wp-content\/uploads\/sites\/10\/2020\/04\/fischgeschichten-002-schmal_web-1920.jpg 1920w, https:\/\/tracingspaces.net\/aufundzu\/wp-content\/uploads\/sites\/10\/2020\/04\/fischgeschichten-002-schmal_web-1920-300x137.jpg 300w, https:\/\/tracingspaces.net\/aufundzu\/wp-content\/uploads\/sites\/10\/2020\/04\/fischgeschichten-002-schmal_web-1920-1024x468.jpg 1024w, https:\/\/tracingspaces.net\/aufundzu\/wp-content\/uploads\/sites\/10\/2020\/04\/fischgeschichten-002-schmal_web-1920-768x351.jpg 768w, https:\/\/tracingspaces.net\/aufundzu\/wp-content\/uploads\/sites\/10\/2020\/04\/fischgeschichten-002-schmal_web-1920-1536x702.jpg 1536w\" sizes=\"auto, 100vw\" alt=\"\" \/><\/a><\/div><\/div>[\/vc_column][\/vc_row][vc_row type=&#8220;in_container&#8220; full_screen_row_position=&#8220;middle&#8220; scene_position=&#8220;center&#8220; text_color=&#8220;dark&#8220; text_align=&#8220;left&#8220; overlay_strength=&#8220;0.3&#8243; shape_divider_position=&#8220;bottom&#8220;][vc_column column_padding=&#8220;no-extra-padding&#8220; column_padding_position=&#8220;all&#8220; background_color_opacity=&#8220;1&#8243; background_hover_color_opacity=&#8220;1&#8243; column_shadow=&#8220;none&#8220; column_border_radius=&#8220;none&#8220; width=&#8220;1\/2&#8243; tablet_text_alignment=&#8220;default&#8220; phone_text_alignment=&#8220;default&#8220; column_border_width=&#8220;none&#8220; column_border_style=&#8220;solid&#8220;]<div class=\"img-with-aniamtion-wrap \" data-max-width=\"100%\" data-border-radius=\"none\"><div class=\"inner\"><img loading=\"lazy\" decoding=\"async\" data-shadow=\"none\" data-shadow-direction=\"middle\" class=\"img-with-animation \" data-delay=\"0\" height=\"900\" width=\"1000\" data-animation=\"fade-in\" src=\"https:\/\/tracingspaces.net\/aufundzu\/wp-content\/uploads\/sites\/10\/2020\/04\/Lebensraum-1800-01_1000.jpg\" srcset=\"https:\/\/tracingspaces.net\/aufundzu\/wp-content\/uploads\/sites\/10\/2020\/04\/Lebensraum-1800-01_1000.jpg 1000w, https:\/\/tracingspaces.net\/aufundzu\/wp-content\/uploads\/sites\/10\/2020\/04\/Lebensraum-1800-01_1000-300x270.jpg 300w, https:\/\/tracingspaces.net\/aufundzu\/wp-content\/uploads\/sites\/10\/2020\/04\/Lebensraum-1800-01_1000-768x691.jpg 768w\" sizes=\"auto, 100vw\" alt=\"\" \/><\/div><\/div>[\/vc_column][vc_column column_padding=&#8220;no-extra-padding&#8220; column_padding_position=&#8220;all&#8220; background_color_opacity=&#8220;1&#8243; background_hover_color_opacity=&#8220;1&#8243; column_shadow=&#8220;none&#8220; column_border_radius=&#8220;none&#8220; width=&#8220;1\/2&#8243; tablet_text_alignment=&#8220;default&#8220; phone_text_alignment=&#8220;default&#8220; column_border_width=&#8220;none&#8220; column_border_style=&#8220;solid&#8220;]<div class=\"img-with-aniamtion-wrap \" data-max-width=\"100%\" data-border-radius=\"none\"><div class=\"inner\"><img loading=\"lazy\" decoding=\"async\" data-shadow=\"none\" data-shadow-direction=\"middle\" class=\"img-with-animation \" data-delay=\"0\" height=\"900\" width=\"1000\" data-animation=\"fade-in\" src=\"https:\/\/tracingspaces.net\/aufundzu\/wp-content\/uploads\/sites\/10\/2020\/04\/Lebensraum-1870-01_1000.jpg\" srcset=\"https:\/\/tracingspaces.net\/aufundzu\/wp-content\/uploads\/sites\/10\/2020\/04\/Lebensraum-1870-01_1000.jpg 1000w, https:\/\/tracingspaces.net\/aufundzu\/wp-content\/uploads\/sites\/10\/2020\/04\/Lebensraum-1870-01_1000-300x270.jpg 300w, https:\/\/tracingspaces.net\/aufundzu\/wp-content\/uploads\/sites\/10\/2020\/04\/Lebensraum-1870-01_1000-768x691.jpg 768w\" sizes=\"auto, 100vw\" alt=\"\" \/><\/div><\/div>[\/vc_column][\/vc_row][vc_row type=&#8220;in_container&#8220; full_screen_row_position=&#8220;middle&#8220; scene_position=&#8220;center&#8220; text_color=&#8220;dark&#8220; text_align=&#8220;left&#8220; overlay_strength=&#8220;0.3&#8243; shape_divider_position=&#8220;bottom&#8220;][vc_column column_padding=&#8220;no-extra-padding&#8220; column_padding_position=&#8220;all&#8220; background_color_opacity=&#8220;1&#8243; background_hover_color_opacity=&#8220;1&#8243; column_shadow=&#8220;none&#8220; column_border_radius=&#8220;none&#8220; width=&#8220;1\/1&#8243; tablet_text_alignment=&#8220;default&#8220; phone_text_alignment=&#8220;default&#8220; column_border_width=&#8220;none&#8220; column_border_style=&#8220;solid&#8220;][vc_column_text]\n<audio class=\"wp-audio-shortcode\" id=\"audio-2-1\" loop autoplay preload=\"none\" style=\"width: 100%;\" controls=\"controls\"><source type=\"audio\/mpeg\" src=\"https:\/\/tracingspaces.net\/aufundzu\/wp-content\/uploads\/sites\/10\/2020\/04\/Fische-in-der-Stadt_v2_mini.mp3?_=1\" \/><a href=\"https:\/\/tracingspaces.net\/aufundzu\/wp-content\/uploads\/sites\/10\/2020\/04\/Fische-in-der-Stadt_v2_mini.mp3\">https:\/\/tracingspaces.net\/aufundzu\/wp-content\/uploads\/sites\/10\/2020\/04\/Fische-in-der-Stadt_v2_mini.mp3<\/a><\/audio>\n[\/vc_column_text]<div class=\"divider-wrap\"><div style=\"height: 20px;\" class=\"divider\"><\/div><\/div>[vc_column_text]<em>Fische in der Stadt<\/em>, der speziell f\u00fcr dieses Projekt komponierte und aufgenommene Titelsong von Matth\u00e4us B\u00e4r, 2020[\/vc_column_text][\/vc_column][\/vc_row]\n","protected":false},"excerpt":{"rendered":"<p>[vc_row type=&#8220;in_container&#8220; full_screen_row_position=&#8220;middle&#8220; scene_position=&#8220;center&#8220; text_color=&#8220;dark&#8220; text_align=&#8220;left&#8220; overlay_strength=&#8220;0.3&#8243; shape_divider_position=&#8220;bottom&#8220;][vc_column column_padding=&#8220;no-extra-padding&#8220; column_padding_position=&#8220;all&#8220; background_color_opacity=&#8220;1&#8243; background_hover_color_opacity=&#8220;1&#8243; column_shadow=&#8220;none&#8220; column_border_radius=&#8220;none&#8220; width=&#8220;1\/1&#8243; tablet_text_alignment=&#8220;default&#8220; phone_text_alignment=&#8220;default&#8220; column_border_width=&#8220;none&#8220; column_border_style=&#8220;solid&#8220;][\/vc_column][\/vc_row][vc_row type=&#8220;in_container&#8220; full_screen_row_position=&#8220;middle&#8220; scene_position=&#8220;center&#8220; text_color=&#8220;dark&#8220; text_align=&#8220;left&#8220; overlay_strength=&#8220;0.3&#8243; shape_divider_position=&#8220;bottom&#8220;][vc_column column_padding=&#8220;no-extra-padding&#8220; column_padding_position=&#8220;all&#8220; background_color_opacity=&#8220;1&#8243; background_hover_color_opacity=&#8220;1&#8243;&#8230;<\/p>\n","protected":false},"author":3,"featured_media":0,"parent":0,"menu_order":0,"comment_status":"closed","ping_status":"closed","template":"","meta":{"footnotes":""},"class_list":["post-2","page","type-page","status-publish"],"_links":{"self":[{"href":"https:\/\/tracingspaces.net\/aufundzu\/wp-json\/wp\/v2\/pages\/2","targetHints":{"allow":["GET"]}}],"collection":[{"href":"https:\/\/tracingspaces.net\/aufundzu\/wp-json\/wp\/v2\/pages"}],"about":[{"href":"https:\/\/tracingspaces.net\/aufundzu\/wp-json\/wp\/v2\/types\/page"}],"author":[{"embeddable":true,"href":"https:\/\/tracingspaces.net\/aufundzu\/wp-json\/wp\/v2\/users\/3"}],"replies":[{"embeddable":true,"href":"https:\/\/tracingspaces.net\/aufundzu\/wp-json\/wp\/v2\/comments?post=2"}],"version-history":[{"count":119,"href":"https:\/\/tracingspaces.net\/aufundzu\/wp-json\/wp\/v2\/pages\/2\/revisions"}],"predecessor-version":[{"id":756,"href":"https:\/\/tracingspaces.net\/aufundzu\/wp-json\/wp\/v2\/pages\/2\/revisions\/756"}],"wp:attachment":[{"href":"https:\/\/tracingspaces.net\/aufundzu\/wp-json\/wp\/v2\/media?parent=2"}],"curies":[{"name":"wp","href":"https:\/\/api.w.org\/{rel}","templated":true}]}}