{"id":107,"date":"2020-02-25T17:09:08","date_gmt":"2020-02-25T16:09:08","guid":{"rendered":"http:\/\/aufundzu.tracingspaces.net\/?page_id=107"},"modified":"2020-06-11T17:21:17","modified_gmt":"2020-06-11T15:21:17","slug":"team-und-mitwirkende","status":"publish","type":"page","link":"https:\/\/tracingspaces.net\/aufundzu\/team-und-mitwirkende\/","title":{"rendered":"Team und Mitwirkende"},"content":{"rendered":"[vc_row type=&#8220;in_container&#8220; full_screen_row_position=&#8220;middle&#8220; scene_position=&#8220;center&#8220; text_color=&#8220;dark&#8220; text_align=&#8220;left&#8220; overlay_strength=&#8220;0.3&#8243; shape_divider_position=&#8220;bottom&#8220;][vc_column column_padding=&#8220;no-extra-padding&#8220; column_padding_position=&#8220;all&#8220; background_color_opacity=&#8220;1&#8243; background_hover_color_opacity=&#8220;1&#8243; column_shadow=&#8220;none&#8220; column_border_radius=&#8220;none&#8220; width=&#8220;1\/1&#8243; tablet_text_alignment=&#8220;default&#8220; phone_text_alignment=&#8220;default&#8220; column_border_width=&#8220;none&#8220; column_border_style=&#8220;solid&#8220;]<div class=\"img-with-aniamtion-wrap \" data-max-width=\"100%\" data-border-radius=\"none\"><div class=\"inner\"><img loading=\"lazy\" decoding=\"async\" data-shadow=\"none\" data-shadow-direction=\"middle\" class=\"img-with-animation \" data-delay=\"0\" height=\"181\" width=\"1920\" data-animation=\"fade-in\" src=\"https:\/\/tracingspaces.net\/aufundzu\/wp-content\/uploads\/sites\/10\/2020\/04\/fischgeschichten_team.png\" srcset=\"https:\/\/tracingspaces.net\/aufundzu\/wp-content\/uploads\/sites\/10\/2020\/04\/fischgeschichten_team.png 1920w, https:\/\/tracingspaces.net\/aufundzu\/wp-content\/uploads\/sites\/10\/2020\/04\/fischgeschichten_team-300x28.png 300w, https:\/\/tracingspaces.net\/aufundzu\/wp-content\/uploads\/sites\/10\/2020\/04\/fischgeschichten_team-1024x97.png 1024w, https:\/\/tracingspaces.net\/aufundzu\/wp-content\/uploads\/sites\/10\/2020\/04\/fischgeschichten_team-768x72.png 768w, https:\/\/tracingspaces.net\/aufundzu\/wp-content\/uploads\/sites\/10\/2020\/04\/fischgeschichten_team-1536x145.png 1536w\" sizes=\"auto, 100vw\" alt=\"\" \/><\/div><\/div>[\/vc_column][\/vc_row][vc_row type=&#8220;in_container&#8220; full_screen_row_position=&#8220;middle&#8220; scene_position=&#8220;center&#8220; text_color=&#8220;dark&#8220; text_align=&#8220;left&#8220; overlay_strength=&#8220;0.3&#8243; shape_divider_position=&#8220;bottom&#8220;][vc_column column_padding=&#8220;no-extra-padding&#8220; column_padding_position=&#8220;all&#8220; background_color_opacity=&#8220;1&#8243; background_hover_color_opacity=&#8220;1&#8243; column_shadow=&#8220;none&#8220; column_border_radius=&#8220;none&#8220; width=&#8220;1\/2&#8243; tablet_text_alignment=&#8220;default&#8220; phone_text_alignment=&#8220;default&#8220; column_border_width=&#8220;none&#8220; column_border_style=&#8220;solid&#8220;]<div class=\"img-with-aniamtion-wrap \" data-max-width=\"100%\" data-border-radius=\"none\"><div class=\"inner\"><img loading=\"lazy\" decoding=\"async\" data-shadow=\"none\" data-shadow-direction=\"middle\" class=\"img-with-animation \" data-delay=\"0\" height=\"2560\" width=\"1828\" data-animation=\"fade-in\" src=\"https:\/\/tracingspaces.net\/aufundzu\/wp-content\/uploads\/sites\/10\/2020\/03\/TracingSpaces_Fisch_33-scaled.jpg\" srcset=\"https:\/\/tracingspaces.net\/aufundzu\/wp-content\/uploads\/sites\/10\/2020\/03\/TracingSpaces_Fisch_33-scaled.jpg 1828w, https:\/\/tracingspaces.net\/aufundzu\/wp-content\/uploads\/sites\/10\/2020\/03\/TracingSpaces_Fisch_33-214x300.jpg 214w, https:\/\/tracingspaces.net\/aufundzu\/wp-content\/uploads\/sites\/10\/2020\/03\/TracingSpaces_Fisch_33-731x1024.jpg 731w, https:\/\/tracingspaces.net\/aufundzu\/wp-content\/uploads\/sites\/10\/2020\/03\/TracingSpaces_Fisch_33-768x1075.jpg 768w, https:\/\/tracingspaces.net\/aufundzu\/wp-content\/uploads\/sites\/10\/2020\/03\/TracingSpaces_Fisch_33-1097x1536.jpg 1097w, https:\/\/tracingspaces.net\/aufundzu\/wp-content\/uploads\/sites\/10\/2020\/03\/TracingSpaces_Fisch_33-1463x2048.jpg 1463w\" sizes=\"auto, 100vw\" alt=\"\" \/><\/div><\/div>[vc_column_text]Wiener Fischer am Nordwestbahnhof, die nach dem Verbleib der Fische suchen, Ausstattung: Theresa Hattinger \u00a9 Foto: Shirin Omran 2020[\/vc_column_text][\/vc_column][vc_column column_padding=&#8220;no-extra-padding&#8220; column_padding_position=&#8220;all&#8220; background_color_opacity=&#8220;1&#8243; background_hover_color_opacity=&#8220;1&#8243; column_shadow=&#8220;none&#8220; column_border_radius=&#8220;none&#8220; width=&#8220;1\/2&#8243; tablet_text_alignment=&#8220;default&#8220; phone_text_alignment=&#8220;default&#8220; column_border_width=&#8220;none&#8220; column_border_style=&#8220;solid&#8220;][vc_column_text]<strong>Team:<\/strong><\/p>\n<p><a href=\"https:\/\/tracingspaces.net\/team\/\" target=\"_blank\" rel=\"noopener noreferrer\">Michael Hieslmair &amp; Michael Zinganel<\/a> arbeiten seit 2005 gemeinsam als K\u00fcnstler, Kuratoren, Kulturwissenschafter und Architekturtheoretiker \u00fcber transnationale Mobilit\u00e4t, Massentourismus und Migration. 2012 gr\u00fcndeten sie die Forschungsplattform Tracing Spaces. Seit 2015 betreiben sie einen Projektraum am Nordwestbahnhof.<\/p>\n<p><a href=\"https:\/\/thehatdesign.com\/\" target=\"_blank\" rel=\"noopener noreferrer\">Theresa Hattinger<\/a> arbeitet als interdisziplin\u00e4re Gestalterin mit den Schwerpunkten Textiles, Typografie und Zeichnung zu politischen und sozio-kulturellen Themen im \u00f6ffentlichen Raum.<\/p>\n<p><a href=\"http:\/\/www.kinderhits.at\/musik\/\" target=\"_blank\" rel=\"noopener noreferrer\">Matth\u00e4us B\u00e4r<\/a> schreibt Texte und Lieder f\u00fcr Kinder und Erwachsene.<\/p>\n<p><strong>Mitwirkende und Leihgeber*innen<br \/>\n<\/strong><\/p>\n<p>Vida Bakondy, Migrationsforscherin<br \/>\nStephan Barasits, Gesch\u00e4ftsf\u00fchrer GMW Gro\u00dfmarkt Wien<br \/>\nSerap Berrakkarasu, Filmemacherin<br \/>\nG\u00f6tz Bury, bildender K\u00fcnstler<br \/>\nPaul Ferstl, Schriftsteller<br \/>\nIsis-Sybille Frisch, Fremdenf\u00fchrerin<br \/>\nChristina Gruber, Hydrobiologin und K\u00fcnstlerin<br \/>\nDeutsches Spielearchiv N\u00fcrnberg<br \/>\nGertrud Haidvogl, Umwelthistorikerin, BOKU Wien<br \/>\nWolfgang Hatvan, Fischer<br \/>\nFriedrich Hauer, Stadtforscher<br \/>\nHeinz Konrad Hummel, Baupolizist und Fischer<br \/>\nRegula Kuenzli, Restauratorin<br \/>\nBirgit Lehner, Erz\u00e4hlerin<br \/>\nWilhelm Leithner, Gesch\u00e4ftsf\u00fchrer TKL, temperaturgef\u00fchrte Lebensmittellogistik<br \/>\nAndreas Nierhaus, Kunsthistoriker und Kurator<br \/>\nNorbert Novak, Redakteur der Verbandszeitschrift &#8222;Der Fischer&#8220;<br \/>\nGustav Schoerghofer, Pater<br \/>\nNorbert Schuster, Fischh\u00e4ndler Eishken Estate<br \/>\nOlivia Spiridon, Literaturwissenschafterin<br \/>\nUrsula Storch, Kunsthistorikerin und Kuratorin<br \/>\nPeter Warum, K\u00fcnstler<br \/>\nWiener Filmarchiv der Arbeiterbewegung<br \/>\nWien Museum<br \/>\nVerband der \u00d6sterreichischen Arbeiter-Fischerei-Vereine<br \/>\nJoanna Zabielska &amp; Bilal Alame, K\u00fcnstler*innen[\/vc_column_text][\/vc_column][\/vc_row][vc_row type=&#8220;in_container&#8220; full_screen_row_position=&#8220;middle&#8220; scene_position=&#8220;center&#8220; text_color=&#8220;dark&#8220; text_align=&#8220;left&#8220; overlay_strength=&#8220;0.3&#8243; shape_divider_position=&#8220;bottom&#8220;][vc_column column_padding=&#8220;no-extra-padding&#8220; column_padding_position=&#8220;all&#8220; background_color_opacity=&#8220;1&#8243; background_hover_color_opacity=&#8220;1&#8243; column_shadow=&#8220;none&#8220; column_border_radius=&#8220;none&#8220; width=&#8220;1\/1&#8243; tablet_text_alignment=&#8220;default&#8220; phone_text_alignment=&#8220;default&#8220; column_border_width=&#8220;none&#8220; column_border_style=&#8220;solid&#8220;][\/vc_column][\/vc_row]\n","protected":false},"excerpt":{"rendered":"<p>[vc_row type=&#8220;in_container&#8220; full_screen_row_position=&#8220;middle&#8220; scene_position=&#8220;center&#8220; text_color=&#8220;dark&#8220; text_align=&#8220;left&#8220; overlay_strength=&#8220;0.3&#8243; shape_divider_position=&#8220;bottom&#8220;][vc_column column_padding=&#8220;no-extra-padding&#8220; column_padding_position=&#8220;all&#8220; background_color_opacity=&#8220;1&#8243; background_hover_color_opacity=&#8220;1&#8243; column_shadow=&#8220;none&#8220; column_border_radius=&#8220;none&#8220; width=&#8220;1\/1&#8243; tablet_text_alignment=&#8220;default&#8220; phone_text_alignment=&#8220;default&#8220; column_border_width=&#8220;none&#8220; column_border_style=&#8220;solid&#8220;][\/vc_column][\/vc_row][vc_row type=&#8220;in_container&#8220; full_screen_row_position=&#8220;middle&#8220; scene_position=&#8220;center&#8220; text_color=&#8220;dark&#8220; text_align=&#8220;left&#8220; overlay_strength=&#8220;0.3&#8243; shape_divider_position=&#8220;bottom&#8220;][vc_column column_padding=&#8220;no-extra-padding&#8220; column_padding_position=&#8220;all&#8220; background_color_opacity=&#8220;1&#8243; background_hover_color_opacity=&#8220;1&#8243;&#8230;<\/p>\n","protected":false},"author":1,"featured_media":0,"parent":0,"menu_order":0,"comment_status":"closed","ping_status":"closed","template":"","meta":{"footnotes":""},"class_list":["post-107","page","type-page","status-publish"],"_links":{"self":[{"href":"https:\/\/tracingspaces.net\/aufundzu\/wp-json\/wp\/v2\/pages\/107","targetHints":{"allow":["GET"]}}],"collection":[{"href":"https:\/\/tracingspaces.net\/aufundzu\/wp-json\/wp\/v2\/pages"}],"about":[{"href":"https:\/\/tracingspaces.net\/aufundzu\/wp-json\/wp\/v2\/types\/page"}],"author":[{"embeddable":true,"href":"https:\/\/tracingspaces.net\/aufundzu\/wp-json\/wp\/v2\/users\/1"}],"replies":[{"embeddable":true,"href":"https:\/\/tracingspaces.net\/aufundzu\/wp-json\/wp\/v2\/comments?post=107"}],"version-history":[{"count":22,"href":"https:\/\/tracingspaces.net\/aufundzu\/wp-json\/wp\/v2\/pages\/107\/revisions"}],"predecessor-version":[{"id":113,"href":"https:\/\/tracingspaces.net\/aufundzu\/wp-json\/wp\/v2\/pages\/107\/revisions\/113"}],"wp:attachment":[{"href":"https:\/\/tracingspaces.net\/aufundzu\/wp-json\/wp\/v2\/media?parent=107"}],"curies":[{"name":"wp","href":"https:\/\/api.w.org\/{rel}","templated":true}]}}